{"id":2473,"date":"2021-11-26T09:19:19","date_gmt":"2021-11-26T09:19:19","guid":{"rendered":"https:\/\/www.compassis.com\/soporte-tdyn-cfd\/"},"modified":"2023-10-25T10:39:36","modified_gmt":"2023-10-25T10:39:36","slug":"tdyn-cfd-support","status":"publish","type":"page","link":"https:\/\/www.compassis.com\/en\/tdyn\/tdyn-cfd-support\/","title":{"rendered":"Tdyn CFD support"},"content":{"rendered":"\n<h3 class=\"wp-block-heading has-text-align-center\" id=\"compass-ofrece-a-sus-clientes-servicio-tecnico-altamente-especializado-manteniendo-la-comunicacion-a-traves-de-diferentes-soportes\">In Compass, we offer to our clients a <strong>highly specialized technical support service<\/strong>, through <strong>different channels<\/strong>.<\/h3>\n\n\n\n<p class=\"has-text-align-center has-azul-enlaces-color has-text-color has-large-font-size\">Have you come up with a proposal, a doubt or an idea when using our software? Contact us!<\/p>\n\n\n\n<div class=\"wp-block-columns alignwide cols-black is-layout-flex wp-container-core-columns-is-layout-9d6595d7 wp-block-columns-is-layout-flex\">\n<div class=\"wp-block-column is-layout-flow wp-block-column-is-layout-flow\">\n<p class=\"has-text-align-right is-style-high-light has-large-font-size\"> All\u00a0<a href=\"https:\/\/www.compassis.com\/en\/software\/dinamica-de-fluidos\/\">Tdyn<\/a>\u00a0installers include PDF and \u00a0<a href=\"https:\/\/www.compassis.com\/manual-tdyn\/\">online manuals<\/a>\u00a0and tutorials <\/p>\n<\/div>\n\n\n\n<div class=\"wp-block-column is-layout-flow wp-block-column-is-layout-flow\">\n<ol class=\"is-style-num-azul has-black-background-color has-background has-medium-font-size wp-block-list\">\n<li><a href=\"https:\/\/www.compassis.com\/downloads\/2021\/11\/Tdyn_Tutorials.pdf\" target=\"_blank\" rel=\"noreferrer noopener\">Tutorials<\/a><\/li>\n\n\n\n<li><a href=\"https:\/\/www.compassis.com\/downloads\/2021\/11\/TutorialsTdyn.zip\" target=\"_blank\" rel=\"noreferrer noopener\">Models for tutorials (.gid)<\/a><\/li>\n\n\n\n<li><a href=\"https:\/\/www.compassis.com\/downloads\/2021\/11\/Tdyn_Theory_Manual.pdf\" target=\"_blank\" rel=\"noreferrer noopener\">Theory manual<\/a><\/li>\n\n\n\n<li><a href=\"https:\/\/www.compassis.com\/downloads\/2021\/11\/Tdyn_Reference_Manual.pdf\" target=\"_blank\" rel=\"noreferrer noopener\">Reference manual<\/a><\/li>\n\n\n\n<li><a href=\"https:\/\/www.compassis.com\/downloads\/2021\/11\/Tdyn_Turbulence_Handbook.pdf\" target=\"_blank\" rel=\"noreferrer noopener\">Turbulence handbook<\/a><\/li>\n\n\n\n<li><a href=\"https:\/\/www.compassis.com\/downloads\/2021\/11\/Tdyn12_Brochure.pdf\" target=\"_blank\" rel=\"noreferrer noopener\">Technical features<\/a><\/li>\n<\/ol>\n<\/div>\n<\/div>\n\n\n\n<div class=\"wp-block-columns alignwide is-layout-flex wp-container-core-columns-is-layout-9d6595d7 wp-block-columns-is-layout-flex\">\n<div class=\"wp-block-column is-layout-flow wp-block-column-is-layout-flow\" style=\"flex-basis:66.66%\">\n<p>VALIDATION AND VERIFICATION MODELS<\/p>\n\n\n\n<ol class=\"wp-block-list\">\n<li><a href=\"https:\/\/www.compassis.com\/downloads\/2021\/11\/Tdyn-ValTest1-Two_dimensional_cavity_flow.pdf\" target=\"_blank\" rel=\"noreferrer noopener\">2D cavity flow<\/a><\/li>\n\n\n\n<li><a href=\"https:\/\/www.compassis.com\/downloads\/2021\/11\/Tdyn-ValTest2-Two_dimensional_flow_behind_a_circular_cylinder.pdf\" target=\"_blank\" rel=\"noreferrer noopener\">2D flow behind a circular cylinder<\/a><\/li>\n\n\n\n<li><a href=\"https:\/\/www.compassis.com\/downloads\/2021\/11\/Tdyn-ValTest3-Incompressible_flow_over_a_NACA_0012_airfoil_profile.pdf\" target=\"_blank\" rel=\"noreferrer noopener\">Flow around a NACA 0012 airfoil profile<\/a><\/li>\n\n\n\n<li><a href=\"https:\/\/www.compassis.com\/downloads\/2021\/11\/Tdyn-ValTest4-Conical_Inviscid_Nozzle.pdf\" target=\"_blank\" rel=\"noreferrer noopener\">Conical inviscid nozzle<\/a><\/li>\n\n\n\n<li><a href=\"https:\/\/www.compassis.com\/downloads\/2021\/11\/Tdyn-ValTest5-Flow_through_porous_media.pdf\" target=\"_blank\" rel=\"noreferrer noopener\">Flow through porous media<\/a><\/li>\n\n\n\n<li><a href=\"https:\/\/www.compassis.com\/downloads\/2021\/11\/Tdyn-ValTest6-Taylor_couette_flow.pdf\" target=\"_blank\" rel=\"noreferrer noopener\">Taylor-Couette flow<\/a><\/li>\n\n\n\n<li><a href=\"https:\/\/www.compassis.com\/downloads\/2021\/11\/Tdyn-ValTest7-Thermal_conductivity_in_a_solid.pdf\" target=\"_blank\" rel=\"noreferrer noopener\">2D thermal analysis<\/a><\/li>\n\n\n\n<li><a href=\"https:\/\/www.compassis.com\/downloads\/2021\/11\/Tdyn-ValTest8-2D_transient_heat_conduction_and_convection.pdf\" target=\"_blank\" rel=\"noreferrer noopener\">2D heat conduction and convection<\/a><\/li>\n\n\n\n<li><a href=\"https:\/\/www.compassis.com\/downloads\/2021\/11\/Tdyn-ValTest9-Transient_heat_conduction_with_heat_generation.pdf\" target=\"_blank\" rel=\"noreferrer noopener\">2D heat conduction with heat generation<\/a><\/li>\n\n\n\n<li><a href=\"https:\/\/www.compassis.com\/downloads\/2021\/11\/Tdyn-ValTest10-Radiation_scattering_in_a_2D_enclosure.pdf\" target=\"_blank\" rel=\"noreferrer noopener\">Radiation scattering in a 2D closure<\/a><\/li>\n\n\n\n<li><a href=\"https:\/\/www.compassis.com\/downloads\/2021\/11\/Tdyn-ValTest11-2D_Green_waters_problem.pdf\" target=\"_blank\" rel=\"noreferrer noopener\">Green waters problem 2D<\/a><\/li>\n<\/ol>\n<\/div>\n\n\n\n<div class=\"wp-block-column is-layout-flow wp-block-column-is-layout-flow\" style=\"flex-basis:33.33%\">\n<h2 class=\"wp-block-heading\" id=\"enlaces\">LINKS<\/h2>\n\n\n\n<ul class=\"wp-block-list\">\n<li><a href=\"https:\/\/www.compassis.com\/downloads\/2021\/11\/Tdyn_ValidationModels_Geoms.zip\" target=\"_blank\" rel=\"noreferrer noopener\">Validation models&#8217; geometries<\/a><\/li>\n\n\n\n<li><a href=\"https:\/\/www.compassis.com\/downloads\/CompassFEM\/Tdyn_ValidationModels\" target=\"_blank\" rel=\"noreferrer noopener\">Validation models<\/a><\/li>\n<\/ul>\n\n\n\n<p><\/p>\n<\/div>\n<\/div>\n\n\n\n<div class=\"wp-block-group alignfull contacto-blanco is-layout-flow wp-block-group-is-layout-flow\">\n<div class=\"wp-block-group alignwide is-layout-flow wp-block-group-is-layout-flow\">\n<h2 class=\"wp-block-heading\">CONTACT<br>WITH COMPASS SUPPORT<\/h2>\n\n\n\n<div class=\"wpcf7 no-js\" id=\"wpcf7-f2306-o1\" lang=\"en-US\" dir=\"ltr\" data-wpcf7-id=\"2306\">\n<div class=\"screen-reader-response\"><p role=\"status\" aria-live=\"polite\" aria-atomic=\"true\"><\/p> <ul><\/ul><\/div>\n<form action=\"\/en\/wp-json\/wp\/v2\/pages\/2473#wpcf7-f2306-o1\" method=\"post\" class=\"wpcf7-form init\" aria-label=\"Contact form\" novalidate=\"novalidate\" data-status=\"init\">\n<fieldset class=\"hidden-fields-container\"><input type=\"hidden\" name=\"_wpcf7\" value=\"2306\" \/><input type=\"hidden\" name=\"_wpcf7_version\" value=\"6.1.5\" \/><input type=\"hidden\" name=\"_wpcf7_locale\" value=\"en_US\" \/><input type=\"hidden\" name=\"_wpcf7_unit_tag\" value=\"wpcf7-f2306-o1\" \/><input type=\"hidden\" name=\"_wpcf7_container_post\" value=\"0\" \/><input type=\"hidden\" name=\"_wpcf7_posted_data_hash\" value=\"\" \/><input type=\"hidden\" name=\"_wpcf7cf_hidden_group_fields\" value=\"[]\" \/><input type=\"hidden\" name=\"_wpcf7cf_hidden_groups\" value=\"[]\" \/><input type=\"hidden\" name=\"_wpcf7cf_visible_groups\" value=\"[]\" \/><input type=\"hidden\" name=\"_wpcf7cf_repeaters\" value=\"[]\" \/><input type=\"hidden\" name=\"_wpcf7cf_steps\" value=\"{}\" \/><input type=\"hidden\" name=\"_wpcf7cf_options\" value=\"{&quot;form_id&quot;:2306,&quot;conditions&quot;:[],&quot;settings&quot;:{&quot;animation&quot;:&quot;yes&quot;,&quot;animation_intime&quot;:200,&quot;animation_outtime&quot;:200,&quot;conditions_ui&quot;:&quot;normal&quot;,&quot;notice_dismissed&quot;:false,&quot;notice_dismissed_rollback-cf7-6.1&quot;:true,&quot;notice_dismissed_rollback-cf7-6.1.2&quot;:true}}\" \/><input type=\"hidden\" name=\"redirect_nonce\" value=\"bc341db384\" \/><input type=\"hidden\" name=\"_wpcf7_recaptcha_response\" value=\"\" \/>\n<\/fieldset>\n<div class=\"wp-block-columns\">\n\t<div class=\"wp-block-column\">\n\t\t<p><label for=\"your-name\" class=\"screen-reader-text\">Name*<\/label><br \/>\n<span class=\"wpcf7-form-control-wrap\" data-name=\"your-name\"><input size=\"40\" maxlength=\"400\" class=\"wpcf7-form-control wpcf7-text wpcf7-validates-as-required\" aria-required=\"true\" aria-invalid=\"false\" placeholder=\"Name\" value=\"\" type=\"text\" name=\"your-name\" \/><\/span><br \/>\n<label for=\"consulta\" class=\"screen-reader-text\"> Query*<\/label><br \/>\n<span class=\"wpcf7-form-control-wrap\" data-name=\"consulta\"><select class=\"wpcf7-form-control wpcf7-select wpcf7-validates-as-required\" aria-required=\"true\" aria-invalid=\"false\" name=\"consulta\"><option value=\"Professional\">Professional<\/option><option value=\"Academic\">Academic<\/option><\/select><\/span><br \/>\n<label for=\"universidad\" class=\"screen-reader-text\"> University<\/label><br \/>\n<span class=\"wpcf7-form-control-wrap\" data-name=\"universidad\"><input size=\"40\" maxlength=\"400\" class=\"wpcf7-form-control wpcf7-text\" aria-invalid=\"false\" placeholder=\"University\" value=\"\" type=\"text\" name=\"universidad\" \/><\/span>\n\t\t<\/p>\n\t<\/div>\n\t<div class=\"wp-block-column\">\n\t\t<p><label for=\"your-email\" class=\"screen-reader-text\">Email*<\/label><br \/>\n<span class=\"wpcf7-form-control-wrap\" data-name=\"your-email\"><input size=\"40\" maxlength=\"400\" class=\"wpcf7-form-control wpcf7-email wpcf7-validates-as-required wpcf7-text wpcf7-validates-as-email\" aria-required=\"true\" aria-invalid=\"false\" placeholder=\"Email\" value=\"\" type=\"email\" name=\"your-email\" \/><\/span><br \/>\n<label for=\"your-company\" class=\"screen-reader-text\">Company*<\/label><br \/>\n<span class=\"wpcf7-form-control-wrap\" data-name=\"your-company\"><input size=\"40\" maxlength=\"400\" class=\"wpcf7-form-control wpcf7-text wpcf7-validates-as-required\" aria-required=\"true\" aria-invalid=\"false\" placeholder=\"Company\" value=\"\" type=\"text\" name=\"your-company\" \/><\/span><br \/>\n<label for=\"your-country\" class=\"screen-reader-text\"> Country*<\/label><br \/>\n<span class=\"wpcf7-form-control-wrap\" data-name=\"your-country\"><input size=\"40\" maxlength=\"400\" class=\"wpcf7-form-control wpcf7-text wpcf7-validates-as-required\" aria-required=\"true\" aria-invalid=\"false\" placeholder=\"Country\" value=\"\" type=\"text\" name=\"your-country\" \/><\/span>\n\t\t<\/p>\n\t<\/div>\n<\/div>\n<p><label for=\"your-message\" class=\"screen-reader-text\">Message<\/label><br \/>\n<span class=\"wpcf7-form-control-wrap\" data-name=\"your-message\"><textarea cols=\"40\" rows=\"4\" maxlength=\"2000\" class=\"wpcf7-form-control wpcf7-textarea wpcf7-validates-as-required\" aria-required=\"true\" aria-invalid=\"false\" placeholder=\"Your message\" name=\"your-message\"><\/textarea><\/span><br \/>\n<span class=\"wpcf7-form-control-wrap\" data-name=\"acepto-rgpd\"><span class=\"wpcf7-form-control wpcf7-acceptance\"><span class=\"wpcf7-list-item\"><label><input type=\"checkbox\" name=\"acepto-rgpd\" value=\"1\" aria-invalid=\"false\" \/><span class=\"wpcf7-list-item-label\">I accept the <a href=\"\/en\/privacy-policy\/\">privacy policy<\/a><\/span><\/label><\/span><\/span><\/span>\n<\/p>\n<p style=\"text-align:center\"><input class=\"wpcf7-form-control wpcf7-submit has-spinner\" type=\"submit\" value=\"Send\" \/>\n<\/p><div class=\"wpcf7-response-output\" aria-hidden=\"true\"><\/div>\n<\/form>\n<\/div>\n\n<\/div>\n<\/div>\n","protected":false},"excerpt":{"rendered":"<p>In Compass, we offer to our clients a highly specialized technical support service, through different channels. Have you come up with a proposal, a doubt&hellip; <a class=\"more-link\" href=\"https:\/\/www.compassis.com\/en\/tdyn\/tdyn-cfd-support\/\">Continue reading <span class=\"screen-reader-text\">Tdyn CFD support<\/span><\/a><\/p>\n","protected":false},"author":7,"featured_media":1888,"parent":3975,"menu_order":0,"comment_status":"closed","ping_status":"closed","template":"","meta":{"footnotes":""},"class_list":["post-2473","page","type-page","status-publish","has-post-thumbnail","hentry","entry"],"yoast_head":"<!-- This site is optimized with the Yoast SEO plugin v27.2 - https:\/\/yoast.com\/product\/yoast-seo-wordpress\/ -->\n<title>Tdyn CFD support - Consultancy for design in engineering<\/title>\n<meta name=\"description\" content=\"Ofrecemos a los clientes servicio t\u00e9cnico de soporte para aprovechar el potencial del software Tdyn CFD de c\u00e1lculo de din\u00e1mica de fluidos\" \/>\n<meta name=\"robots\" content=\"index, follow, max-snippet:-1, max-image-preview:large, max-video-preview:-1\" \/>\n<link rel=\"canonical\" href=\"https:\/\/www.compassis.com\/en\/tdyn\/tdyn-cfd-support\/\" \/>\n<meta property=\"og:locale\" content=\"en_US\" \/>\n<meta property=\"og:type\" content=\"article\" \/>\n<meta property=\"og:title\" content=\"Tdyn CFD support - Consultancy for design in engineering\" \/>\n<meta property=\"og:description\" content=\"Ofrecemos a los clientes servicio t\u00e9cnico de soporte para aprovechar el potencial del software Tdyn CFD de c\u00e1lculo de din\u00e1mica de fluidos\" \/>\n<meta property=\"og:url\" content=\"https:\/\/www.compassis.com\/en\/tdyn\/tdyn-cfd-support\/\" \/>\n<meta property=\"og:site_name\" content=\"Consultancy for design in engineering\" \/>\n<meta property=\"article:modified_time\" content=\"2023-10-25T10:39:36+00:00\" \/>\n<meta property=\"og:image\" content=\"https:\/\/www.compassis.com\/downloads\/2022\/02\/soporte-header.jpg\" \/>\n\t<meta property=\"og:image:width\" content=\"1920\" \/>\n\t<meta property=\"og:image:height\" content=\"447\" \/>\n\t<meta property=\"og:image:type\" content=\"image\/jpeg\" \/>\n<meta name=\"twitter:card\" content=\"summary_large_image\" \/>\n<meta name=\"twitter:label1\" content=\"Est. reading time\" \/>\n\t<meta name=\"twitter:data1\" content=\"1 minute\" \/>\n<script type=\"application\/ld+json\" class=\"yoast-schema-graph\">{\"@context\":\"https:\/\/schema.org\",\"@graph\":[{\"@type\":\"WebPage\",\"@id\":\"https:\/\/www.compassis.com\/en\/tdyn\/tdyn-cfd-support\/\",\"url\":\"https:\/\/www.compassis.com\/en\/tdyn\/tdyn-cfd-support\/\",\"name\":\"Tdyn CFD support - Consultancy for design in engineering\",\"isPartOf\":{\"@id\":\"https:\/\/www.compassis.com\/en\/#website\"},\"primaryImageOfPage\":{\"@id\":\"https:\/\/www.compassis.com\/en\/tdyn\/tdyn-cfd-support\/#primaryimage\"},\"image\":{\"@id\":\"https:\/\/www.compassis.com\/en\/tdyn\/tdyn-cfd-support\/#primaryimage\"},\"thumbnailUrl\":\"https:\/\/www.compassis.com\/downloads\/2022\/02\/soporte-header.jpg\",\"datePublished\":\"2021-11-26T09:19:19+00:00\",\"dateModified\":\"2023-10-25T10:39:36+00:00\",\"description\":\"Ofrecemos a los clientes servicio t\u00e9cnico de soporte para aprovechar el potencial del software Tdyn CFD de c\u00e1lculo de din\u00e1mica de fluidos\",\"breadcrumb\":{\"@id\":\"https:\/\/www.compassis.com\/en\/tdyn\/tdyn-cfd-support\/#breadcrumb\"},\"inLanguage\":\"en-US\",\"potentialAction\":[{\"@type\":\"ReadAction\",\"target\":[\"https:\/\/www.compassis.com\/en\/tdyn\/tdyn-cfd-support\/\"]}]},{\"@type\":\"ImageObject\",\"inLanguage\":\"en-US\",\"@id\":\"https:\/\/www.compassis.com\/en\/tdyn\/tdyn-cfd-support\/#primaryimage\",\"url\":\"https:\/\/www.compassis.com\/downloads\/2022\/02\/soporte-header.jpg\",\"contentUrl\":\"https:\/\/www.compassis.com\/downloads\/2022\/02\/soporte-header.jpg\",\"width\":1920,\"height\":447,\"caption\":\"Soprte Compass software Tdyn\"},{\"@type\":\"BreadcrumbList\",\"@id\":\"https:\/\/www.compassis.com\/en\/tdyn\/tdyn-cfd-support\/#breadcrumb\",\"itemListElement\":[{\"@type\":\"ListItem\",\"position\":1,\"name\":\"Home\",\"item\":\"https:\/\/www.compassis.com\/en\/\"},{\"@type\":\"ListItem\",\"position\":2,\"name\":\"Tdyn\",\"item\":\"https:\/\/www.compassis.com\/en\/tdyn\/\"},{\"@type\":\"ListItem\",\"position\":3,\"name\":\"Tdyn CFD support\"}]},{\"@type\":\"WebSite\",\"@id\":\"https:\/\/www.compassis.com\/en\/#website\",\"url\":\"https:\/\/www.compassis.com\/en\/\",\"name\":\"Consultancy for design in engineering\",\"description\":\"Ingenier\u00eda y Sistemas\",\"publisher\":{\"@id\":\"https:\/\/www.compassis.com\/en\/#organization\"},\"potentialAction\":[{\"@type\":\"SearchAction\",\"target\":{\"@type\":\"EntryPoint\",\"urlTemplate\":\"https:\/\/www.compassis.com\/en\/?s={search_term_string}\"},\"query-input\":{\"@type\":\"PropertyValueSpecification\",\"valueRequired\":true,\"valueName\":\"search_term_string\"}}],\"inLanguage\":\"en-US\"},{\"@type\":\"Organization\",\"@id\":\"https:\/\/www.compassis.com\/en\/#organization\",\"name\":\"Compass\",\"url\":\"https:\/\/www.compassis.com\/en\/\",\"logo\":{\"@type\":\"ImageObject\",\"inLanguage\":\"en-US\",\"@id\":\"https:\/\/www.compassis.com\/en\/#\/schema\/logo\/image\/\",\"url\":\"https:\/\/www.compassis.com\/downloads\/2022\/07\/COMPASS_logo_Tdyn_Icono_256x.png\",\"contentUrl\":\"https:\/\/www.compassis.com\/downloads\/2022\/07\/COMPASS_logo_Tdyn_Icono_256x.png\",\"width\":256,\"height\":256,\"caption\":\"Compass\"},\"image\":{\"@id\":\"https:\/\/www.compassis.com\/en\/#\/schema\/logo\/image\/\"},\"sameAs\":[\"https:\/\/www.linkedin.com\/company\/1264339\/admin\/\"]}]}<\/script>\n<!-- \/ Yoast SEO plugin. -->","yoast_head_json":{"title":"Tdyn CFD support - Consultancy for design in engineering","description":"Ofrecemos a los clientes servicio t\u00e9cnico de soporte para aprovechar el potencial del software Tdyn CFD de c\u00e1lculo de din\u00e1mica de fluidos","robots":{"index":"index","follow":"follow","max-snippet":"max-snippet:-1","max-image-preview":"max-image-preview:large","max-video-preview":"max-video-preview:-1"},"canonical":"https:\/\/www.compassis.com\/en\/tdyn\/tdyn-cfd-support\/","og_locale":"en_US","og_type":"article","og_title":"Tdyn CFD support - Consultancy for design in engineering","og_description":"Ofrecemos a los clientes servicio t\u00e9cnico de soporte para aprovechar el potencial del software Tdyn CFD de c\u00e1lculo de din\u00e1mica de fluidos","og_url":"https:\/\/www.compassis.com\/en\/tdyn\/tdyn-cfd-support\/","og_site_name":"Consultancy for design in engineering","article_modified_time":"2023-10-25T10:39:36+00:00","og_image":[{"width":1920,"height":447,"url":"https:\/\/www.compassis.com\/downloads\/2022\/02\/soporte-header.jpg","type":"image\/jpeg"}],"twitter_card":"summary_large_image","twitter_misc":{"Est. reading time":"1 minute"},"schema":{"@context":"https:\/\/schema.org","@graph":[{"@type":"WebPage","@id":"https:\/\/www.compassis.com\/en\/tdyn\/tdyn-cfd-support\/","url":"https:\/\/www.compassis.com\/en\/tdyn\/tdyn-cfd-support\/","name":"Tdyn CFD support - Consultancy for design in engineering","isPartOf":{"@id":"https:\/\/www.compassis.com\/en\/#website"},"primaryImageOfPage":{"@id":"https:\/\/www.compassis.com\/en\/tdyn\/tdyn-cfd-support\/#primaryimage"},"image":{"@id":"https:\/\/www.compassis.com\/en\/tdyn\/tdyn-cfd-support\/#primaryimage"},"thumbnailUrl":"https:\/\/www.compassis.com\/downloads\/2022\/02\/soporte-header.jpg","datePublished":"2021-11-26T09:19:19+00:00","dateModified":"2023-10-25T10:39:36+00:00","description":"Ofrecemos a los clientes servicio t\u00e9cnico de soporte para aprovechar el potencial del software Tdyn CFD de c\u00e1lculo de din\u00e1mica de fluidos","breadcrumb":{"@id":"https:\/\/www.compassis.com\/en\/tdyn\/tdyn-cfd-support\/#breadcrumb"},"inLanguage":"en-US","potentialAction":[{"@type":"ReadAction","target":["https:\/\/www.compassis.com\/en\/tdyn\/tdyn-cfd-support\/"]}]},{"@type":"ImageObject","inLanguage":"en-US","@id":"https:\/\/www.compassis.com\/en\/tdyn\/tdyn-cfd-support\/#primaryimage","url":"https:\/\/www.compassis.com\/downloads\/2022\/02\/soporte-header.jpg","contentUrl":"https:\/\/www.compassis.com\/downloads\/2022\/02\/soporte-header.jpg","width":1920,"height":447,"caption":"Soprte Compass software Tdyn"},{"@type":"BreadcrumbList","@id":"https:\/\/www.compassis.com\/en\/tdyn\/tdyn-cfd-support\/#breadcrumb","itemListElement":[{"@type":"ListItem","position":1,"name":"Home","item":"https:\/\/www.compassis.com\/en\/"},{"@type":"ListItem","position":2,"name":"Tdyn","item":"https:\/\/www.compassis.com\/en\/tdyn\/"},{"@type":"ListItem","position":3,"name":"Tdyn CFD support"}]},{"@type":"WebSite","@id":"https:\/\/www.compassis.com\/en\/#website","url":"https:\/\/www.compassis.com\/en\/","name":"Consultancy for design in engineering","description":"Ingenier\u00eda y Sistemas","publisher":{"@id":"https:\/\/www.compassis.com\/en\/#organization"},"potentialAction":[{"@type":"SearchAction","target":{"@type":"EntryPoint","urlTemplate":"https:\/\/www.compassis.com\/en\/?s={search_term_string}"},"query-input":{"@type":"PropertyValueSpecification","valueRequired":true,"valueName":"search_term_string"}}],"inLanguage":"en-US"},{"@type":"Organization","@id":"https:\/\/www.compassis.com\/en\/#organization","name":"Compass","url":"https:\/\/www.compassis.com\/en\/","logo":{"@type":"ImageObject","inLanguage":"en-US","@id":"https:\/\/www.compassis.com\/en\/#\/schema\/logo\/image\/","url":"https:\/\/www.compassis.com\/downloads\/2022\/07\/COMPASS_logo_Tdyn_Icono_256x.png","contentUrl":"https:\/\/www.compassis.com\/downloads\/2022\/07\/COMPASS_logo_Tdyn_Icono_256x.png","width":256,"height":256,"caption":"Compass"},"image":{"@id":"https:\/\/www.compassis.com\/en\/#\/schema\/logo\/image\/"},"sameAs":["https:\/\/www.linkedin.com\/company\/1264339\/admin\/"]}]}},"_links":{"self":[{"href":"https:\/\/www.compassis.com\/en\/wp-json\/wp\/v2\/pages\/2473","targetHints":{"allow":["GET"]}}],"collection":[{"href":"https:\/\/www.compassis.com\/en\/wp-json\/wp\/v2\/pages"}],"about":[{"href":"https:\/\/www.compassis.com\/en\/wp-json\/wp\/v2\/types\/page"}],"author":[{"embeddable":true,"href":"https:\/\/www.compassis.com\/en\/wp-json\/wp\/v2\/users\/7"}],"replies":[{"embeddable":true,"href":"https:\/\/www.compassis.com\/en\/wp-json\/wp\/v2\/comments?post=2473"}],"version-history":[{"count":8,"href":"https:\/\/www.compassis.com\/en\/wp-json\/wp\/v2\/pages\/2473\/revisions"}],"predecessor-version":[{"id":4056,"href":"https:\/\/www.compassis.com\/en\/wp-json\/wp\/v2\/pages\/2473\/revisions\/4056"}],"up":[{"embeddable":true,"href":"https:\/\/www.compassis.com\/en\/wp-json\/wp\/v2\/pages\/3975"}],"wp:featuredmedia":[{"embeddable":true,"href":"https:\/\/www.compassis.com\/en\/wp-json\/wp\/v2\/media\/1888"}],"wp:attachment":[{"href":"https:\/\/www.compassis.com\/en\/wp-json\/wp\/v2\/media?parent=2473"}],"curies":[{"name":"wp","href":"https:\/\/api.w.org\/{rel}","templated":true}]}}