{"id":2298,"date":"2021-12-02T08:36:55","date_gmt":"2021-12-02T08:36:55","guid":{"rendered":"https:\/\/www.compassis.com\/software\/descargar-software\/"},"modified":"2025-07-23T10:33:22","modified_gmt":"2025-07-23T10:33:22","slug":"software-download","status":"publish","type":"page","link":"https:\/\/www.compassis.com\/en\/software-download\/","title":{"rendered":"Software download"},"content":{"rendered":"\n<div class=\"wp-block-columns alignwide tres-cols-ico-text has-fondo-claro-2-background-color has-background is-layout-flex wp-container-core-columns-is-layout-9d6595d7 wp-block-columns-is-layout-flex\">\n<div class=\"wp-block-column is-layout-flow wp-block-column-is-layout-flow\">\n<figure class=\"wp-block-image aligncenter size-full is-resized\"><img fetchpriority=\"high\" decoding=\"async\" width=\"350\" height=\"349\" src=\"https:\/\/www.compassis.com\/downloads\/2021\/12\/windows-logo.png\" alt=\"Logo Windows\" class=\"wp-image-997\" style=\"width:101px;height:101px\" srcset=\"https:\/\/www.compassis.com\/downloads\/2021\/12\/windows-logo.png 350w, https:\/\/www.compassis.com\/downloads\/2021\/12\/windows-logo-300x300.png 300w, https:\/\/www.compassis.com\/downloads\/2021\/12\/windows-logo-150x150.png 150w\" sizes=\"(max-width: 350px) 100vw, 350px\" \/><\/figure>\n\n\n\n<p class=\"has-text-align-center\"><strong>Windows 11 \/ 10 \/ 8 \/ 7 \/ Vista \/ XP<\/strong><\/p>\n\n\n\n<h3 class=\"wp-block-heading\">Tdyn<\/h3>\n\n\n\n<ul class=\"wp-block-list\">\n<li><strong>Official Version 16.6.2<\/strong> (Windows 64 bits):\n<ul class=\"wp-block-list\">\n<li><a href=\"https:\/\/www.compassis.com\/downloads\/CompassFEM\/setup-Tdyn16.6.2-windows-x64.exe\">Tdyn CFD+HT\/SeaFEM\/RamSeries (256 MB)<\/a><\/li>\n\n\n\n<li><a href=\"https:\/\/www.compassis.com\/en\/software\/tdyn-releases-notes\/\">News in Version<\/a><\/li>\n<\/ul>\n<\/li>\n<\/ul>\n\n\n\n<a name=\"openfast_download\"><\/a>\n\n\n\n<ul class=\"wp-block-list\">\n<li><strong>Older versions:<\/strong>\n<ul class=\"wp-block-list\">\n<li><a href=\"https:\/\/www.compassis.com\/downloads\/CompassFEM\/old_downloads\">Download previous versions<\/a><span style=\"background-color: rgba(0, 0, 0, 0.2); font-family: var(--list--font-family); color: var(--global--color-primary); font-size: var(--global--font-size-base);\"> <\/span><\/li>\n<\/ul>\n<\/li>\n<\/ul>\n\n\n\n<a name=\"eseafem_download\"><\/a>\n\n\n\n<ul class=\"wp-block-list\">\n<li><strong>Libraries:<\/strong>\n<ul class=\"wp-block-list\">\n<li><a href=\"https:\/\/www.compassis.com\/downloads\/CompassFEM\/OpenFAST.zip\">Download OpenFAST<\/a><\/li>\n\n\n\n<li><a href=\"https:\/\/www.nrel.gov\/wind\/nwtc\/openfast\" target=\"_blank\" rel=\"noreferrer noopener\">OpenFAST support page<\/a><\/li>\n<\/ul>\n<\/li>\n<\/ul>\n\n\n\n<h3 class=\"wp-block-heading\">E-SeaFEM<\/h3>\n\n\n\n<p><a name=\"windtunnel_download\"><\/a><\/p>\n\n\n\n<ul class=\"wp-block-list\">\n<li><strong>Beta version 1.0.0 Beta2<\/strong> (Windows (64 bits)\n<ul class=\"wp-block-list\">\n<li><a href=\"https:\/\/www.compassis.com\/downloads\/ESeaFEM\/setup-ESeaFEM1.0.0-beta2-windows-x64.exe\">E-SeaFEM installer (265 MB)<\/a><\/li>\n<\/ul>\n<\/li>\n<\/ul>\n\n\n\n<h3 class=\"wp-block-heading\">Tdyn Wind Tunnel<\/h3>\n\n\n\n<p><a name=\"spreaddem_download\"><\/a><\/p>\n\n\n\n<ul class=\"wp-block-list\">\n<li><strong>Official version 1.0.0&nbsp;(<\/strong>Windows 64 bits)\n<ul class=\"wp-block-list\">\n<li><a href=\"https:\/\/www.compassis.com\/downloads\/WindTunnel\/setup-TdynWindTunnel1.0.0-windows-x64.exe\">Tdyn Wind Tunnel installer (262 MB)<\/a><\/li>\n\n\n\n<li><a href=\"https:\/\/www.compassis.com\/en\/wind-tunnel-rhino-plugin\/tdyn-wind-tunnel-releases\/\">News in Version<\/a><\/li>\n\n\n\n<li><a href=\"https:\/\/www.compassis.com\/downloads\/WindTunnel\/\">Download previous versions<\/a><\/li>\n<\/ul>\n<\/li>\n<\/ul>\n\n\n\n<h3 class=\"wp-block-heading\">SpreadDEM<\/h3>\n\n\n\n<ul class=\"wp-block-list\">\n<li><strong>Official version 2.4<\/strong> (Windows)\n<ul class=\"wp-block-list\">\n<li><a href=\"https:\/\/www.compassis.com\/downloads\/SpreadDEM\/SpreadDEM2.4.exe\">SpreadDEM installer (94 MB)<\/a><\/li>\n<\/ul>\n<\/li>\n<\/ul>\n\n\n\n<h3 class=\"wp-block-heading\">Ramdebugger<\/h3>\n\n\n\n<ul class=\"wp-block-list\">\n<li><strong>RamDebugger:<\/strong>\n<ul class=\"wp-block-list\">\n<li><a href=\"https:\/\/www.compassis.com\/downloads\/Ramdebugger\/\">Download RamDebugger<\/a><\/li>\n<\/ul>\n<\/li>\n<\/ul>\n<\/div>\n\n\n\n<div class=\"wp-block-column is-layout-flow wp-block-column-is-layout-flow\">\n<figure class=\"wp-block-image aligncenter size-full is-resized\"><img decoding=\"async\" width=\"512\" height=\"512\" src=\"https:\/\/www.compassis.com\/downloads\/2021\/12\/logo-linux_1.png\" alt=\"Logo Linux\" class=\"wp-image-1004\" style=\"width:101px;height:101px\" srcset=\"https:\/\/www.compassis.com\/downloads\/2021\/12\/logo-linux_1.png 512w, https:\/\/www.compassis.com\/downloads\/2021\/12\/logo-linux_1-300x300.png 300w, https:\/\/www.compassis.com\/downloads\/2021\/12\/logo-linux_1-150x150.png 150w\" sizes=\"(max-width: 512px) 100vw, 512px\" \/><\/figure>\n\n\n\n<p class=\"has-text-align-center\"><strong>UNIX and Linux systems<\/strong><br><em>Official current version: 14.0.0<\/em><\/p>\n\n\n\n<ul class=\"wp-block-list\">\n<li><strong>Linux 64 bits<\/strong>\n<ul class=\"wp-block-list\">\n<li><a href=\"https:\/\/www.compassis.com\/downloads\/CompassFEM\/tdyn_14.0.0-1_amd64.deb\">Tdyn_SeaFEM_Linux.deb (211 MB)<\/a><\/li>\n\n\n\n<li><a href=\"https:\/\/www.compassis.com\/downloads\/CompassFEM\/ramseries_14.0.0-1_amd64.deb\">RamSeries_Linux.deb (211 MB)<\/a><\/li>\n<\/ul>\n<\/li>\n<\/ul>\n\n\n\n<p><strong>Compressed packages<\/strong> of the software can also be downloaded through the following links:<\/p>\n\n\n\n<ul class=\"wp-block-list\">\n<li><a href=\"https:\/\/www.compassis.com\/downloads\/CompassFEM\/tdyn14.0.0-linux_amd64.tar.gz\">Tdyn_SeaFEM_Linux.tar.gz (263 MB)<\/a><\/li>\n\n\n\n<li><a href=\"https:\/\/www.compassis.com\/downloads\/CompassFEM\/ramseries14.0.0-linux_amd64.tar.gz\">RamSeries_Linux.tar.gz (263 MB)<\/a><\/li>\n<\/ul>\n\n\n\n<p>These are Debian installers which will guide you through the installation of&nbsp;<a href=\"\/en\/?page_id=2295\">Tdyn CFD+HT<\/a>,&nbsp;<a href=\"https:\/\/www.compassis.com\/software\/analisis-estructural-ram-series\/\">Tdyn RamSeries<\/a>&nbsp;and&nbsp;<a href=\"https:\/\/www.compassis.com\/software\/comportamiento-en-la-mar-seafem\/\">Tdyn SeaFEM<\/a>. They can also be used in other Debian-based distributions, as Ubuntu and others.<br>If using the graphic interface for installing, just need to double-click the package to launch the installation.<\/p>\n\n\n\n<p>In order to install&nbsp;<a href=\"https:\/\/www.compassis.com\/en\/software\/fluid-dynamics-tdyn-cfdht\/\">Tdyn CFD+HT<\/a>,&nbsp;<a href=\"https:\/\/www.compassis.com\/en\/software\/structural-analysis-tdyn-ramseries\/\">Tdyn RamSeries<\/a>&nbsp;y&nbsp;<a href=\"https:\/\/www.compassis.com\/en\/software\/seakeeping-tdyn-seafem\/\">Tdyn SeaFEM<\/a>&nbsp;by means of the command line, start the session as root and use the command&nbsp;<em>dpkg -i filename.deb.<\/em><\/p>\n\n\n\n<p><strong>Beta version:<\/strong><\/p>\n\n\n\n<ul class=\"wp-block-list\">\n<li><a href=\"https:\/\/www.compassis.com\/downloads\/CompassFEM\/beta_versions_downloads\/\">Download developer version<\/a><\/li>\n<\/ul>\n<\/div>\n<\/div>\n\n\n\n<h3 class=\"wp-block-heading has-text-align-center\" id=\"otros-sistemas-operativoscontacta-con-nosotros-a-traves-de-nuestro-formulario-de-contacto\"><mark style=\"background-color:rgba(0, 0, 0, 0)\" class=\"has-inline-color has-azul-enlaces-color\">Other operating systems:<\/mark><br>Contact us through our <a href=\"https:\/\/www.compassis.com\/en\/contact\/\">contact form<\/a>.<\/h3>\n\n\n\n<h3 class=\"wp-block-heading\" id=\"notas\">Notes:<\/h3>\n\n\n\n<p>Download version is free, but limited in the number of nodes of the mesh.<\/p>\n\n\n\n<p>If you wish to fully evaluate the software with all its capabilities available we provide a <a href=\"https:\/\/www.compassis.com\/en\/password-generator\/\">30 days temporary password.<\/a><\/p>\n\n\n\n<div class=\"wp-block-buttons is-horizontal is-content-justification-center is-layout-flex wp-container-core-buttons-is-layout-499968f5 wp-block-buttons-is-layout-flex\">\n<div class=\"wp-block-button is-style-outline is-style-outline--1\"><a class=\"wp-block-button__link wp-element-button\" href=\"https:\/\/www.compassis.com\/en\/password-generator\/\">Generate password<\/a><\/div>\n<\/div>\n\n\n\n<p><a href=\"\/en\/?page_id=2295\">Tdyn<\/a>&nbsp;installers include the complete simulation package, including simulation modules <a href=\"https:\/\/www.compassis.com\/en\/software\/fluid-dynamics-tdyn-cfdht\/\">Tdyn CFD+HT<\/a>,&nbsp;<a href=\"https:\/\/www.compassis.com\/software\/analisis-estructural\/\">Tdyn<\/a><a href=\"https:\/\/www.compassis.com\/en\/software\/analisis-estructural-ram-series\/\"> <\/a><a href=\"https:\/\/www.compassis.com\/en\/software\/structural-analysis-tdyn-ramseries\/\">RamSeries<\/a>&nbsp;and&nbsp;<a href=\"https:\/\/www.compassis.com\/en\/software\/seakeeping-tdyn-seafem\/\">Tdyn SeaFEM<\/a>. The different simulation options can be selected through the <em>Type of simulation<\/em>&nbsp;in the&nbsp;<em>Initial data window<\/em>.<\/p>\n\n\n\n<div class=\"wp-block-columns alignwide tres-cols-ico-text has-fondo-claro-2-background-color has-background is-layout-flex wp-container-core-columns-is-layout-9d6595d7 wp-block-columns-is-layout-flex\">\n<div class=\"wp-block-column is-layout-flow wp-block-column-is-layout-flow\">\n<p class=\"has-text-align-center\"><strong>Calculation capacity<\/strong><\/p>\n\n\n\n<p>Take advantage of the new&nbsp;<strong>GPU calculation capacities<\/strong> of our software and <strong>download<\/strong>&nbsp;the following&nbsp;<strong>GPU support packages<\/strong>.<br>Each package contains a text file with instructions for installation (README.txt).<\/p>\n\n\n\n<ul class=\"wp-block-list\">\n<li><strong><a href=\"https:\/\/www.compassis.com\/downloads\/CompassFEM\/GPU_Support_libs_Win32.zip\">GPU support package (Win32)<\/a><\/strong><\/li>\n\n\n\n<li><strong><a href=\"https:\/\/www.compassis.com\/downloads\/CompassFEM\/GPU_Support_libs_x64.zip\">GPU support package (x64)<\/a><\/strong><\/li>\n<\/ul>\n<\/div>\n\n\n\n<div class=\"wp-block-column is-layout-flow wp-block-column-is-layout-flow\">\n<p class=\"has-text-align-center\"><strong>Pre\/postproceso GiD<\/strong><\/p>\n\n\n\n<p><\/p>\n\n\n\n<p><strong>Find more info about GiD pre\/post processor and mesher<\/strong> environment included in our softwore:&nbsp;<strong><a href=\"http:\/\/www.gidhome.com\/\" target=\"_blank\" rel=\"noreferrer noopener\">GiD webpage<\/a>&nbsp;.<\/strong><\/p>\n<\/div>\n\n\n\n<div class=\"wp-block-column is-layout-flow wp-block-column-is-layout-flow\">\n<p class=\"has-text-align-center\"><strong>Minimum requirements<\/strong><\/p>\n\n\n\n<ul class=\"wp-block-list\">\n<li>System:\n<ul class=\"wp-block-list\">\n<li>Windows XP\/Vista\/7\/8<\/li>\n\n\n\n<li>Linux, Kernel version 2.0.30 or more (32\/64 bit)<\/li>\n<\/ul>\n<\/li>\n\n\n\n<li>2 GB RAM<\/li>\n\n\n\n<li>500 MB hard drive<\/li>\n\n\n\n<li>Any graphic card with OpenGL acceleration (over 500 MB RAM recommended)<\/li>\n<\/ul>\n<\/div>\n\n\n\n<div class=\"wp-block-column is-layout-flow wp-block-column-is-layout-flow\">\n<p class=\"has-text-align-center\"><strong>News in version<\/strong><\/p>\n\n\n\n<p>The official version includes several important updates:<\/p>\n\n\n\n<ul class=\"wp-block-list\">\n<li><a href=\"https:\/\/www.compassis.com\/software\/notas-de-la-version-tdyn\/\">News in version<\/a><\/li>\n<\/ul>\n\n\n\n<p class=\"has-text-align-center\"><strong>Older versions<\/strong><\/p>\n\n\n\n<p>Download previous versions of the sofware, from our <a href=\"https:\/\/www.compassis.com\/downloads\/CompassFEM\/old_downloads\/\">old versions repository<\/a><\/p>\n<\/div>\n<\/div>\n\n\n\n<p><\/p>\n","protected":false},"excerpt":{"rendered":"<p>Windows 11 \/ 10 \/ 8 \/ 7 \/ Vista \/ XP Tdyn E-SeaFEM Tdyn Wind Tunnel SpreadDEM Ramdebugger UNIX and Linux systemsOfficial current version:&hellip; <a class=\"more-link\" href=\"https:\/\/www.compassis.com\/en\/software-download\/\">Continue reading <span class=\"screen-reader-text\">Software download<\/span><\/a><\/p>\n","protected":false},"author":7,"featured_media":1899,"parent":0,"menu_order":0,"comment_status":"closed","ping_status":"closed","template":"","meta":{"footnotes":""},"class_list":["post-2298","page","type-page","status-publish","has-post-thumbnail","hentry","entry"],"yoast_head":"<!-- This site is optimized with the Yoast SEO plugin v27.2 - https:\/\/yoast.com\/product\/yoast-seo-wordpress\/ -->\n<title>Software download - Consultancy for design in engineering<\/title>\n<meta name=\"description\" content=\"Descarga nuestro software para simulaci\u00f3n multif\u00edsica, c\u00e1lculo estructural y an\u00e1lisis del comportamiento en la mar. Versi\u00f3n libre limitada en nodos\" \/>\n<meta name=\"robots\" content=\"index, follow, max-snippet:-1, max-image-preview:large, max-video-preview:-1\" \/>\n<link rel=\"canonical\" href=\"https:\/\/www.compassis.com\/en\/software-download\/\" \/>\n<meta property=\"og:locale\" content=\"en_US\" \/>\n<meta property=\"og:type\" content=\"article\" \/>\n<meta property=\"og:title\" content=\"Software download - Consultancy for design in engineering\" \/>\n<meta property=\"og:description\" content=\"Descarga nuestro software para simulaci\u00f3n multif\u00edsica, c\u00e1lculo estructural y an\u00e1lisis del comportamiento en la mar. Versi\u00f3n libre limitada en nodos\" \/>\n<meta property=\"og:url\" content=\"https:\/\/www.compassis.com\/en\/software-download\/\" \/>\n<meta property=\"og:site_name\" content=\"Consultancy for design in engineering\" \/>\n<meta property=\"article:modified_time\" content=\"2025-07-23T10:33:22+00:00\" \/>\n<meta property=\"og:image\" content=\"https:\/\/www.compassis.com\/downloads\/2022\/02\/descargas-header.jpg\" \/>\n\t<meta property=\"og:image:width\" content=\"1920\" \/>\n\t<meta property=\"og:image:height\" content=\"447\" \/>\n\t<meta property=\"og:image:type\" content=\"image\/jpeg\" \/>\n<meta name=\"twitter:card\" content=\"summary_large_image\" \/>\n<meta name=\"twitter:label1\" content=\"Est. reading time\" \/>\n\t<meta name=\"twitter:data1\" content=\"3 minutes\" \/>\n<script type=\"application\/ld+json\" class=\"yoast-schema-graph\">{\"@context\":\"https:\/\/schema.org\",\"@graph\":[{\"@type\":\"WebPage\",\"@id\":\"https:\/\/www.compassis.com\/en\/software-download\/\",\"url\":\"https:\/\/www.compassis.com\/en\/software-download\/\",\"name\":\"Software download - Consultancy for design in engineering\",\"isPartOf\":{\"@id\":\"https:\/\/www.compassis.com\/en\/#website\"},\"primaryImageOfPage\":{\"@id\":\"https:\/\/www.compassis.com\/en\/software-download\/#primaryimage\"},\"image\":{\"@id\":\"https:\/\/www.compassis.com\/en\/software-download\/#primaryimage\"},\"thumbnailUrl\":\"https:\/\/www.compassis.com\/downloads\/2022\/02\/descargas-header.jpg\",\"datePublished\":\"2021-12-02T08:36:55+00:00\",\"dateModified\":\"2025-07-23T10:33:22+00:00\",\"description\":\"Descarga nuestro software para simulaci\u00f3n multif\u00edsica, c\u00e1lculo estructural y an\u00e1lisis del comportamiento en la mar. Versi\u00f3n libre limitada en nodos\",\"breadcrumb\":{\"@id\":\"https:\/\/www.compassis.com\/en\/software-download\/#breadcrumb\"},\"inLanguage\":\"en-US\",\"potentialAction\":[{\"@type\":\"ReadAction\",\"target\":[\"https:\/\/www.compassis.com\/en\/software-download\/\"]}]},{\"@type\":\"ImageObject\",\"inLanguage\":\"en-US\",\"@id\":\"https:\/\/www.compassis.com\/en\/software-download\/#primaryimage\",\"url\":\"https:\/\/www.compassis.com\/downloads\/2022\/02\/descargas-header.jpg\",\"contentUrl\":\"https:\/\/www.compassis.com\/downloads\/2022\/02\/descargas-header.jpg\",\"width\":1920,\"height\":447,\"caption\":\"Descarga software Tdyn\"},{\"@type\":\"BreadcrumbList\",\"@id\":\"https:\/\/www.compassis.com\/en\/software-download\/#breadcrumb\",\"itemListElement\":[{\"@type\":\"ListItem\",\"position\":1,\"name\":\"Home\",\"item\":\"https:\/\/www.compassis.com\/en\/\"},{\"@type\":\"ListItem\",\"position\":2,\"name\":\"Software download\"}]},{\"@type\":\"WebSite\",\"@id\":\"https:\/\/www.compassis.com\/en\/#website\",\"url\":\"https:\/\/www.compassis.com\/en\/\",\"name\":\"Consultancy for design in engineering\",\"description\":\"Ingenier\u00eda y Sistemas\",\"publisher\":{\"@id\":\"https:\/\/www.compassis.com\/en\/#organization\"},\"potentialAction\":[{\"@type\":\"SearchAction\",\"target\":{\"@type\":\"EntryPoint\",\"urlTemplate\":\"https:\/\/www.compassis.com\/en\/?s={search_term_string}\"},\"query-input\":{\"@type\":\"PropertyValueSpecification\",\"valueRequired\":true,\"valueName\":\"search_term_string\"}}],\"inLanguage\":\"en-US\"},{\"@type\":\"Organization\",\"@id\":\"https:\/\/www.compassis.com\/en\/#organization\",\"name\":\"Compass\",\"url\":\"https:\/\/www.compassis.com\/en\/\",\"logo\":{\"@type\":\"ImageObject\",\"inLanguage\":\"en-US\",\"@id\":\"https:\/\/www.compassis.com\/en\/#\/schema\/logo\/image\/\",\"url\":\"https:\/\/www.compassis.com\/downloads\/2022\/07\/COMPASS_logo_Tdyn_Icono_256x.png\",\"contentUrl\":\"https:\/\/www.compassis.com\/downloads\/2022\/07\/COMPASS_logo_Tdyn_Icono_256x.png\",\"width\":256,\"height\":256,\"caption\":\"Compass\"},\"image\":{\"@id\":\"https:\/\/www.compassis.com\/en\/#\/schema\/logo\/image\/\"},\"sameAs\":[\"https:\/\/www.linkedin.com\/company\/1264339\/admin\/\"]}]}<\/script>\n<!-- \/ Yoast SEO plugin. -->","yoast_head_json":{"title":"Software download - Consultancy for design in engineering","description":"Descarga nuestro software para simulaci\u00f3n multif\u00edsica, c\u00e1lculo estructural y an\u00e1lisis del comportamiento en la mar. Versi\u00f3n libre limitada en nodos","robots":{"index":"index","follow":"follow","max-snippet":"max-snippet:-1","max-image-preview":"max-image-preview:large","max-video-preview":"max-video-preview:-1"},"canonical":"https:\/\/www.compassis.com\/en\/software-download\/","og_locale":"en_US","og_type":"article","og_title":"Software download - Consultancy for design in engineering","og_description":"Descarga nuestro software para simulaci\u00f3n multif\u00edsica, c\u00e1lculo estructural y an\u00e1lisis del comportamiento en la mar. Versi\u00f3n libre limitada en nodos","og_url":"https:\/\/www.compassis.com\/en\/software-download\/","og_site_name":"Consultancy for design in engineering","article_modified_time":"2025-07-23T10:33:22+00:00","og_image":[{"width":1920,"height":447,"url":"https:\/\/www.compassis.com\/downloads\/2022\/02\/descargas-header.jpg","type":"image\/jpeg"}],"twitter_card":"summary_large_image","twitter_misc":{"Est. reading time":"3 minutes"},"schema":{"@context":"https:\/\/schema.org","@graph":[{"@type":"WebPage","@id":"https:\/\/www.compassis.com\/en\/software-download\/","url":"https:\/\/www.compassis.com\/en\/software-download\/","name":"Software download - Consultancy for design in engineering","isPartOf":{"@id":"https:\/\/www.compassis.com\/en\/#website"},"primaryImageOfPage":{"@id":"https:\/\/www.compassis.com\/en\/software-download\/#primaryimage"},"image":{"@id":"https:\/\/www.compassis.com\/en\/software-download\/#primaryimage"},"thumbnailUrl":"https:\/\/www.compassis.com\/downloads\/2022\/02\/descargas-header.jpg","datePublished":"2021-12-02T08:36:55+00:00","dateModified":"2025-07-23T10:33:22+00:00","description":"Descarga nuestro software para simulaci\u00f3n multif\u00edsica, c\u00e1lculo estructural y an\u00e1lisis del comportamiento en la mar. Versi\u00f3n libre limitada en nodos","breadcrumb":{"@id":"https:\/\/www.compassis.com\/en\/software-download\/#breadcrumb"},"inLanguage":"en-US","potentialAction":[{"@type":"ReadAction","target":["https:\/\/www.compassis.com\/en\/software-download\/"]}]},{"@type":"ImageObject","inLanguage":"en-US","@id":"https:\/\/www.compassis.com\/en\/software-download\/#primaryimage","url":"https:\/\/www.compassis.com\/downloads\/2022\/02\/descargas-header.jpg","contentUrl":"https:\/\/www.compassis.com\/downloads\/2022\/02\/descargas-header.jpg","width":1920,"height":447,"caption":"Descarga software Tdyn"},{"@type":"BreadcrumbList","@id":"https:\/\/www.compassis.com\/en\/software-download\/#breadcrumb","itemListElement":[{"@type":"ListItem","position":1,"name":"Home","item":"https:\/\/www.compassis.com\/en\/"},{"@type":"ListItem","position":2,"name":"Software download"}]},{"@type":"WebSite","@id":"https:\/\/www.compassis.com\/en\/#website","url":"https:\/\/www.compassis.com\/en\/","name":"Consultancy for design in engineering","description":"Ingenier\u00eda y Sistemas","publisher":{"@id":"https:\/\/www.compassis.com\/en\/#organization"},"potentialAction":[{"@type":"SearchAction","target":{"@type":"EntryPoint","urlTemplate":"https:\/\/www.compassis.com\/en\/?s={search_term_string}"},"query-input":{"@type":"PropertyValueSpecification","valueRequired":true,"valueName":"search_term_string"}}],"inLanguage":"en-US"},{"@type":"Organization","@id":"https:\/\/www.compassis.com\/en\/#organization","name":"Compass","url":"https:\/\/www.compassis.com\/en\/","logo":{"@type":"ImageObject","inLanguage":"en-US","@id":"https:\/\/www.compassis.com\/en\/#\/schema\/logo\/image\/","url":"https:\/\/www.compassis.com\/downloads\/2022\/07\/COMPASS_logo_Tdyn_Icono_256x.png","contentUrl":"https:\/\/www.compassis.com\/downloads\/2022\/07\/COMPASS_logo_Tdyn_Icono_256x.png","width":256,"height":256,"caption":"Compass"},"image":{"@id":"https:\/\/www.compassis.com\/en\/#\/schema\/logo\/image\/"},"sameAs":["https:\/\/www.linkedin.com\/company\/1264339\/admin\/"]}]}},"_links":{"self":[{"href":"https:\/\/www.compassis.com\/en\/wp-json\/wp\/v2\/pages\/2298","targetHints":{"allow":["GET"]}}],"collection":[{"href":"https:\/\/www.compassis.com\/en\/wp-json\/wp\/v2\/pages"}],"about":[{"href":"https:\/\/www.compassis.com\/en\/wp-json\/wp\/v2\/types\/page"}],"author":[{"embeddable":true,"href":"https:\/\/www.compassis.com\/en\/wp-json\/wp\/v2\/users\/7"}],"replies":[{"embeddable":true,"href":"https:\/\/www.compassis.com\/en\/wp-json\/wp\/v2\/comments?post=2298"}],"version-history":[{"count":47,"href":"https:\/\/www.compassis.com\/en\/wp-json\/wp\/v2\/pages\/2298\/revisions"}],"predecessor-version":[{"id":5190,"href":"https:\/\/www.compassis.com\/en\/wp-json\/wp\/v2\/pages\/2298\/revisions\/5190"}],"wp:featuredmedia":[{"embeddable":true,"href":"https:\/\/www.compassis.com\/en\/wp-json\/wp\/v2\/media\/1899"}],"wp:attachment":[{"href":"https:\/\/www.compassis.com\/en\/wp-json\/wp\/v2\/media?parent=2298"}],"curies":[{"name":"wp","href":"https:\/\/api.w.org\/{rel}","templated":true}]}}