{"id":2294,"date":"2021-10-21T08:40:25","date_gmt":"2021-10-21T08:40:25","guid":{"rendered":"https:\/\/www.compassis.com\/sobre-nosotros\/"},"modified":"2022-07-04T09:59:54","modified_gmt":"2022-07-04T09:59:54","slug":"about-us","status":"publish","type":"page","link":"https:\/\/www.compassis.com\/en\/about-us\/","title":{"rendered":"About us"},"content":{"rendered":"\n<h1 class=\"alignwide wp-block-heading\" id=\"compass-ingenieria-y-sistemas-consultoria-y-software-en-ingenieria\">COMPASS INGENIER\u00cdA Y SISTEMAS:<br>CONSULTAncy and SOFTWARE iN engineering<\/h1>\n\n\n\n<h3 class=\"has-text-align-center wp-block-heading\" id=\"somos-una-empresa-especializada-en-la-consultoria-y-el-software-para-el-diseno-en-ingenieria-con-base-en-barcelona-y-una-trayectoria-de-mas-de-20-anos-aportamos-soluciones-a-clientes-en-todo-el-mundo-gracias-a-nuestra-alta-especializacion-equipo-multidisciplinar-y-rigor\">CompassIS is a consulting services company specialised in <strong>engineering design and in the development of software for calculation and information management in technology <\/strong>. Based in Barcelona, and with more than 20 years in the business, CompassIS provides added-value solutions to clients all around the world, thanks to our degree of specialization, multidisciplinar team and thoughtfulness.<\/h3>\n\n\n\n<figure class=\"wp-block-image size-full\"><img fetchpriority=\"high\" decoding=\"async\" width=\"855\" height=\"396\" src=\"https:\/\/www.compassis.com\/downloads\/2022\/07\/compass-numeros-ENG.jpg\" alt=\"\" class=\"wp-image-2777\" srcset=\"https:\/\/www.compassis.com\/downloads\/2022\/07\/compass-numeros-ENG.jpg 855w, https:\/\/www.compassis.com\/downloads\/2022\/07\/compass-numeros-ENG-300x139.jpg 300w, https:\/\/www.compassis.com\/downloads\/2022\/07\/compass-numeros-ENG-768x356.jpg 768w\" sizes=\"(max-width: 855px) 100vw, 855px\" \/><\/figure>\n\n\n\n<p class=\"has-text-align-center has-medium-font-size\">We provide the most advanced and innovative numerical analysis. We listen to our clients&#8217; needs, and guide them through the integration of our software within their analysis, design and production processes.<\/p>\n\n\n\n<div class=\"wp-block-cover alignfull destacado-central\"><span aria-hidden=\"true\" class=\"wp-block-cover__background has-background-dim-70 has-background-dim\"><\/span><img decoding=\"async\" width=\"1400\" height=\"918\" class=\"wp-block-cover__image-background wp-image-1979\" alt=\"Compass Barcelona\" src=\"https:\/\/www.compassis.com\/downloads\/2022\/02\/puerto-barcelona2.jpg\" data-object-fit=\"cover\" srcset=\"https:\/\/www.compassis.com\/downloads\/2022\/02\/puerto-barcelona2.jpg 1400w, https:\/\/www.compassis.com\/downloads\/2022\/02\/puerto-barcelona2-300x197.jpg 300w, https:\/\/www.compassis.com\/downloads\/2022\/02\/puerto-barcelona2-1024x671.jpg 1024w, https:\/\/www.compassis.com\/downloads\/2022\/02\/puerto-barcelona2-768x504.jpg 768w\" sizes=\"(max-width: 1400px) 100vw, 1400px\" \/><div class=\"wp-block-cover__inner-container is-layout-flow wp-block-cover-is-layout-flow\">\n<div style=\"height:100px\" aria-hidden=\"true\" class=\"wp-block-spacer\"><\/div>\n\n\n\n<p class=\"has-text-align-center is-style-medium-light-condensed has-blanco-color has-text-color has-large-font-size\">BASED IN<br>BARCELONA, WE WORK AND COLLABORATE WITH INSTITUTIONS AND CLIENTS AROUND THE WORLD.<\/p>\n\n\n\n<p class=\"has-text-align-center is-style-medium-light-condensed has-blanco-color has-text-color has-large-font-size\">WE LOVE OUR CITY: ITS INNOVATIVE AND COSMOPOLITAN SPIRIT INSPIRES US.<\/p>\n\n\n\n<div style=\"height:100px\" aria-hidden=\"true\" class=\"wp-block-spacer\"><\/div>\n<\/div><\/div>\n\n\n\n<h3 class=\"has-text-align-center wp-block-heading\" id=\"compass-puente-entre-la-investigacion-y-la-industria\"><strong>COMPASS<\/strong>, A BRIDGE BETWEEN <strong>RESEARCH<\/strong> AND <strong>INDUSTRY<\/strong><\/h3>\n\n\n\n<p class=\"has-text-align-center has-azul-enlaces-color has-text-color has-large-font-size\">Compass Ingenier\u00eda y Sistemas emerged to give answer to the need of transferring technology from its generation in academic environments, to the business world.<\/p>\n\n\n\n<p class=\"has-medium-font-size\"><a href=\"https:\/\/www.linkedin.com\/in\/julio-garcia-espinosa-1a570215\/\">Julio Garc\u00eda Espinosa<\/a> y <a href=\"https:\/\/www.linkedin.com\/in\/ramon-ribo-ab859a15\/\">Ramon Rib\u00f3 Rodr\u00edguez<\/a> were preparing their PhD in <a href=\"https:\/\/www.cimne.com\/\">CIMNE<\/a>, the Internation Centre of Numerical Methods in Engineering, associated to <a href=\"https:\/\/www.upc.edu\/\">Universitat Polit\u00e8cnica de Barcelona<\/a> (UPC). They had the inspiration to create and spin-off from the centre, for commercialising software products in engineering developed in academic institutions.<\/p>\n\n\n\n<p class=\"has-medium-font-size\">That is how Compass was borned in 2001. Today, the company is still strongly linked to CIMNE and to the university ecosystem, sharing with them the restless spirit and innovative vocation. Part of the software is developed together with researchers from <a href=\"https:\/\/www.upc.edu\">Universitat Polit\u00e8cnica de Barcelona<\/a> (UPC). In order to guarantee the software optimization among industrial environments, Compass has extended its activity. Compass offers to companies consultancy services and training, so that they can extract from the advanced numerical engineering software its whole potential.<\/p>\n\n\n\n<div class=\"wp-block-group alignfull slider logos-colaboradores has-fondo-claro-2-background-color has-background is-layout-flow wp-block-group-is-layout-flow\">\n<h2 class=\"alignwide seccion wp-block-heading\" id=\"han-confiadoen-nosotros\">They HAve<br>trusted us<\/h2>\n\n\n<div class=\"owl-carousel\"  data-items=\"6\"  data-margin=\"5\"  data-loop=\"1\"  data-nav=\"1\"  data-autoplay=\"1\"  data-autoplaytimeout=\"5000\"  data-lazyload=\"\"  data-addclassactive=\"1\"  data-autoplayhoverpause=\"1\"  data-video=\"\"  data-animateout=\"\"  data-animatein=\"\"  data-dots=\"\"  data-videoheight=\"350\"  data-videowidth=\"\"  data-smartspeed=\"500\"  data-slidespeed=\"200\"  data-paginationspeed=\"800\"  data-itemlarge=\"6\"  data-itemdesk=\"6\"  data-itemtablet=\"5\"  data-itemmobile=\"2\"  data-navlarge=\"1\"  data-navdesk=\"1\"  data-navtablet=\"1\"  data-navmobile=\"1\" ><img decoding=\"async\" width=\"147\" height=\"147\" src=\"https:\/\/www.compassis.com\/downloads\/2022\/02\/united-states-navy.png\" class=\"attachment-post-thumbnail size-post-thumbnail wp-post-image\" alt=\"United States Navy\" style=\"width:100%;height:100%;max-width:147px;\" \/><img loading=\"lazy\" decoding=\"async\" width=\"147\" height=\"147\" src=\"https:\/\/www.compassis.com\/downloads\/2022\/02\/sener-1.png\" class=\"attachment-post-thumbnail size-post-thumbnail wp-post-image\" alt=\"Sener\" style=\"width:100%;height:100%;max-width:147px;\" \/><img loading=\"lazy\" decoding=\"async\" width=\"147\" height=\"147\" src=\"https:\/\/www.compassis.com\/downloads\/2022\/02\/manusa-1.png\" class=\"attachment-post-thumbnail size-post-thumbnail wp-post-image\" alt=\"manusa\" style=\"width:100%;height:100%;max-width:147px;\" \/><img loading=\"lazy\" decoding=\"async\" width=\"147\" height=\"147\" src=\"https:\/\/www.compassis.com\/downloads\/2022\/02\/mindmesh-1.png\" class=\"attachment-post-thumbnail size-post-thumbnail wp-post-image\" alt=\"MindMesh\" style=\"width:100%;height:100%;max-width:147px;\" \/><img loading=\"lazy\" decoding=\"async\" width=\"147\" height=\"147\" src=\"https:\/\/www.compassis.com\/downloads\/2022\/02\/jaewoo-1.png\" class=\"attachment-post-thumbnail size-post-thumbnail wp-post-image\" alt=\"Jaewoo\" style=\"width:100%;height:100%;max-width:147px;\" \/><img loading=\"lazy\" decoding=\"async\" width=\"147\" height=\"147\" src=\"https:\/\/www.compassis.com\/downloads\/2022\/02\/iberdrola-1.png\" class=\"attachment-post-thumbnail size-post-thumbnail wp-post-image\" alt=\"iberdrola\" style=\"width:100%;height:100%;max-width:147px;\" \/><img loading=\"lazy\" decoding=\"async\" width=\"147\" height=\"147\" src=\"https:\/\/www.compassis.com\/downloads\/2022\/02\/cimne-1.png\" class=\"attachment-post-thumbnail size-post-thumbnail wp-post-image\" alt=\"CIMNE\" style=\"width:100%;height:100%;max-width:147px;\" \/><img loading=\"lazy\" decoding=\"async\" width=\"147\" height=\"147\" src=\"https:\/\/www.compassis.com\/downloads\/2022\/02\/acciona-1.png\" class=\"attachment-post-thumbnail size-post-thumbnail wp-post-image\" alt=\"acciona\" style=\"width:100%;height:100%;max-width:147px;\" \/><img loading=\"lazy\" decoding=\"async\" width=\"147\" height=\"147\" src=\"https:\/\/www.compassis.com\/downloads\/2022\/02\/waterborne-1.png\" class=\"attachment-post-thumbnail size-post-thumbnail wp-post-image\" alt=\"Waterborne\" style=\"width:100%;height:100%;max-width:147px;\" \/><img loading=\"lazy\" decoding=\"async\" width=\"147\" height=\"147\" src=\"https:\/\/www.compassis.com\/downloads\/2022\/02\/o-i.png\" class=\"attachment-post-thumbnail size-post-thumbnail wp-post-image\" alt=\"O I\" style=\"width:100%;height:100%;max-width:147px;\" \/><img loading=\"lazy\" decoding=\"async\" width=\"147\" height=\"147\" src=\"https:\/\/www.compassis.com\/downloads\/2022\/02\/nvidia-1.png\" class=\"attachment-post-thumbnail size-post-thumbnail wp-post-image\" alt=\"Nvidia\" style=\"width:100%;height:100%;max-width:147px;\" \/><img loading=\"lazy\" decoding=\"async\" width=\"631\" height=\"631\" src=\"https:\/\/www.compassis.com\/downloads\/2021\/05\/NEWS-nafems-color.jpg\" class=\"attachment-post-thumbnail size-post-thumbnail wp-post-image\" alt=\"Nafems\" srcset=\"https:\/\/www.compassis.com\/downloads\/2021\/05\/NEWS-nafems-color.jpg 631w, https:\/\/www.compassis.com\/downloads\/2021\/05\/NEWS-nafems-color-300x300.jpg 300w\" sizes=\"(max-width: 631px) 100vw, 631px\" style=\"width:100%;height:100%;max-width:631px;\" \/><\/div>\n<\/div>\n\n\n\n<div class=\"wp-block-group alignfull contacto-blanco is-layout-flow wp-block-group-is-layout-flow\">\n<div class=\"wp-block-group alignwide is-layout-flow wp-block-group-is-layout-flow\">\n<h2 class=\"wp-block-heading\">CONTACT<br>WITH US<\/h2>\n\n\n\n<div class=\"wpcf7 no-js\" id=\"wpcf7-f2305-o1\" lang=\"en-US\" dir=\"ltr\" data-wpcf7-id=\"2305\">\n<div class=\"screen-reader-response\"><p role=\"status\" aria-live=\"polite\" aria-atomic=\"true\"><\/p> <ul><\/ul><\/div>\n<form action=\"\/en\/wp-json\/wp\/v2\/pages\/2294#wpcf7-f2305-o1\" method=\"post\" class=\"wpcf7-form init\" aria-label=\"Contact form\" novalidate=\"novalidate\" data-status=\"init\">\n<fieldset class=\"hidden-fields-container\"><input type=\"hidden\" name=\"_wpcf7\" value=\"2305\" \/><input type=\"hidden\" name=\"_wpcf7_version\" value=\"6.1.5\" \/><input type=\"hidden\" name=\"_wpcf7_locale\" value=\"en_US\" \/><input type=\"hidden\" name=\"_wpcf7_unit_tag\" value=\"wpcf7-f2305-o1\" \/><input type=\"hidden\" name=\"_wpcf7_container_post\" value=\"0\" \/><input type=\"hidden\" name=\"_wpcf7_posted_data_hash\" value=\"\" \/><input type=\"hidden\" name=\"_wpcf7cf_hidden_group_fields\" value=\"[]\" \/><input type=\"hidden\" name=\"_wpcf7cf_hidden_groups\" value=\"[]\" \/><input type=\"hidden\" name=\"_wpcf7cf_visible_groups\" value=\"[]\" \/><input type=\"hidden\" name=\"_wpcf7cf_repeaters\" value=\"[]\" \/><input type=\"hidden\" name=\"_wpcf7cf_steps\" value=\"{}\" \/><input type=\"hidden\" name=\"_wpcf7cf_options\" value=\"{&quot;form_id&quot;:2305,&quot;conditions&quot;:[],&quot;settings&quot;:{&quot;animation&quot;:&quot;yes&quot;,&quot;animation_intime&quot;:200,&quot;animation_outtime&quot;:200,&quot;conditions_ui&quot;:&quot;normal&quot;,&quot;notice_dismissed&quot;:false,&quot;notice_dismissed_rollback-cf7-6.1&quot;:true,&quot;notice_dismissed_rollback-cf7-6.1.2&quot;:true}}\" \/><input type=\"hidden\" name=\"redirect_nonce\" value=\"0c8ed31728\" \/><input type=\"hidden\" name=\"_wpcf7_recaptcha_response\" value=\"\" \/>\n<\/fieldset>\n<div class=\"wp-block-columns\">\n\t<div class=\"wp-block-column\">\n\t\t<p><label for=\"your-name\" class=\"screen-reader-text\">Name<\/label><span class=\"wpcf7-form-control-wrap\" data-name=\"your-name\"><input size=\"40\" maxlength=\"400\" class=\"wpcf7-form-control wpcf7-text wpcf7-validates-as-required\" aria-required=\"true\" aria-invalid=\"false\" placeholder=\"Name\" value=\"\" type=\"text\" name=\"your-name\" \/><\/span><br \/>\n<label for=\"your-email\" class=\"screen-reader-text\">Email<\/label><span class=\"wpcf7-form-control-wrap\" data-name=\"your-email\"><input size=\"40\" maxlength=\"400\" class=\"wpcf7-form-control wpcf7-email wpcf7-validates-as-required wpcf7-text wpcf7-validates-as-email\" aria-required=\"true\" aria-invalid=\"false\" placeholder=\"Email\" value=\"\" type=\"email\" name=\"your-email\" \/><\/span>\n\t\t<\/p>\n\t<\/div>\n\t<div class=\"wp-block-column\">\n\t\t<p><label for=\"your-company\" class=\"screen-reader-text\">Company<\/label><span class=\"wpcf7-form-control-wrap\" data-name=\"your-company\"><input size=\"40\" maxlength=\"400\" class=\"wpcf7-form-control wpcf7-text wpcf7-validates-as-required\" aria-required=\"true\" aria-invalid=\"false\" placeholder=\"Company\" value=\"\" type=\"text\" name=\"your-company\" \/><\/span><br \/>\n<label for=\"your-phone\" class=\"screen-reader-text\">Phone<\/label><span class=\"wpcf7-form-control-wrap\" data-name=\"your-phone\"><input size=\"40\" maxlength=\"400\" class=\"wpcf7-form-control wpcf7-tel wpcf7-text wpcf7-validates-as-tel\" aria-invalid=\"false\" placeholder=\"Phone Number\" value=\"\" type=\"tel\" name=\"your-phone\" \/><\/span>\n\t\t<\/p>\n\t<\/div>\n<\/div>\n<p><label for=\"your-message\" class=\"screen-reader-text\">Message (optional)<\/label><span class=\"wpcf7-form-control-wrap\" data-name=\"your-message\"><textarea cols=\"40\" rows=\"4\" maxlength=\"2000\" class=\"wpcf7-form-control wpcf7-textarea\" aria-invalid=\"false\" placeholder=\"Your message\" name=\"your-message\"><\/textarea><\/span><br \/>\n<span class=\"wpcf7-form-control-wrap\" data-name=\"acepto-rgpd\"><span class=\"wpcf7-form-control wpcf7-acceptance\"><span class=\"wpcf7-list-item\"><label><input type=\"checkbox\" name=\"acepto-rgpd\" value=\"1\" aria-invalid=\"false\" \/><span class=\"wpcf7-list-item-label\">I Accept the privacy policy<\/span><\/label><\/span><\/span><\/span>\n<\/p>\n<p style=\"text-align:center\"><input class=\"wpcf7-form-control wpcf7-submit has-spinner\" type=\"submit\" value=\"Send\" \/>\n<\/p><div class=\"wpcf7-response-output\" aria-hidden=\"true\"><\/div>\n<\/form>\n<\/div>\n\n<\/div>\n<\/div>\n","protected":false},"excerpt":{"rendered":"<p>COMPASS INGENIER\u00cdA Y SISTEMAS:CONSULTAncy and SOFTWARE iN engineering CompassIS is a consulting services company specialised in engineering design and in the development of software for&hellip; <a class=\"more-link\" href=\"https:\/\/www.compassis.com\/en\/about-us\/\">Continue reading <span class=\"screen-reader-text\">About us<\/span><\/a><\/p>\n","protected":false},"author":7,"featured_media":2237,"parent":0,"menu_order":0,"comment_status":"closed","ping_status":"closed","template":"","meta":{"footnotes":""},"class_list":["post-2294","page","type-page","status-publish","has-post-thumbnail","hentry","entry"],"yoast_head":"<!-- This site is optimized with the Yoast SEO plugin v27.2 - https:\/\/yoast.com\/product\/yoast-seo-wordpress\/ -->\n<title>About us - Consultancy for design in engineering<\/title>\n<meta name=\"description\" content=\"Empresa de consultor\u00eda y software para el dise\u00f1o en ingenier\u00eda, m\u00e1s de 20 a\u00f1os de experiencia. Alta especializaci\u00f3n en simulaciones num\u00e9ricas avanzadas\" \/>\n<meta name=\"robots\" content=\"index, follow, max-snippet:-1, max-image-preview:large, max-video-preview:-1\" \/>\n<link rel=\"canonical\" href=\"https:\/\/www.compassis.com\/en\/about-us\/\" \/>\n<meta property=\"og:locale\" content=\"en_US\" \/>\n<meta property=\"og:type\" content=\"article\" \/>\n<meta property=\"og:title\" content=\"About us - Consultancy for design in engineering\" \/>\n<meta property=\"og:description\" content=\"Empresa de consultor\u00eda y software para el dise\u00f1o en ingenier\u00eda, m\u00e1s de 20 a\u00f1os de experiencia. Alta especializaci\u00f3n en simulaciones num\u00e9ricas avanzadas\" \/>\n<meta property=\"og:url\" content=\"https:\/\/www.compassis.com\/en\/about-us\/\" \/>\n<meta property=\"og:site_name\" content=\"Consultancy for design in engineering\" \/>\n<meta property=\"article:modified_time\" content=\"2022-07-04T09:59:54+00:00\" \/>\n<meta property=\"og:image\" content=\"https:\/\/www.compassis.com\/downloads\/2022\/03\/empresa-header-new.jpg\" \/>\n\t<meta property=\"og:image:width\" content=\"1920\" \/>\n\t<meta property=\"og:image:height\" content=\"447\" \/>\n\t<meta property=\"og:image:type\" content=\"image\/jpeg\" \/>\n<meta name=\"twitter:card\" content=\"summary_large_image\" \/>\n<meta name=\"twitter:label1\" content=\"Est. reading time\" \/>\n\t<meta name=\"twitter:data1\" content=\"2 minutes\" \/>\n<script type=\"application\/ld+json\" class=\"yoast-schema-graph\">{\"@context\":\"https:\/\/schema.org\",\"@graph\":[{\"@type\":\"WebPage\",\"@id\":\"https:\/\/www.compassis.com\/en\/about-us\/\",\"url\":\"https:\/\/www.compassis.com\/en\/about-us\/\",\"name\":\"About us - Consultancy for design in engineering\",\"isPartOf\":{\"@id\":\"https:\/\/www.compassis.com\/en\/#website\"},\"primaryImageOfPage\":{\"@id\":\"https:\/\/www.compassis.com\/en\/about-us\/#primaryimage\"},\"image\":{\"@id\":\"https:\/\/www.compassis.com\/en\/about-us\/#primaryimage\"},\"thumbnailUrl\":\"https:\/\/www.compassis.com\/downloads\/2022\/03\/empresa-header-new.jpg\",\"datePublished\":\"2021-10-21T08:40:25+00:00\",\"dateModified\":\"2022-07-04T09:59:54+00:00\",\"description\":\"Empresa de consultor\u00eda y software para el dise\u00f1o en ingenier\u00eda, m\u00e1s de 20 a\u00f1os de experiencia. Alta especializaci\u00f3n en simulaciones num\u00e9ricas avanzadas\",\"breadcrumb\":{\"@id\":\"https:\/\/www.compassis.com\/en\/about-us\/#breadcrumb\"},\"inLanguage\":\"en-US\",\"potentialAction\":[{\"@type\":\"ReadAction\",\"target\":[\"https:\/\/www.compassis.com\/en\/about-us\/\"]}]},{\"@type\":\"ImageObject\",\"inLanguage\":\"en-US\",\"@id\":\"https:\/\/www.compassis.com\/en\/about-us\/#primaryimage\",\"url\":\"https:\/\/www.compassis.com\/downloads\/2022\/03\/empresa-header-new.jpg\",\"contentUrl\":\"https:\/\/www.compassis.com\/downloads\/2022\/03\/empresa-header-new.jpg\",\"width\":1920,\"height\":447},{\"@type\":\"BreadcrumbList\",\"@id\":\"https:\/\/www.compassis.com\/en\/about-us\/#breadcrumb\",\"itemListElement\":[{\"@type\":\"ListItem\",\"position\":1,\"name\":\"Home\",\"item\":\"https:\/\/www.compassis.com\/en\/\"},{\"@type\":\"ListItem\",\"position\":2,\"name\":\"About us\"}]},{\"@type\":\"WebSite\",\"@id\":\"https:\/\/www.compassis.com\/en\/#website\",\"url\":\"https:\/\/www.compassis.com\/en\/\",\"name\":\"Consultancy for design in engineering\",\"description\":\"Ingenier\u00eda y Sistemas\",\"publisher\":{\"@id\":\"https:\/\/www.compassis.com\/en\/#organization\"},\"potentialAction\":[{\"@type\":\"SearchAction\",\"target\":{\"@type\":\"EntryPoint\",\"urlTemplate\":\"https:\/\/www.compassis.com\/en\/?s={search_term_string}\"},\"query-input\":{\"@type\":\"PropertyValueSpecification\",\"valueRequired\":true,\"valueName\":\"search_term_string\"}}],\"inLanguage\":\"en-US\"},{\"@type\":\"Organization\",\"@id\":\"https:\/\/www.compassis.com\/en\/#organization\",\"name\":\"Compass\",\"url\":\"https:\/\/www.compassis.com\/en\/\",\"logo\":{\"@type\":\"ImageObject\",\"inLanguage\":\"en-US\",\"@id\":\"https:\/\/www.compassis.com\/en\/#\/schema\/logo\/image\/\",\"url\":\"https:\/\/www.compassis.com\/downloads\/2022\/07\/COMPASS_logo_Tdyn_Icono_256x.png\",\"contentUrl\":\"https:\/\/www.compassis.com\/downloads\/2022\/07\/COMPASS_logo_Tdyn_Icono_256x.png\",\"width\":256,\"height\":256,\"caption\":\"Compass\"},\"image\":{\"@id\":\"https:\/\/www.compassis.com\/en\/#\/schema\/logo\/image\/\"},\"sameAs\":[\"https:\/\/www.linkedin.com\/company\/1264339\/admin\/\"]}]}<\/script>\n<!-- \/ Yoast SEO plugin. -->","yoast_head_json":{"title":"About us - Consultancy for design in engineering","description":"Empresa de consultor\u00eda y software para el dise\u00f1o en ingenier\u00eda, m\u00e1s de 20 a\u00f1os de experiencia. Alta especializaci\u00f3n en simulaciones num\u00e9ricas avanzadas","robots":{"index":"index","follow":"follow","max-snippet":"max-snippet:-1","max-image-preview":"max-image-preview:large","max-video-preview":"max-video-preview:-1"},"canonical":"https:\/\/www.compassis.com\/en\/about-us\/","og_locale":"en_US","og_type":"article","og_title":"About us - Consultancy for design in engineering","og_description":"Empresa de consultor\u00eda y software para el dise\u00f1o en ingenier\u00eda, m\u00e1s de 20 a\u00f1os de experiencia. Alta especializaci\u00f3n en simulaciones num\u00e9ricas avanzadas","og_url":"https:\/\/www.compassis.com\/en\/about-us\/","og_site_name":"Consultancy for design in engineering","article_modified_time":"2022-07-04T09:59:54+00:00","og_image":[{"width":1920,"height":447,"url":"https:\/\/www.compassis.com\/downloads\/2022\/03\/empresa-header-new.jpg","type":"image\/jpeg"}],"twitter_card":"summary_large_image","twitter_misc":{"Est. reading time":"2 minutes"},"schema":{"@context":"https:\/\/schema.org","@graph":[{"@type":"WebPage","@id":"https:\/\/www.compassis.com\/en\/about-us\/","url":"https:\/\/www.compassis.com\/en\/about-us\/","name":"About us - Consultancy for design in engineering","isPartOf":{"@id":"https:\/\/www.compassis.com\/en\/#website"},"primaryImageOfPage":{"@id":"https:\/\/www.compassis.com\/en\/about-us\/#primaryimage"},"image":{"@id":"https:\/\/www.compassis.com\/en\/about-us\/#primaryimage"},"thumbnailUrl":"https:\/\/www.compassis.com\/downloads\/2022\/03\/empresa-header-new.jpg","datePublished":"2021-10-21T08:40:25+00:00","dateModified":"2022-07-04T09:59:54+00:00","description":"Empresa de consultor\u00eda y software para el dise\u00f1o en ingenier\u00eda, m\u00e1s de 20 a\u00f1os de experiencia. Alta especializaci\u00f3n en simulaciones num\u00e9ricas avanzadas","breadcrumb":{"@id":"https:\/\/www.compassis.com\/en\/about-us\/#breadcrumb"},"inLanguage":"en-US","potentialAction":[{"@type":"ReadAction","target":["https:\/\/www.compassis.com\/en\/about-us\/"]}]},{"@type":"ImageObject","inLanguage":"en-US","@id":"https:\/\/www.compassis.com\/en\/about-us\/#primaryimage","url":"https:\/\/www.compassis.com\/downloads\/2022\/03\/empresa-header-new.jpg","contentUrl":"https:\/\/www.compassis.com\/downloads\/2022\/03\/empresa-header-new.jpg","width":1920,"height":447},{"@type":"BreadcrumbList","@id":"https:\/\/www.compassis.com\/en\/about-us\/#breadcrumb","itemListElement":[{"@type":"ListItem","position":1,"name":"Home","item":"https:\/\/www.compassis.com\/en\/"},{"@type":"ListItem","position":2,"name":"About us"}]},{"@type":"WebSite","@id":"https:\/\/www.compassis.com\/en\/#website","url":"https:\/\/www.compassis.com\/en\/","name":"Consultancy for design in engineering","description":"Ingenier\u00eda y Sistemas","publisher":{"@id":"https:\/\/www.compassis.com\/en\/#organization"},"potentialAction":[{"@type":"SearchAction","target":{"@type":"EntryPoint","urlTemplate":"https:\/\/www.compassis.com\/en\/?s={search_term_string}"},"query-input":{"@type":"PropertyValueSpecification","valueRequired":true,"valueName":"search_term_string"}}],"inLanguage":"en-US"},{"@type":"Organization","@id":"https:\/\/www.compassis.com\/en\/#organization","name":"Compass","url":"https:\/\/www.compassis.com\/en\/","logo":{"@type":"ImageObject","inLanguage":"en-US","@id":"https:\/\/www.compassis.com\/en\/#\/schema\/logo\/image\/","url":"https:\/\/www.compassis.com\/downloads\/2022\/07\/COMPASS_logo_Tdyn_Icono_256x.png","contentUrl":"https:\/\/www.compassis.com\/downloads\/2022\/07\/COMPASS_logo_Tdyn_Icono_256x.png","width":256,"height":256,"caption":"Compass"},"image":{"@id":"https:\/\/www.compassis.com\/en\/#\/schema\/logo\/image\/"},"sameAs":["https:\/\/www.linkedin.com\/company\/1264339\/admin\/"]}]}},"_links":{"self":[{"href":"https:\/\/www.compassis.com\/en\/wp-json\/wp\/v2\/pages\/2294","targetHints":{"allow":["GET"]}}],"collection":[{"href":"https:\/\/www.compassis.com\/en\/wp-json\/wp\/v2\/pages"}],"about":[{"href":"https:\/\/www.compassis.com\/en\/wp-json\/wp\/v2\/types\/page"}],"author":[{"embeddable":true,"href":"https:\/\/www.compassis.com\/en\/wp-json\/wp\/v2\/users\/7"}],"replies":[{"embeddable":true,"href":"https:\/\/www.compassis.com\/en\/wp-json\/wp\/v2\/comments?post=2294"}],"version-history":[{"count":8,"href":"https:\/\/www.compassis.com\/en\/wp-json\/wp\/v2\/pages\/2294\/revisions"}],"predecessor-version":[{"id":2780,"href":"https:\/\/www.compassis.com\/en\/wp-json\/wp\/v2\/pages\/2294\/revisions\/2780"}],"wp:featuredmedia":[{"embeddable":true,"href":"https:\/\/www.compassis.com\/en\/wp-json\/wp\/v2\/media\/2237"}],"wp:attachment":[{"href":"https:\/\/www.compassis.com\/en\/wp-json\/wp\/v2\/media?parent=2294"}],"curies":[{"name":"wp","href":"https:\/\/api.w.org\/{rel}","templated":true}]}}