{"id":2293,"date":"2021-10-19T17:06:44","date_gmt":"2021-10-19T17:06:44","guid":{"rendered":"https:\/\/www.compassis.com\/politica-privacidad\/"},"modified":"2022-04-14T08:19:45","modified_gmt":"2022-04-14T08:19:45","slug":"privacy-policy","status":"publish","type":"page","link":"https:\/\/www.compassis.com\/en\/privacy-policy\/","title":{"rendered":"Privacy policy"},"content":{"rendered":"\n<p>Esta pol\u00edtica de privacidad ha sido redactada al amparo de lo dispuesto en el REGLAMENTO (UE) 2016\/679 DEL PARLAMENTO EUROPEO Y DEL CONSEJO de 27 de abril de 2016 relativo a la protecci\u00f3n de las personas f\u00edsicas en lo que respecta al tratamiento de datos personales y a la libre circulaci\u00f3n de estos datos (RGPD), en la Ley Org\u00e1nica 15\/1999, de 13 de diciembre, de Protecci\u00f3n de Datos de Car\u00e1cter Personal (LOPD) y en su reglamento de desarrollo.<\/p>\n\n\n\n<h2 class=\"wp-block-heading\" id=\"identificacion-del-titular-de-la-web\">Identificaci\u00f3n del titular de la web<\/h2>\n\n\n\n<p>El titular de esta web es Compass Ingenier\u00eda y Sistemas S.A. (COMPASS), con NIF B64760192, con domicilio a estos efectos en Gran Capit\u00e1n s\/n, Campus Nord UPC &#8211; Edificio B0 (08034&nbsp; Barcelona)<\/p>\n\n\n\n<h2 class=\"wp-block-heading\" id=\"quien-es-el-responsable-de-los-datos-personales-que-recabamos-en-esta-web\">\u00bfQui\u00e9n es el responsable de los datos personales que recabamos en esta web?<\/h2>\n\n\n\n<p>El respoEl titular de esta web es Compass Ingenier\u00eda y Sistemas S.A. (COMPASS), con NIF B64760192, con domicilio a estos efectos en Gran Capit\u00e1n s\/n, Campus Nord UPC &#8211; Edificio B0 (08034&nbsp; Barcelona) y direcci\u00f3n electr\u00f3nica de contacto <a href=\"mailto:info@compassis.com\">info@compassis.com<\/a><\/p>\n\n\n\n<h2 class=\"wp-block-heading\" id=\"que-datos-vamos-a-obtener-de-ti\">\u00bfQu\u00e9 datos vamos a obtener de ti?<\/h2>\n\n\n\n<p>En nuestra web los \u00fanicos datos personales que podremos recabar de ti son los necesarios para dar respuesta a las cuestiones que nos plantees en relaci\u00f3n con nuestros servicios a trav\u00e9s de nuestro formulario de contacto o la solicitud de password. En el caso de que te suscribas a nuestra newsletter emplearemos tu email para hacerte llegar nuestras novedades. Por \u00faltimo, si publicas alg\u00fan comentario en nuestros art\u00edculos obtendremos de ti los datos de email y nombre.<\/p>\n\n\n\n<h2 class=\"wp-block-heading\" id=\"cual-es-la-finalidad-de-este-tratamiento-de-datos\">\u00bfCu\u00e1l es la finalidad de este tratamiento de datos?<\/h2>\n\n\n\n<p>Trataremos tus datos personales para las siguientes finalidades:<\/p>\n\n\n\n<ul class=\"wp-block-list\"><li>Responder a las cuestiones que nos plantees al utilizar el formulario de contacto.<\/li><li>Enviar un password temporal para utilizar nuestras aplicaciones<\/li><li>Enviarte newsletter en el caso de que aceptes su env\u00edo.<\/li><li>Enviarte comunicaciones comerciales si las consientes expresamente.<\/li><li>Permitir que introduzcas comentarios en nuestros art\u00edculos.<\/li><\/ul>\n\n\n\n<h2 class=\"wp-block-heading\" id=\"cual-es-la-base-juridica-de-estos-tratamientos-de-datos\">\u00bfCu\u00e1l es la base jur\u00eddica de estos tratamientos de datos?<\/h2>\n\n\n\n<p>La base jur\u00eddica es el inter\u00e9s leg\u00edtimo en responder a las consultas planteadas y la introducci\u00f3n de comentarios en nuestros art\u00edculos y el consentimiento para enviarte newsletter o comunicaciones comerciales.<\/p>\n\n\n\n<h2 class=\"wp-block-heading\" id=\"durante-cuanto-tiempo-se-van-a-conservar-los-datos\">\u00bfDurante cu\u00e1nto tiempo se van a conservar los datos?<\/h2>\n\n\n\n<p>Conservaremos tus datos personales mientras mantengamos la relaci\u00f3n contractual o precontractual.<\/p>\n\n\n\n<p>En cualquier momento podr\u00e1s escribirnos para solicitar la supresi\u00f3n de tus datos; en ese caso, tus datos personales quedar\u00e1n bloqueados, a disposici\u00f3n exclusiva de Jueces y Tribunales, el Ministerio Fiscal, la Agencia Espa\u00f1ola de Protecci\u00f3n de Datos y dem\u00e1s autoridades y Administraciones P\u00fablicas competentes, para resolver cualquier cuesti\u00f3n o responsabilidad relacionada con el tratamiento de tus datos o con el ejercicio de acciones legales, reclamaciones o consultas posteriores, durante el plazo de prescripci\u00f3n de las mismas.<\/p>\n\n\n\n<h2 class=\"wp-block-heading\" id=\"destinatario-o-categorias-de-destinatarios-de-los-datos\">Destinatario o categor\u00edas de destinatarios de los datos<\/h2>\n\n\n\n<p>Tus datos personales no ser\u00e1n facilitados ni cedidos a ninguna entidad ajena a este portal. En el caso de que adquieras alg\u00fan producto y sea necesario enviarlo por mensajer\u00eda, tus datos de contacto y env\u00edo ser\u00e1n facilitados a la agencia de transporte correspondiente.<\/p>\n\n\n\n<h2 class=\"wp-block-heading\" id=\"transferencias-internacionales-de-datos\">Transferencias internacionales de datos<\/h2>\n\n\n\n<p>No realizamos transferencias internacionales de datos de ning\u00fan tipo ni categor\u00eda.<\/p>\n\n\n\n<h2 class=\"wp-block-heading\" id=\"que-derechos-asisten-al-interesado\">\u00bfQu\u00e9 derechos asisten al interesado?<\/h2>\n\n\n\n<p>El RGPD te otorga los siguientes derechos, que podr\u00e1s ejercerlos enviando un correo electr\u00f3nico a <a href=\"mailto:info@compassis.com\"><\/a><a href=\"mailto:info@compassis.com\">info@compassis.com<\/a>; ser\u00e1 necesario que el correo electr\u00f3nico nos lo env\u00edes desde la misma direcci\u00f3n que utilizaste para escribirnos.<\/p>\n\n\n\n<h3 class=\"wp-block-heading\" id=\"derecho-de-acceso\">Derecho de acceso<\/h3>\n\n\n\n<p>Tienes derecho a obtener confirmaci\u00f3n de si se est\u00e1n tratando o no datos personales que te conciernen y, en tal caso, derecho de acceso a los datos personales y a la informaci\u00f3n relacionada con su tratamiento.<\/p>\n\n\n\n<p>Tienes derecho a obtener una copia de los datos personales objeto de tratamiento.<\/p>\n\n\n\n<h3 class=\"wp-block-heading\" id=\"derecho-de-rectificacion\">Derecho de rectificaci\u00f3n<\/h3>\n\n\n\n<p>Tienes derecho a obtener sin dilaci\u00f3n indebida la rectificaci\u00f3n de los datos personales inexactos que te conciernen. Teniendo en cuenta los fines del tratamiento, tendr\u00e1s derecho a que se completen los datos personales que sean incompletos.<\/p>\n\n\n\n<h3 class=\"wp-block-heading\" id=\"derecho-de-supresion\">Derecho de supresi\u00f3n<\/h3>\n\n\n\n<p>Tienes derecho a obtener sin dilaci\u00f3n indebida la supresi\u00f3n de los datos personales que te conciernen.<\/p>\n\n\n\n<p>Estamos obligados a suprimir sin dilaci\u00f3n indebida los datos personales cuando concurra alguna de las circunstancias siguientes:<\/p>\n\n\n\n<ul class=\"wp-block-list\"><li>los datos personales ya no sean necesarios en relaci\u00f3n con los fines para los que fueron recogidos o tratados de otro modo;<\/li><li>el interesado retire el consentimiento prestado para fines espec\u00edficos o el consentimiento expreso prestado para el tratamiento de categor\u00edas especiales de datos, como los que revelen sus opiniones pol\u00edticas, mientras este tratamiento no se base en otro fundamento jur\u00eddico;<\/li><li>el interesado se oponga al tratamiento por motivos relacionados con su situaci\u00f3n particular y no prevalezcan otros motivos leg\u00edtimos para el tratamiento;<\/li><li>los datos personales hayan sido tratados il\u00edcitamente;<\/li><li>los datos personales deban suprimirse para el cumplimiento de una obligaci\u00f3n legal establecida en el Derecho de la Uni\u00f3n o de los Estados miembros que se aplique al responsable del tratamiento.<\/li><\/ul>\n\n\n\n<p>No ser\u00e1 aplicable la obligaci\u00f3n de supresi\u00f3n de los datos personales cuando el tratamiento sea necesario para:<\/p>\n\n\n\n<ul class=\"wp-block-list\"><li>ejercer el derecho a la libertad de expresi\u00f3n e informaci\u00f3n;<\/li><li>el cumplimiento de una obligaci\u00f3n legal que requiera el tratamiento de datos impuesta por el Derecho de la Uni\u00f3n o de los Estados miembros que se aplique al responsable del tratamiento;<\/li><li>el cumplimiento de una misi\u00f3n realizada en inter\u00e9s p\u00fablico o en el ejercicio de poderes p\u00fablicos conferidos al responsable;<\/li><li>con fines de archivo en inter\u00e9s p\u00fablico, fines de investigaci\u00f3n cient\u00edfica o hist\u00f3rica o fines estad\u00edsticos, en la medida en que el derecho a la supresi\u00f3n pudiera hacer imposible u obstaculizar gravemente el logro de los objetivos de dicho tratamiento;<\/li><li>para la formulaci\u00f3n, el ejercicio o la defensa de reclamaciones.<\/li><\/ul>\n\n\n\n<h2 class=\"wp-block-heading\" id=\"limitacion-del-tratamiento\">Limitaci\u00f3n del tratamiento<\/h2>\n\n\n\n<p>Tienes derecho a obtener la limitaci\u00f3n del tratamiento de los datos cuando se cumpla alguna de las condiciones siguientes:<\/p>\n\n\n\n<ul class=\"wp-block-list\"><li>&nbsp;Impugnes la exactitud de los datos personales, durante un plazo que nos permita verificar la exactitud de los mismos;<\/li><li>El tratamiento sea il\u00edcito y te opongas a la supresi\u00f3n de los datos personales y solicites en su lugar la limitaci\u00f3n de su uso;<\/li><li>No necesitemos los datos personales para los fines del tratamiento, pero los necesites para la formulaci\u00f3n, el ejercicio o la defensa de reclamaciones;<\/li><li>Te hayas opuesto al tratamiento por motivos relacionados con tu situaci\u00f3n particular, mientras se verifica si los motivos leg\u00edtimos como responsable del tratamiento prevalecen sobre los del interesado.<\/li><\/ul>\n\n\n\n<h2 class=\"wp-block-heading\" id=\"portabilidad-de-los-datos\">Portabilidad de los datos<\/h2>\n\n\n\n<p>Tienes derecho a recibir los datos personales que te incumban, en un formato estructurado, de uso com\u00fan y lectura mec\u00e1nica.<\/p>\n\n\n\n<h2 class=\"wp-block-heading\" id=\"oposicion-al-tratamiento\">Oposici\u00f3n al tratamiento<\/h2>\n\n\n\n<p>Tienes derecho a oponerte en cualquier momento, por motivos relacionados con tu situaci\u00f3n particular, a que datos personales que te conciernan sean objeto de un tratamiento basado en lo dispuesto en el art\u00edculo 6, apartado 1, letras e) o f) del RGPD. Dejaremos de tratar los datos personales, salvo que acreditemos motivos leg\u00edtimos imperiosos para el tratamiento que prevalezcan sobre los intereses, los derechos y las libertades del interesado, o para la formulaci\u00f3n, el ejercicio o la defensa de reclamaciones.<\/p>\n\n\n\n<h2 class=\"wp-block-heading\" id=\"revocacion-del-consentimiento\">Revocaci\u00f3n del consentimiento<\/h2>\n\n\n\n<p>Tienes derecho a retirar en cualquier momento el consentimiento que nos diste para tratar tus datos personales.<\/p>\n\n\n\n<h2 class=\"wp-block-heading\" id=\"reclamacion-ante-las-autoridades-de-proteccion-de-datos\">Reclamaci\u00f3n ante las autoridades de protecci\u00f3n de datos<\/h2>\n\n\n\n<p>Tienes derechos a reclamar ante las autoridades de control en materia de protecci\u00f3n de datos si consideras que tus datos personales no est\u00e1n siendo tratados de forma correcta.<\/p>\n\n\n\n<h2 class=\"wp-block-heading\" id=\"tratamiento-de-datos-de-menores-de-edad\">Tratamiento de datos de menores de edad<\/h2>\n\n\n\n<p>Nuestros servicios deben ser utilizados por mayores de 18 a\u00f1os, por lo que en el caso de que no tengas esta edad deber\u00e1s abstenerte de utilizarlos.<\/p>\n\n\n\n<p>Podremos requerir documentaci\u00f3n oficial para acreditar la edad.<\/p>\n\n\n\n<h2 class=\"wp-block-heading\" id=\"contenido-incrustado-de-otros-sitios-web\">Contenido incrustado de otros sitios web<\/h2>\n\n\n\n<p>Los contenidos de este sitio pueden incluir contenido incrustado (por ejemplo, v\u00eddeos, im\u00e1genes, art\u00edculos, etc.). El contenido incrustado de otras webs se comporta exactamente de la misma manera que si el visitante hubiera visitado la otra web.<\/p>\n\n\n\n<p>Estas web pueden recopilar datos sobre ti, utilizar cookies, incrustar un seguimiento adicional de terceros, y supervisar tu interacci\u00f3n con ese contenido incrustado, incluido el seguimiento de tu interacci\u00f3n con el contenido incrustado si tienes una cuenta y est\u00e1s conectado a esa web.<\/p>\n\n\n\n<h2 class=\"wp-block-heading\" id=\"con-quien-compartimos-tus-datos\">Con qui\u00e9n compartimos tus datos<\/h2>\n\n\n\n<p>Si solicitas un restablecimiento de contrase\u00f1a, tu direcci\u00f3n IP ser\u00e1 incluida en el correo electr\u00f3nico de restablecimiento.<\/p>\n","protected":false},"excerpt":{"rendered":"<p>Esta pol\u00edtica de privacidad ha sido redactada al amparo de lo dispuesto en el REGLAMENTO (UE) 2016\/679 DEL PARLAMENTO EUROPEO Y DEL CONSEJO de 27&hellip; <a class=\"more-link\" href=\"https:\/\/www.compassis.com\/en\/privacy-policy\/\">Continue reading <span class=\"screen-reader-text\">Privacy policy<\/span><\/a><\/p>\n","protected":false},"author":7,"featured_media":1894,"parent":0,"menu_order":0,"comment_status":"closed","ping_status":"open","template":"","meta":{"footnotes":""},"class_list":["post-2293","page","type-page","status-publish","has-post-thumbnail","hentry","entry"],"yoast_head":"<!-- This site is optimized with the Yoast SEO plugin v27.2 - https:\/\/yoast.com\/product\/yoast-seo-wordpress\/ -->\n<title>Privacy policy - Consultancy for design in engineering<\/title>\n<meta name=\"robots\" content=\"index, follow, max-snippet:-1, max-image-preview:large, max-video-preview:-1\" \/>\n<link rel=\"canonical\" href=\"https:\/\/www.compassis.com\/en\/privacy-policy\/\" \/>\n<meta property=\"og:locale\" content=\"en_US\" \/>\n<meta property=\"og:type\" content=\"article\" \/>\n<meta property=\"og:title\" content=\"Privacy policy - Consultancy for design in engineering\" \/>\n<meta property=\"og:description\" content=\"Esta pol\u00edtica de privacidad ha sido redactada al amparo de lo dispuesto en el REGLAMENTO (UE) 2016\/679 DEL PARLAMENTO EUROPEO Y DEL CONSEJO de 27&hellip; Continue reading Privacy policy\" \/>\n<meta property=\"og:url\" content=\"https:\/\/www.compassis.com\/en\/privacy-policy\/\" \/>\n<meta property=\"og:site_name\" content=\"Consultancy for design in engineering\" \/>\n<meta property=\"article:modified_time\" content=\"2022-04-14T08:19:45+00:00\" \/>\n<meta property=\"og:image\" content=\"https:\/\/www.compassis.com\/downloads\/2022\/02\/tutorial-header.jpg\" \/>\n\t<meta property=\"og:image:width\" content=\"1920\" \/>\n\t<meta property=\"og:image:height\" content=\"447\" \/>\n\t<meta property=\"og:image:type\" content=\"image\/jpeg\" \/>\n<meta name=\"twitter:card\" content=\"summary_large_image\" \/>\n<meta name=\"twitter:label1\" content=\"Est. reading time\" \/>\n\t<meta name=\"twitter:data1\" content=\"6 minutes\" \/>\n<script type=\"application\/ld+json\" class=\"yoast-schema-graph\">{\"@context\":\"https:\/\/schema.org\",\"@graph\":[{\"@type\":\"WebPage\",\"@id\":\"https:\/\/www.compassis.com\/en\/privacy-policy\/\",\"url\":\"https:\/\/www.compassis.com\/en\/privacy-policy\/\",\"name\":\"Privacy policy - Consultancy for design in engineering\",\"isPartOf\":{\"@id\":\"https:\/\/www.compassis.com\/en\/#website\"},\"primaryImageOfPage\":{\"@id\":\"https:\/\/www.compassis.com\/en\/privacy-policy\/#primaryimage\"},\"image\":{\"@id\":\"https:\/\/www.compassis.com\/en\/privacy-policy\/#primaryimage\"},\"thumbnailUrl\":\"https:\/\/www.compassis.com\/downloads\/2022\/02\/tutorial-header.jpg\",\"datePublished\":\"2021-10-19T17:06:44+00:00\",\"dateModified\":\"2022-04-14T08:19:45+00:00\",\"breadcrumb\":{\"@id\":\"https:\/\/www.compassis.com\/en\/privacy-policy\/#breadcrumb\"},\"inLanguage\":\"en-US\",\"potentialAction\":[{\"@type\":\"ReadAction\",\"target\":[\"https:\/\/www.compassis.com\/en\/privacy-policy\/\"]}]},{\"@type\":\"ImageObject\",\"inLanguage\":\"en-US\",\"@id\":\"https:\/\/www.compassis.com\/en\/privacy-policy\/#primaryimage\",\"url\":\"https:\/\/www.compassis.com\/downloads\/2022\/02\/tutorial-header.jpg\",\"contentUrl\":\"https:\/\/www.compassis.com\/downloads\/2022\/02\/tutorial-header.jpg\",\"width\":1920,\"height\":447,\"caption\":\"Cabecera manuales y tutoriales\"},{\"@type\":\"BreadcrumbList\",\"@id\":\"https:\/\/www.compassis.com\/en\/privacy-policy\/#breadcrumb\",\"itemListElement\":[{\"@type\":\"ListItem\",\"position\":1,\"name\":\"Home\",\"item\":\"https:\/\/www.compassis.com\/en\/\"},{\"@type\":\"ListItem\",\"position\":2,\"name\":\"Privacy policy\"}]},{\"@type\":\"WebSite\",\"@id\":\"https:\/\/www.compassis.com\/en\/#website\",\"url\":\"https:\/\/www.compassis.com\/en\/\",\"name\":\"Consultancy for design in engineering\",\"description\":\"Ingenier\u00eda y Sistemas\",\"publisher\":{\"@id\":\"https:\/\/www.compassis.com\/en\/#organization\"},\"potentialAction\":[{\"@type\":\"SearchAction\",\"target\":{\"@type\":\"EntryPoint\",\"urlTemplate\":\"https:\/\/www.compassis.com\/en\/?s={search_term_string}\"},\"query-input\":{\"@type\":\"PropertyValueSpecification\",\"valueRequired\":true,\"valueName\":\"search_term_string\"}}],\"inLanguage\":\"en-US\"},{\"@type\":\"Organization\",\"@id\":\"https:\/\/www.compassis.com\/en\/#organization\",\"name\":\"Compass\",\"url\":\"https:\/\/www.compassis.com\/en\/\",\"logo\":{\"@type\":\"ImageObject\",\"inLanguage\":\"en-US\",\"@id\":\"https:\/\/www.compassis.com\/en\/#\/schema\/logo\/image\/\",\"url\":\"https:\/\/www.compassis.com\/downloads\/2022\/07\/COMPASS_logo_Tdyn_Icono_256x.png\",\"contentUrl\":\"https:\/\/www.compassis.com\/downloads\/2022\/07\/COMPASS_logo_Tdyn_Icono_256x.png\",\"width\":256,\"height\":256,\"caption\":\"Compass\"},\"image\":{\"@id\":\"https:\/\/www.compassis.com\/en\/#\/schema\/logo\/image\/\"},\"sameAs\":[\"https:\/\/www.linkedin.com\/company\/1264339\/admin\/\"]}]}<\/script>\n<!-- \/ Yoast SEO plugin. -->","yoast_head_json":{"title":"Privacy policy - Consultancy for design in engineering","robots":{"index":"index","follow":"follow","max-snippet":"max-snippet:-1","max-image-preview":"max-image-preview:large","max-video-preview":"max-video-preview:-1"},"canonical":"https:\/\/www.compassis.com\/en\/privacy-policy\/","og_locale":"en_US","og_type":"article","og_title":"Privacy policy - Consultancy for design in engineering","og_description":"Esta pol\u00edtica de privacidad ha sido redactada al amparo de lo dispuesto en el REGLAMENTO (UE) 2016\/679 DEL PARLAMENTO EUROPEO Y DEL CONSEJO de 27&hellip; Continue reading Privacy policy","og_url":"https:\/\/www.compassis.com\/en\/privacy-policy\/","og_site_name":"Consultancy for design in engineering","article_modified_time":"2022-04-14T08:19:45+00:00","og_image":[{"width":1920,"height":447,"url":"https:\/\/www.compassis.com\/downloads\/2022\/02\/tutorial-header.jpg","type":"image\/jpeg"}],"twitter_card":"summary_large_image","twitter_misc":{"Est. reading time":"6 minutes"},"schema":{"@context":"https:\/\/schema.org","@graph":[{"@type":"WebPage","@id":"https:\/\/www.compassis.com\/en\/privacy-policy\/","url":"https:\/\/www.compassis.com\/en\/privacy-policy\/","name":"Privacy policy - Consultancy for design in engineering","isPartOf":{"@id":"https:\/\/www.compassis.com\/en\/#website"},"primaryImageOfPage":{"@id":"https:\/\/www.compassis.com\/en\/privacy-policy\/#primaryimage"},"image":{"@id":"https:\/\/www.compassis.com\/en\/privacy-policy\/#primaryimage"},"thumbnailUrl":"https:\/\/www.compassis.com\/downloads\/2022\/02\/tutorial-header.jpg","datePublished":"2021-10-19T17:06:44+00:00","dateModified":"2022-04-14T08:19:45+00:00","breadcrumb":{"@id":"https:\/\/www.compassis.com\/en\/privacy-policy\/#breadcrumb"},"inLanguage":"en-US","potentialAction":[{"@type":"ReadAction","target":["https:\/\/www.compassis.com\/en\/privacy-policy\/"]}]},{"@type":"ImageObject","inLanguage":"en-US","@id":"https:\/\/www.compassis.com\/en\/privacy-policy\/#primaryimage","url":"https:\/\/www.compassis.com\/downloads\/2022\/02\/tutorial-header.jpg","contentUrl":"https:\/\/www.compassis.com\/downloads\/2022\/02\/tutorial-header.jpg","width":1920,"height":447,"caption":"Cabecera manuales y tutoriales"},{"@type":"BreadcrumbList","@id":"https:\/\/www.compassis.com\/en\/privacy-policy\/#breadcrumb","itemListElement":[{"@type":"ListItem","position":1,"name":"Home","item":"https:\/\/www.compassis.com\/en\/"},{"@type":"ListItem","position":2,"name":"Privacy policy"}]},{"@type":"WebSite","@id":"https:\/\/www.compassis.com\/en\/#website","url":"https:\/\/www.compassis.com\/en\/","name":"Consultancy for design in engineering","description":"Ingenier\u00eda y Sistemas","publisher":{"@id":"https:\/\/www.compassis.com\/en\/#organization"},"potentialAction":[{"@type":"SearchAction","target":{"@type":"EntryPoint","urlTemplate":"https:\/\/www.compassis.com\/en\/?s={search_term_string}"},"query-input":{"@type":"PropertyValueSpecification","valueRequired":true,"valueName":"search_term_string"}}],"inLanguage":"en-US"},{"@type":"Organization","@id":"https:\/\/www.compassis.com\/en\/#organization","name":"Compass","url":"https:\/\/www.compassis.com\/en\/","logo":{"@type":"ImageObject","inLanguage":"en-US","@id":"https:\/\/www.compassis.com\/en\/#\/schema\/logo\/image\/","url":"https:\/\/www.compassis.com\/downloads\/2022\/07\/COMPASS_logo_Tdyn_Icono_256x.png","contentUrl":"https:\/\/www.compassis.com\/downloads\/2022\/07\/COMPASS_logo_Tdyn_Icono_256x.png","width":256,"height":256,"caption":"Compass"},"image":{"@id":"https:\/\/www.compassis.com\/en\/#\/schema\/logo\/image\/"},"sameAs":["https:\/\/www.linkedin.com\/company\/1264339\/admin\/"]}]}},"_links":{"self":[{"href":"https:\/\/www.compassis.com\/en\/wp-json\/wp\/v2\/pages\/2293","targetHints":{"allow":["GET"]}}],"collection":[{"href":"https:\/\/www.compassis.com\/en\/wp-json\/wp\/v2\/pages"}],"about":[{"href":"https:\/\/www.compassis.com\/en\/wp-json\/wp\/v2\/types\/page"}],"author":[{"embeddable":true,"href":"https:\/\/www.compassis.com\/en\/wp-json\/wp\/v2\/users\/7"}],"replies":[{"embeddable":true,"href":"https:\/\/www.compassis.com\/en\/wp-json\/wp\/v2\/comments?post=2293"}],"version-history":[{"count":0,"href":"https:\/\/www.compassis.com\/en\/wp-json\/wp\/v2\/pages\/2293\/revisions"}],"wp:featuredmedia":[{"embeddable":true,"href":"https:\/\/www.compassis.com\/en\/wp-json\/wp\/v2\/media\/1894"}],"wp:attachment":[{"href":"https:\/\/www.compassis.com\/en\/wp-json\/wp\/v2\/media?parent=2293"}],"curies":[{"name":"wp","href":"https:\/\/api.w.org\/{rel}","templated":true}]}}