{"id":2287,"date":"2021-12-02T16:35:10","date_gmt":"2021-12-02T16:35:10","guid":{"rendered":"https:\/\/www.compassis.com\/generador-de-contrasenas\/"},"modified":"2025-07-31T14:58:20","modified_gmt":"2025-07-31T14:58:20","slug":"password-generator","status":"publish","type":"page","link":"https:\/\/www.compassis.com\/en\/password-generator\/","title":{"rendered":"Password generator"},"content":{"rendered":"\n<h3 class=\"wp-block-heading has-text-align-center\" id=\"compass-ofrece-servicios-y-software-de-ingenieria-avanzados-interesado-prueba-nuestro-software-con-una-contrasena-temporal-compass-ofrece-a-sus-clientes-servicios-y-software-de-gran-calidad-con-el-fin-de-mostrar-nuestros-productos-y-tecnologia-a-potenciales-usuarios-ofrecemos-el-servicio-de-prueba-demostracion-suministrando-una-contrasena-temporal-de-nuestros-productos\"><mark style=\"background-color:rgba(0, 0, 0, 0)\" class=\"has-inline-color has-azul-enlaces-color\"><strong>Compass<\/strong>&nbsp;offers advanced simulation software and services in engineering.<\/mark><br>Interested? <strong>Try our software<\/strong> with a temporary password.<\/h3>\n\n\n\n<p class=\"sin-bajo\">Temporary <strong>passwords<\/strong>&nbsp;will&nbsp;<strong>allow you:<\/strong><\/p>\n\n\n\n<ul class=\"wp-block-list\">\n<li><strong>The full non-commercial use<\/strong>&nbsp;of the software&nbsp;<strong>for a 30 days period<\/strong>.<\/li>\n\n\n\n<li><strong>The activation of all the options<\/strong>&nbsp;of the software <strong>without restriction<\/strong>.<\/li>\n<\/ul>\n\n\n\n<p>We kindly remind you that <strong>the purpose of these passwords<\/strong> is solely to perform an <strong>evaluation of the software<\/strong> and make sure it suits your needs, as well as academic and research projects with non-commercial purposes. <strong>The use of the evaluation password for any professional or production works, is not allowed.<\/strong><\/p>\n\n\n\n<p><strong>The generated password will be sent to the given email address.<\/strong><\/p>\n\n\n\n<details class=\"wp-block-details has-azul-enlaces-color has-text-color has-link-color wp-elements-d82a086d24831ce569a9312462229538 is-layout-flow wp-block-details-is-layout-flow\"><summary>Where do I find the data for generating passwords (Computer name\/System information)?<\/summary>\n<p><strong>Once Tdyn is installed<\/strong>, the <strong>validation <\/strong>of the software is done through <strong>Help&gt;Register<\/strong> option in the top Menu, from which a window shows up. To obtain the passwords it is required to provide the computer\u2019s name (<strong>Name<\/strong>) and the system information (<strong>Sysinfo<\/strong>). It is recommended to copy and paste them from the window into the password generator. Remember to select<strong> &#8220;Also GiD Password&#8221;<\/strong> to validate both Tdyn and also the preprocessor\/mesher.<\/p>\n\n\n\n<p><\/p>\n\n\n\n<figure class=\"wp-block-image size-full\"><img fetchpriority=\"high\" decoding=\"async\" width=\"592\" height=\"358\" src=\"https:\/\/www.compassis.com\/downloads\/2024\/08\/help_reg_orig.jpg\" alt=\"\" class=\"wp-image-4645\" srcset=\"https:\/\/www.compassis.com\/downloads\/2024\/08\/help_reg_orig.jpg 592w, https:\/\/www.compassis.com\/downloads\/2024\/08\/help_reg_orig-300x181.jpg 300w\" sizes=\"(max-width: 592px) 100vw, 592px\" \/><\/figure>\n<\/details>\n\n\n\n<div class=\"wpcf7 no-js\" id=\"wpcf7-f4162-o1\" lang=\"en-US\" dir=\"ltr\" data-wpcf7-id=\"4162\">\n<div class=\"screen-reader-response\"><p role=\"status\" aria-live=\"polite\" aria-atomic=\"true\"><\/p> <ul><\/ul><\/div>\n<form action=\"\/en\/wp-json\/wp\/v2\/pages\/2287#wpcf7-f4162-o1\" method=\"post\" class=\"wpcf7-form init\" aria-label=\"Contact form\" novalidate=\"novalidate\" data-status=\"init\">\n<fieldset class=\"hidden-fields-container\"><input type=\"hidden\" name=\"_wpcf7\" value=\"4162\" \/><input type=\"hidden\" name=\"_wpcf7_version\" value=\"6.1.5\" \/><input type=\"hidden\" name=\"_wpcf7_locale\" value=\"en_US\" \/><input type=\"hidden\" name=\"_wpcf7_unit_tag\" value=\"wpcf7-f4162-o1\" \/><input type=\"hidden\" name=\"_wpcf7_container_post\" value=\"0\" \/><input type=\"hidden\" name=\"_wpcf7_posted_data_hash\" value=\"\" \/><input type=\"hidden\" name=\"_wpcf7cf_hidden_group_fields\" value=\"[]\" \/><input type=\"hidden\" name=\"_wpcf7cf_hidden_groups\" value=\"[]\" \/><input type=\"hidden\" name=\"_wpcf7cf_visible_groups\" value=\"[]\" \/><input type=\"hidden\" name=\"_wpcf7cf_repeaters\" value=\"[]\" \/><input type=\"hidden\" name=\"_wpcf7cf_steps\" value=\"{}\" \/><input type=\"hidden\" name=\"_wpcf7cf_options\" value=\"{&quot;form_id&quot;:4162,&quot;conditions&quot;:[],&quot;settings&quot;:{&quot;animation&quot;:&quot;yes&quot;,&quot;animation_intime&quot;:200,&quot;animation_outtime&quot;:200,&quot;conditions_ui&quot;:&quot;normal&quot;,&quot;notice_dismissed&quot;:false,&quot;notice_dismissed_rollback-cf7-6.1&quot;:true,&quot;notice_dismissed_rollback-cf7-6.1.2&quot;:true}}\" \/><input type=\"hidden\" name=\"redirect_nonce\" value=\"fa518e0410\" \/><input type=\"hidden\" name=\"_wpcf7_recaptcha_response\" value=\"\" \/>\n<\/fieldset>\n<div class=\"generador-claves\">\n\t<h3>Personal Information\n\t<\/h3>\n\t<div class=\"wp-block-columns\">\n\t\t<div class=\"wp-block-column\">\n\t\t\t<p><label for=\"your-name\">Name<\/label><br \/>\n<span class=\"wpcf7-form-control-wrap\" data-name=\"your-name\"><input size=\"40\" maxlength=\"400\" class=\"wpcf7-form-control wpcf7-text\" aria-invalid=\"false\" placeholder=\"Name\" value=\"\" type=\"text\" name=\"your-name\" \/><\/span>\n\t\t\t<\/p>\n\t\t<\/div>\n\t\t<div class=\"wp-block-column\">\n\t\t\t<p><label for=\"your-company\">* Company<\/label><br \/>\n<span class=\"wpcf7-form-control-wrap\" data-name=\"your-company\"><input size=\"40\" maxlength=\"400\" class=\"wpcf7-form-control wpcf7-text wpcf7-validates-as-required\" aria-required=\"true\" aria-invalid=\"false\" placeholder=\"Company\" value=\"\" type=\"text\" name=\"your-company\" \/><\/span>\n\t\t\t<\/p>\n\t\t<\/div>\n\t<\/div>\n\t<div class=\"wp-block-columns\">\n\t\t<div class=\"wp-block-column\">\n\t\t\t<p><label for=\"your-email\">* Email<\/label><br \/>\n<span class=\"wpcf7-form-control-wrap\" data-name=\"your-email\"><input size=\"40\" maxlength=\"400\" class=\"wpcf7-form-control wpcf7-email wpcf7-validates-as-required wpcf7-text wpcf7-validates-as-email\" aria-required=\"true\" aria-invalid=\"false\" placeholder=\"Email\" value=\"\" type=\"email\" name=\"your-email\" \/><\/span>\n\t\t\t<\/p>\n\t\t<\/div>\n\t\t<div class=\"wp-block-column\">\n\t\t\t<p><label for=\"your-country\">* Country<\/label><br \/>\n<span class=\"wpcf7-form-control-wrap\" data-name=\"your-country\"><input size=\"40\" class=\"wpcf7-form-control wpcf7-countrytext wpcf7-validates-as-required wpcf7-text wpcf7-validates-as-countrytext\" aria-required=\"true\" aria-invalid=\"false\" placeholder=\"Country\" value=\"\" type=\"text\" name=\"your-country\" \/><\/span>\n\t\t\t<\/p>\n\t\t<\/div>\n\t<\/div>\n\t<h3>Data to generate the Password <small> <b> You can find this information in Help>Register <\/b> <\/small>\n\t<\/h3>\n\t<div class=\"wp-block-columns\">\n\t\t<div class=\"wp-block-column is-vertically-aligned-top\">\n\t\t\t<p><label for=\"p_Module\">* Module<\/label><br \/>\n<span class=\"wpcf7-form-control-wrap\" data-name=\"p_Module\"><select class=\"wpcf7-form-control wpcf7-select wpcf7-validates-as-required\" aria-required=\"true\" aria-invalid=\"false\" name=\"p_Module\"><option value=\"ESeaFEM Full version 1\">ESeaFEM Full version 1<\/option><option value=\"Tdyn WindTunnel Full version 1\">Tdyn WindTunnel Full version 1<\/option><option value=\"SpreadDEM version 2\">SpreadDEM version 2<\/option><option value=\"Tdyn CFD+HT version 16\">Tdyn CFD+HT version 16<\/option><option value=\"Tdyn CFD+HT version 15\">Tdyn CFD+HT version 15<\/option><option value=\"Tdyn CFD+HT version 14\">Tdyn CFD+HT version 14<\/option><option value=\"Tdyn CFD+HT version 13\">Tdyn CFD+HT version 13<\/option><option value=\"Tdyn CFD+HT version 12\">Tdyn CFD+HT version 12<\/option><option value=\"RamSeries version 16\">RamSeries version 16<\/option><option value=\"RamSeries version 15\">RamSeries version 15<\/option><option value=\"RamSeries version 14\">RamSeries version 14<\/option><option value=\"RamSeries version 13\">RamSeries version 13<\/option><option value=\"RamSeries version 12\">RamSeries version 12<\/option><option value=\"RamSeries version 11\">RamSeries version 11<\/option><option value=\"RamSeries version 6\">RamSeries version 6<\/option><option value=\"RamSeries version 5\">RamSeries version 5<\/option><option value=\"SeaFEM version 16\">SeaFEM version 16<\/option><option value=\"SeaFEM version 15\">SeaFEM version 15<\/option><option value=\"SeaFEM version 14\">SeaFEM version 14<\/option><option value=\"SeaFEM version 13\">SeaFEM version 13<\/option><option value=\"SeaFEM version 12\">SeaFEM version 12<\/option><option value=\"SeaFEM version 11\">SeaFEM version 11<\/option><option value=\"SeaFEM Linear version 16\">SeaFEM Linear version 16<\/option><option value=\"SeaFEM Linear version 15\">SeaFEM Linear version 15<\/option><option value=\"SeaFEM Linear version 14\">SeaFEM Linear version 14<\/option><option value=\"SeaFEM Linear version 13\">SeaFEM Linear version 13<\/option><option value=\"Tdyn version 11\">Tdyn version 11<\/option><option value=\"Tdyn version 5\">Tdyn version 5<\/option><option value=\"Nastran Int. version 4\">Nastran Int. version 4<\/option><option value=\"Nastran Int. version 3\">Nastran Int. version 3<\/option><option value=\"Lognoter\">Lognoter<\/option><option value=\"Lsdyna version 2\">Lsdyna version 2<\/option><option value=\"Lsdyna version 1\">Lsdyna version 1<\/option><option value=\"Abaqus version 4\">Abaqus version 4<\/option><option value=\"Abaqus version 3\">Abaqus version 3<\/option><option value=\"Compass server version 1\">Compass server version 1<\/option><option value=\"GiD version 16\">GiD version 16<\/option><option value=\"GiD version 15\">GiD version 15<\/option><option value=\"GiD version 14\">GiD version 14<\/option><option value=\"GiD version 13\">GiD version 13<\/option><option value=\"GiD version 12\">GiD version 12<\/option><option value=\"GiD version 11\">GiD version 11<\/option><option value=\"GiD version 10\">GiD version 10<\/option><option value=\"GiD version 9\">GiD version 9<\/option><option value=\"GiD version 8\">GiD version 8<\/option><\/select><\/span><br \/>\n<label for=\"p_Computer_name\">* Computer Name<\/label><br \/>\n<span class=\"wpcf7-form-control-wrap\" data-name=\"p_Computer_name\"><input size=\"40\" maxlength=\"400\" class=\"wpcf7-form-control wpcf7-text wpcf7-validates-as-required\" aria-required=\"true\" aria-invalid=\"false\" placeholder=\"Computer Name *\" value=\"\" type=\"text\" name=\"p_Computer_name\" \/><\/span>\n\t\t\t<\/p>\n\t\t<\/div>\n\t\t<div class=\"wp-block-column is-vertically-aligned-top\">\n\t\t\t<p><label for=\"p_Operating_system\">* Operating System<\/label><br \/>\n<span class=\"wpcf7-form-control-wrap\" data-name=\"p_Operating_system\"><select class=\"wpcf7-form-control wpcf7-select wpcf7-validates-as-required\" aria-required=\"true\" aria-invalid=\"false\" name=\"p_Operating_system\"><option value=\"windows\">windows<\/option><option value=\"linux\">linux<\/option><option value=\"darwin\">darwin<\/option><\/select><\/span><br \/>\n<label for=\"p_sysinfo\">* System information<\/label><br \/>\n<span class=\"wpcf7-form-control-wrap\" data-name=\"p_sysinfo\"><input size=\"40\" maxlength=\"400\" class=\"wpcf7-form-control wpcf7-text wpcf7-validates-as-required\" aria-required=\"true\" aria-invalid=\"false\" placeholder=\"System information *\" value=\"\" type=\"text\" name=\"p_sysinfo\" \/><\/span>\n\t\t\t<\/p>\n\t\t<\/div>\n\t<\/div>\n\t<p><span class=\"wpcf7-form-control-wrap\" data-name=\"checkbox-GiD-password\"><span class=\"wpcf7-form-control wpcf7-checkbox\"><span class=\"wpcf7-list-item first last\"><label><input type=\"checkbox\" name=\"checkbox-GiD-password[]\" value=\"Also GiD password (pre\/postprocessing)\" \/><span class=\"wpcf7-list-item-label\">Also GiD password (pre\/postprocessing)<\/span><\/label><\/span><\/span><\/span><br \/>\n<span class=\"wpcf7-form-control-wrap\" data-name=\"acceptance-term-condition\"><span class=\"wpcf7-form-control wpcf7-acceptance\"><span class=\"wpcf7-list-item\"><label><input type=\"checkbox\" name=\"acceptance-term-condition\" value=\"1\" aria-invalid=\"false\" \/><span class=\"wpcf7-list-item-label\">I agree to the <a href=\"\/en\/legal-advice\/#term-use\">Terms and Conditions<\/a> of use of the software<\/span><\/label><\/span><\/span><\/span><br \/>\n<span class=\"wpcf7-form-control-wrap\" data-name=\"acepto-rgpd\"><span class=\"wpcf7-form-control wpcf7-acceptance\"><span class=\"wpcf7-list-item\"><label><input type=\"checkbox\" name=\"acepto-rgpd\" value=\"1\" aria-invalid=\"false\" \/><span class=\"wpcf7-list-item-label\">I have read and accept the <a href=\"\/en\/privacy-policy\/\">Privacy Policy<\/a><\/span><\/label><\/span><\/span><\/span><br \/>\n<span class=\"wpcf7-form-control-wrap\" data-name=\"acceptance-newsletter\"><span class=\"wpcf7-form-control wpcf7-acceptance optional\"><span class=\"wpcf7-list-item\"><label><input type=\"checkbox\" name=\"acceptance-newsletter\" value=\"1\" aria-invalid=\"false\" \/><span class=\"wpcf7-list-item-label\">I want to subscribe to the newsletter to receive updates on CompassIS products and services.<\/span><\/label><\/span><\/span><\/span>\n\t<\/p>\n\t<p>Your privacy is important to Compass. Your data will not be shared with third parties for commercial purposes.\n\t<\/p>\n<input class=\"wpcf7-form-control wpcf7-hidden\" value=\"\/password-generated\/\" type=\"hidden\" name=\"url_redirect\" \/>\n\t<p><input class=\"wpcf7-form-control wpcf7-submit has-spinner\" type=\"submit\" value=\"Send\" \/>\n\t<\/p>\n<\/div><div class=\"wpcf7-response-output\" aria-hidden=\"true\"><\/div>\n<\/form>\n<\/div>\n\n","protected":false},"excerpt":{"rendered":"<p>Compass&nbsp;offers advanced simulation software and services in engineering.Interested? Try our software with a temporary password. Temporary passwords&nbsp;will&nbsp;allow you: We kindly remind you that the purpose&hellip; <a class=\"more-link\" href=\"https:\/\/www.compassis.com\/en\/password-generator\/\">Continue reading <span class=\"screen-reader-text\">Password generator<\/span><\/a><\/p>\n","protected":false},"author":7,"featured_media":2550,"parent":0,"menu_order":0,"comment_status":"closed","ping_status":"closed","template":"","meta":{"footnotes":""},"class_list":["post-2287","page","type-page","status-publish","has-post-thumbnail","hentry","entry"],"yoast_head":"<!-- This site is optimized with the Yoast SEO plugin v27.2 - https:\/\/yoast.com\/product\/yoast-seo-wordpress\/ -->\n<title>Password generator - Consultancy for design in engineering<\/title>\n<meta name=\"description\" content=\"Prueba nuestro software de ingenier\u00eda con una contrase\u00f1a temporal. Permite el uso de los programas por 30 d\u00edas y activar todas las opciones sin restricci\u00f3n\" \/>\n<meta name=\"robots\" content=\"index, follow, max-snippet:-1, max-image-preview:large, max-video-preview:-1\" \/>\n<link rel=\"canonical\" href=\"https:\/\/www.compassis.com\/en\/password-generator\/\" \/>\n<meta property=\"og:locale\" content=\"en_US\" \/>\n<meta property=\"og:type\" content=\"article\" \/>\n<meta property=\"og:title\" content=\"Password generator - Consultancy for design in engineering\" \/>\n<meta property=\"og:description\" content=\"Prueba nuestro software de ingenier\u00eda con una contrase\u00f1a temporal. Permite el uso de los programas por 30 d\u00edas y activar todas las opciones sin restricci\u00f3n\" \/>\n<meta property=\"og:url\" content=\"https:\/\/www.compassis.com\/en\/password-generator\/\" \/>\n<meta property=\"og:site_name\" content=\"Consultancy for design in engineering\" \/>\n<meta property=\"article:modified_time\" content=\"2025-07-31T14:58:20+00:00\" \/>\n<meta property=\"og:image\" content=\"https:\/\/www.compassis.com\/downloads\/2022\/05\/generador-contrasenas.jpg\" \/>\n\t<meta property=\"og:image:width\" content=\"1920\" \/>\n\t<meta property=\"og:image:height\" content=\"447\" \/>\n\t<meta property=\"og:image:type\" content=\"image\/jpeg\" \/>\n<meta name=\"twitter:card\" content=\"summary_large_image\" \/>\n<meta name=\"twitter:label1\" content=\"Est. reading time\" \/>\n\t<meta name=\"twitter:data1\" content=\"2 minutes\" \/>\n<script type=\"application\/ld+json\" class=\"yoast-schema-graph\">{\"@context\":\"https:\/\/schema.org\",\"@graph\":[{\"@type\":\"WebPage\",\"@id\":\"https:\/\/www.compassis.com\/en\/password-generator\/\",\"url\":\"https:\/\/www.compassis.com\/en\/password-generator\/\",\"name\":\"Password generator - Consultancy for design in engineering\",\"isPartOf\":{\"@id\":\"https:\/\/www.compassis.com\/en\/#website\"},\"primaryImageOfPage\":{\"@id\":\"https:\/\/www.compassis.com\/en\/password-generator\/#primaryimage\"},\"image\":{\"@id\":\"https:\/\/www.compassis.com\/en\/password-generator\/#primaryimage\"},\"thumbnailUrl\":\"https:\/\/www.compassis.com\/downloads\/2022\/05\/generador-contrasenas.jpg\",\"datePublished\":\"2021-12-02T16:35:10+00:00\",\"dateModified\":\"2025-07-31T14:58:20+00:00\",\"description\":\"Prueba nuestro software de ingenier\u00eda con una contrase\u00f1a temporal. Permite el uso de los programas por 30 d\u00edas y activar todas las opciones sin restricci\u00f3n\",\"breadcrumb\":{\"@id\":\"https:\/\/www.compassis.com\/en\/password-generator\/#breadcrumb\"},\"inLanguage\":\"en-US\",\"potentialAction\":[{\"@type\":\"ReadAction\",\"target\":[\"https:\/\/www.compassis.com\/en\/password-generator\/\"]}]},{\"@type\":\"ImageObject\",\"inLanguage\":\"en-US\",\"@id\":\"https:\/\/www.compassis.com\/en\/password-generator\/#primaryimage\",\"url\":\"https:\/\/www.compassis.com\/downloads\/2022\/05\/generador-contrasenas.jpg\",\"contentUrl\":\"https:\/\/www.compassis.com\/downloads\/2022\/05\/generador-contrasenas.jpg\",\"width\":1920,\"height\":447,\"caption\":\"header password generator\"},{\"@type\":\"BreadcrumbList\",\"@id\":\"https:\/\/www.compassis.com\/en\/password-generator\/#breadcrumb\",\"itemListElement\":[{\"@type\":\"ListItem\",\"position\":1,\"name\":\"Home\",\"item\":\"https:\/\/www.compassis.com\/en\/\"},{\"@type\":\"ListItem\",\"position\":2,\"name\":\"Password generator\"}]},{\"@type\":\"WebSite\",\"@id\":\"https:\/\/www.compassis.com\/en\/#website\",\"url\":\"https:\/\/www.compassis.com\/en\/\",\"name\":\"Consultancy for design in engineering\",\"description\":\"Ingenier\u00eda y Sistemas\",\"publisher\":{\"@id\":\"https:\/\/www.compassis.com\/en\/#organization\"},\"potentialAction\":[{\"@type\":\"SearchAction\",\"target\":{\"@type\":\"EntryPoint\",\"urlTemplate\":\"https:\/\/www.compassis.com\/en\/?s={search_term_string}\"},\"query-input\":{\"@type\":\"PropertyValueSpecification\",\"valueRequired\":true,\"valueName\":\"search_term_string\"}}],\"inLanguage\":\"en-US\"},{\"@type\":\"Organization\",\"@id\":\"https:\/\/www.compassis.com\/en\/#organization\",\"name\":\"Compass\",\"url\":\"https:\/\/www.compassis.com\/en\/\",\"logo\":{\"@type\":\"ImageObject\",\"inLanguage\":\"en-US\",\"@id\":\"https:\/\/www.compassis.com\/en\/#\/schema\/logo\/image\/\",\"url\":\"https:\/\/www.compassis.com\/downloads\/2022\/07\/COMPASS_logo_Tdyn_Icono_256x.png\",\"contentUrl\":\"https:\/\/www.compassis.com\/downloads\/2022\/07\/COMPASS_logo_Tdyn_Icono_256x.png\",\"width\":256,\"height\":256,\"caption\":\"Compass\"},\"image\":{\"@id\":\"https:\/\/www.compassis.com\/en\/#\/schema\/logo\/image\/\"},\"sameAs\":[\"https:\/\/www.linkedin.com\/company\/1264339\/admin\/\"]}]}<\/script>\n<!-- \/ Yoast SEO plugin. -->","yoast_head_json":{"title":"Password generator - Consultancy for design in engineering","description":"Prueba nuestro software de ingenier\u00eda con una contrase\u00f1a temporal. Permite el uso de los programas por 30 d\u00edas y activar todas las opciones sin restricci\u00f3n","robots":{"index":"index","follow":"follow","max-snippet":"max-snippet:-1","max-image-preview":"max-image-preview:large","max-video-preview":"max-video-preview:-1"},"canonical":"https:\/\/www.compassis.com\/en\/password-generator\/","og_locale":"en_US","og_type":"article","og_title":"Password generator - Consultancy for design in engineering","og_description":"Prueba nuestro software de ingenier\u00eda con una contrase\u00f1a temporal. Permite el uso de los programas por 30 d\u00edas y activar todas las opciones sin restricci\u00f3n","og_url":"https:\/\/www.compassis.com\/en\/password-generator\/","og_site_name":"Consultancy for design in engineering","article_modified_time":"2025-07-31T14:58:20+00:00","og_image":[{"width":1920,"height":447,"url":"https:\/\/www.compassis.com\/downloads\/2022\/05\/generador-contrasenas.jpg","type":"image\/jpeg"}],"twitter_card":"summary_large_image","twitter_misc":{"Est. reading time":"2 minutes"},"schema":{"@context":"https:\/\/schema.org","@graph":[{"@type":"WebPage","@id":"https:\/\/www.compassis.com\/en\/password-generator\/","url":"https:\/\/www.compassis.com\/en\/password-generator\/","name":"Password generator - Consultancy for design in engineering","isPartOf":{"@id":"https:\/\/www.compassis.com\/en\/#website"},"primaryImageOfPage":{"@id":"https:\/\/www.compassis.com\/en\/password-generator\/#primaryimage"},"image":{"@id":"https:\/\/www.compassis.com\/en\/password-generator\/#primaryimage"},"thumbnailUrl":"https:\/\/www.compassis.com\/downloads\/2022\/05\/generador-contrasenas.jpg","datePublished":"2021-12-02T16:35:10+00:00","dateModified":"2025-07-31T14:58:20+00:00","description":"Prueba nuestro software de ingenier\u00eda con una contrase\u00f1a temporal. Permite el uso de los programas por 30 d\u00edas y activar todas las opciones sin restricci\u00f3n","breadcrumb":{"@id":"https:\/\/www.compassis.com\/en\/password-generator\/#breadcrumb"},"inLanguage":"en-US","potentialAction":[{"@type":"ReadAction","target":["https:\/\/www.compassis.com\/en\/password-generator\/"]}]},{"@type":"ImageObject","inLanguage":"en-US","@id":"https:\/\/www.compassis.com\/en\/password-generator\/#primaryimage","url":"https:\/\/www.compassis.com\/downloads\/2022\/05\/generador-contrasenas.jpg","contentUrl":"https:\/\/www.compassis.com\/downloads\/2022\/05\/generador-contrasenas.jpg","width":1920,"height":447,"caption":"header password generator"},{"@type":"BreadcrumbList","@id":"https:\/\/www.compassis.com\/en\/password-generator\/#breadcrumb","itemListElement":[{"@type":"ListItem","position":1,"name":"Home","item":"https:\/\/www.compassis.com\/en\/"},{"@type":"ListItem","position":2,"name":"Password generator"}]},{"@type":"WebSite","@id":"https:\/\/www.compassis.com\/en\/#website","url":"https:\/\/www.compassis.com\/en\/","name":"Consultancy for design in engineering","description":"Ingenier\u00eda y Sistemas","publisher":{"@id":"https:\/\/www.compassis.com\/en\/#organization"},"potentialAction":[{"@type":"SearchAction","target":{"@type":"EntryPoint","urlTemplate":"https:\/\/www.compassis.com\/en\/?s={search_term_string}"},"query-input":{"@type":"PropertyValueSpecification","valueRequired":true,"valueName":"search_term_string"}}],"inLanguage":"en-US"},{"@type":"Organization","@id":"https:\/\/www.compassis.com\/en\/#organization","name":"Compass","url":"https:\/\/www.compassis.com\/en\/","logo":{"@type":"ImageObject","inLanguage":"en-US","@id":"https:\/\/www.compassis.com\/en\/#\/schema\/logo\/image\/","url":"https:\/\/www.compassis.com\/downloads\/2022\/07\/COMPASS_logo_Tdyn_Icono_256x.png","contentUrl":"https:\/\/www.compassis.com\/downloads\/2022\/07\/COMPASS_logo_Tdyn_Icono_256x.png","width":256,"height":256,"caption":"Compass"},"image":{"@id":"https:\/\/www.compassis.com\/en\/#\/schema\/logo\/image\/"},"sameAs":["https:\/\/www.linkedin.com\/company\/1264339\/admin\/"]}]}},"_links":{"self":[{"href":"https:\/\/www.compassis.com\/en\/wp-json\/wp\/v2\/pages\/2287","targetHints":{"allow":["GET"]}}],"collection":[{"href":"https:\/\/www.compassis.com\/en\/wp-json\/wp\/v2\/pages"}],"about":[{"href":"https:\/\/www.compassis.com\/en\/wp-json\/wp\/v2\/types\/page"}],"author":[{"embeddable":true,"href":"https:\/\/www.compassis.com\/en\/wp-json\/wp\/v2\/users\/7"}],"replies":[{"embeddable":true,"href":"https:\/\/www.compassis.com\/en\/wp-json\/wp\/v2\/comments?post=2287"}],"version-history":[{"count":17,"href":"https:\/\/www.compassis.com\/en\/wp-json\/wp\/v2\/pages\/2287\/revisions"}],"predecessor-version":[{"id":5238,"href":"https:\/\/www.compassis.com\/en\/wp-json\/wp\/v2\/pages\/2287\/revisions\/5238"}],"wp:featuredmedia":[{"embeddable":true,"href":"https:\/\/www.compassis.com\/en\/wp-json\/wp\/v2\/media\/2550"}],"wp:attachment":[{"href":"https:\/\/www.compassis.com\/en\/wp-json\/wp\/v2\/media?parent=2287"}],"curies":[{"name":"wp","href":"https:\/\/api.w.org\/{rel}","templated":true}]}}