{"id":2286,"date":"2021-10-21T08:40:40","date_gmt":"2021-10-21T08:40:40","guid":{"rendered":"https:\/\/www.compassis.com\/equipo\/"},"modified":"2022-07-05T08:55:46","modified_gmt":"2022-07-05T08:55:46","slug":"team","status":"publish","type":"page","link":"https:\/\/www.compassis.com\/en\/team\/","title":{"rendered":"Team"},"content":{"rendered":"\n<h3 class=\"has-text-align-center wp-block-heading\" id=\"somos-un-equipo-multidisciplinar-y-altamente-cualificado-acumulamos-anos-deexperiencia-y-a-la-vez-mantenemos-el-mismo-espiritu-innovador-y-energia-de-nuestra-etapa-inicial-como-parte-de-cimne\">Compass holds together a highly qualified and multidisciplinary team. On top of <strong>expertise<\/strong> built from years of delivering successful projects, the same innovative spirit and energy has persisted since the initial stage as part of CIMNE.<\/h3>\n\n\n\n<div class=\"wp-block-group alignfull has-fondo-claro-2-background-color has-background is-layout-flow wp-block-group-is-layout-flow\">\n<h2 class=\"alignwide wp-block-heading\" id=\"valores-como-trabajamos\">VALuES:<br>The way of compass<\/h2>\n\n\n\n<dl class=\"destacado\">\n<dt>Pushing forward<br>innovation<\/dt>\n<dd class=\"has-medium-font-size\">Our advanced software and consultancy solutions provide innovative answer to high complexity problems.<\/dd>\n<dt>With<br>reliability<\/dt>\n<dd class=\"has-medium-font-size\">An intensive research activity, and high added-value technology transfer work is performed from academic and research centers directly to the different industrial sectors.<\/dd>\n<dt>Opened to<br>synergies<\/dt>\n<dd class=\"has-medium-font-size\">We promote the creation of synergies with other companies and research institutions, by means of intensive and active participation in R&amp;D projects.<\/dd>\n<dt>Contributing to<br>dissemination<\/dt>\n<dd class=\"has-medium-font-size\">Highly compromised with clients and collaborators, in order to disseminate knowledge by means of training and support activities adapted to each company&#8217;s needs.<\/dd>\n<dt>Highly<br>versatile<\/dt>\n<dd class=\"has-medium-font-size\">Flexible enough to develop customized numerical tools, and help companies face their particular software and technical consultancy requirements.<\/dd>\n<\/dl>\n<\/div>\n\n\n\n<h2 class=\"alignwide wp-block-heading\" id=\"conoce-anuestro-equipo\">meet<br>our team<\/h2>\n\n\n\n<div class=\"wp-block-group alignwide is-layout-flow wp-block-group-is-layout-flow\">\n<div class=\"wp-block-columns aligndefault is-layout-flex wp-container-core-columns-is-layout-9d6595d7 wp-block-columns-is-layout-flex\">\n<div class=\"wp-block-column is-layout-flow wp-block-column-is-layout-flow\">\n<div class=\"wp-block-media-text alignwide has-media-on-the-right is-stacked-on-mobile is-vertically-aligned-top\" style=\"grid-template-columns:auto 45%\"><figure class=\"wp-block-media-text__media\"><img fetchpriority=\"high\" decoding=\"async\" width=\"370\" height=\"520\" src=\"https:\/\/www.compassis.com\/downloads\/2022\/03\/compass-equipo-dani-new.jpg\" alt=\"\" class=\"wp-image-2242 size-full\" srcset=\"https:\/\/www.compassis.com\/downloads\/2022\/03\/compass-equipo-dani-new.jpg 370w, https:\/\/www.compassis.com\/downloads\/2022\/03\/compass-equipo-dani-new-213x300.jpg 213w\" sizes=\"(max-width: 370px) 100vw, 370px\" \/><\/figure><div class=\"wp-block-media-text__content\">\n<p class=\"has-text-align-right\"><strong>Daniel S\u00e1<\/strong><\/p>\n\n\n\n<p class=\"has-text-align-right\">MSc Naval Architecture.<br>Specialized in CFD analysis and optimization of marine structures.<\/p>\n<\/div><\/div>\n<\/div>\n\n\n\n<div class=\"wp-block-column is-layout-flow wp-block-column-is-layout-flow\">\n<div class=\"wp-block-media-text alignwide has-media-on-the-right is-stacked-on-mobile is-vertically-aligned-top is-style-default\" style=\"grid-template-columns:auto 45%\"><figure class=\"wp-block-media-text__media\"><img decoding=\"async\" width=\"370\" height=\"520\" src=\"https:\/\/www.compassis.com\/downloads\/2022\/03\/compass-equipo-clara-new.jpg\" alt=\"\" class=\"wp-image-2246 size-full\" srcset=\"https:\/\/www.compassis.com\/downloads\/2022\/03\/compass-equipo-clara-new.jpg 370w, https:\/\/www.compassis.com\/downloads\/2022\/03\/compass-equipo-clara-new-213x300.jpg 213w\" sizes=\"(max-width: 370px) 100vw, 370px\" \/><\/figure><div class=\"wp-block-media-text__content\">\n<p class=\"has-text-align-left\"><strong>Clara Garc\u00eda<\/strong><\/p>\n\n\n\n<p class=\"has-text-align-left\">MSc Telecommunication Engineerign.<br>Specialized in code developing, BIM, and GUI optimization. <\/p>\n<\/div><\/div>\n<\/div>\n<\/div>\n\n\n\n<div class=\"wp-block-columns aligndefault is-layout-flex wp-container-core-columns-is-layout-9d6595d7 wp-block-columns-is-layout-flex\">\n<div class=\"wp-block-column is-layout-flow wp-block-column-is-layout-flow\">\n<div class=\"wp-block-media-text alignwide is-stacked-on-mobile is-vertically-aligned-top is-style-leg-top-left\" style=\"grid-template-columns:45% auto\"><figure class=\"wp-block-media-text__media\"><img decoding=\"async\" width=\"370\" height=\"520\" src=\"https:\/\/www.compassis.com\/downloads\/2022\/03\/compass-equipo-joel-new.jpg\" alt=\"\" class=\"wp-image-2248 size-full\" srcset=\"https:\/\/www.compassis.com\/downloads\/2022\/03\/compass-equipo-joel-new.jpg 370w, https:\/\/www.compassis.com\/downloads\/2022\/03\/compass-equipo-joel-new-213x300.jpg 213w\" sizes=\"(max-width: 370px) 100vw, 370px\" \/><\/figure><div class=\"wp-block-media-text__content\">\n<p class=\"has-text-align-right\"><strong>Dr. Joel Jurado<\/strong><\/p>\n\n\n\n<p class=\"has-text-align-right\">PhD Naval Architecture.<br>Specialized in analysis and optimization of composite structures.<\/p>\n<\/div><\/div>\n<\/div>\n\n\n\n<div class=\"wp-block-column is-layout-flow wp-block-column-is-layout-flow\">\n<div class=\"wp-block-media-text alignwide is-stacked-on-mobile is-vertically-aligned-top\" style=\"grid-template-columns:45% auto\"><figure class=\"wp-block-media-text__media\"><img loading=\"lazy\" decoding=\"async\" width=\"370\" height=\"520\" src=\"https:\/\/www.compassis.com\/downloads\/2022\/03\/compass-equipo-jaume-new.jpg\" alt=\"\" class=\"wp-image-2244 size-full\" srcset=\"https:\/\/www.compassis.com\/downloads\/2022\/03\/compass-equipo-jaume-new.jpg 370w, https:\/\/www.compassis.com\/downloads\/2022\/03\/compass-equipo-jaume-new-213x300.jpg 213w\" sizes=\"(max-width: 370px) 100vw, 370px\" \/><\/figure><div class=\"wp-block-media-text__content\">\n<p class=\"has-text-align-left\"><strong>Jaume Sagues<\/strong><\/p>\n\n\n\n<p class=\"has-text-align-left\">MSc Industrial Engineering. Specialized in FEM code developing and structural analysis.<br><\/p>\n<\/div><\/div>\n<\/div>\n<\/div>\n<\/div>\n\n\n\n<hr class=\"wp-block-separator has-css-opacity alignwide\"\/>\n\n\n\n<h3 class=\"has-text-align-center wp-block-heading\" id=\"quieres-unirte-a-nuestro-equipo\"><strong>WILLING TO JOIN<\/strong> OUR TEAM?<\/h3>\n\n\n\n<p class=\"has-text-align-center is-style-default has-medium-font-size\"><mark style=\"background-color:rgba(0, 0, 0, 0)\" class=\"has-inline-color has-azul-enlaces-color\">Compass contributes to model the future by means of advanced simulation engineering.<\/mark><br>If you are interested in being part of our project, let us know!<br>We offer opportunities to engineers, researchers, PhD students, as well as schollarships for .<\/p>\n\n\n<dl class=\"destacado centrado\">\n<dt>In Compass<br>you will be fulfilled if:<\/dt>\n<dd>Engineering, simulation and coding are among your passions.<br>Everyday learning motivates you.<br>You love to let your intiative run free.<br>You do not let complex problems beat you.<br>You are methodic and persistent, and\u2026<br>\u2026 you value a nice working atmosphere!<\/dd>\n<\/dl>\n\n\n<div class=\"wp-block-group alignfull contacto-gris has-fondo-claro-2-background-color has-background is-layout-flow wp-block-group-is-layout-flow\">\n<h2 class=\"seccion alignwide wp-block-heading\">CONTACT<br>WITH US<\/h2>\n\n\n\n<div class=\"wp-block-group alignwide is-layout-flow wp-block-group-is-layout-flow\">\n<div class=\"wp-block-columns is-layout-flex wp-container-core-columns-is-layout-9d6595d7 wp-block-columns-is-layout-flex\">\n<div class=\"wp-block-column is-layout-flow wp-block-column-is-layout-flow\" style=\"flex-basis:40%\">\n<figure class=\"wp-block-image alignright size-full is-resized\"><img loading=\"lazy\" decoding=\"async\" src=\"https:\/\/www.compassis.com\/downloads\/2021\/10\/icono-contacta-home.png\" alt=\"Contact with us\" class=\"wp-image-82\" width=\"115\" height=\"146\"\/><\/figure>\n<\/div>\n\n\n\n<div class=\"wp-block-column is-layout-flow wp-block-column-is-layout-flow\" style=\"flex-basis:60%\">\n<p><strong>Contact us for any enquiry:<\/strong><\/p>\n\n\n\n<ul class=\"is-style-flechas wp-block-list\"><li>Information about our consultancy services<\/li><li>Information about our software<\/li><li>Technical support<\/li><li>R&amp;D collaborations<\/li><li>Interest in working with us<\/li><\/ul>\n<\/div>\n<\/div>\n\n\n\n<div class=\"wpcf7 no-js\" id=\"wpcf7-f2305-o1\" lang=\"en-US\" dir=\"ltr\" data-wpcf7-id=\"2305\">\n<div class=\"screen-reader-response\"><p role=\"status\" aria-live=\"polite\" aria-atomic=\"true\"><\/p> <ul><\/ul><\/div>\n<form action=\"\/en\/wp-json\/wp\/v2\/pages\/2286#wpcf7-f2305-o1\" method=\"post\" class=\"wpcf7-form init\" aria-label=\"Contact form\" novalidate=\"novalidate\" data-status=\"init\">\n<fieldset class=\"hidden-fields-container\"><input type=\"hidden\" name=\"_wpcf7\" value=\"2305\" \/><input type=\"hidden\" name=\"_wpcf7_version\" value=\"6.1.5\" \/><input type=\"hidden\" name=\"_wpcf7_locale\" value=\"en_US\" \/><input type=\"hidden\" name=\"_wpcf7_unit_tag\" value=\"wpcf7-f2305-o1\" \/><input type=\"hidden\" name=\"_wpcf7_container_post\" value=\"0\" \/><input type=\"hidden\" name=\"_wpcf7_posted_data_hash\" value=\"\" \/><input type=\"hidden\" name=\"_wpcf7cf_hidden_group_fields\" value=\"[]\" \/><input type=\"hidden\" name=\"_wpcf7cf_hidden_groups\" value=\"[]\" \/><input type=\"hidden\" name=\"_wpcf7cf_visible_groups\" value=\"[]\" \/><input type=\"hidden\" name=\"_wpcf7cf_repeaters\" value=\"[]\" \/><input type=\"hidden\" name=\"_wpcf7cf_steps\" value=\"{}\" \/><input type=\"hidden\" name=\"_wpcf7cf_options\" value=\"{&quot;form_id&quot;:2305,&quot;conditions&quot;:[],&quot;settings&quot;:{&quot;animation&quot;:&quot;yes&quot;,&quot;animation_intime&quot;:200,&quot;animation_outtime&quot;:200,&quot;conditions_ui&quot;:&quot;normal&quot;,&quot;notice_dismissed&quot;:false,&quot;notice_dismissed_rollback-cf7-6.1&quot;:true,&quot;notice_dismissed_rollback-cf7-6.1.2&quot;:true}}\" \/><input type=\"hidden\" name=\"redirect_nonce\" value=\"3480d962dd\" \/><input type=\"hidden\" name=\"_wpcf7_recaptcha_response\" value=\"\" \/>\n<\/fieldset>\n<div class=\"wp-block-columns\">\n\t<div class=\"wp-block-column\">\n\t\t<p><label for=\"your-name\" class=\"screen-reader-text\">Name<\/label><span class=\"wpcf7-form-control-wrap\" data-name=\"your-name\"><input size=\"40\" maxlength=\"400\" class=\"wpcf7-form-control wpcf7-text wpcf7-validates-as-required\" aria-required=\"true\" aria-invalid=\"false\" placeholder=\"Name\" value=\"\" type=\"text\" name=\"your-name\" \/><\/span><br \/>\n<label for=\"your-email\" class=\"screen-reader-text\">Email<\/label><span class=\"wpcf7-form-control-wrap\" data-name=\"your-email\"><input size=\"40\" maxlength=\"400\" class=\"wpcf7-form-control wpcf7-email wpcf7-validates-as-required wpcf7-text wpcf7-validates-as-email\" aria-required=\"true\" aria-invalid=\"false\" placeholder=\"Email\" value=\"\" type=\"email\" name=\"your-email\" \/><\/span>\n\t\t<\/p>\n\t<\/div>\n\t<div class=\"wp-block-column\">\n\t\t<p><label for=\"your-company\" class=\"screen-reader-text\">Company<\/label><span class=\"wpcf7-form-control-wrap\" data-name=\"your-company\"><input size=\"40\" maxlength=\"400\" class=\"wpcf7-form-control wpcf7-text wpcf7-validates-as-required\" aria-required=\"true\" aria-invalid=\"false\" placeholder=\"Company\" value=\"\" type=\"text\" name=\"your-company\" \/><\/span><br \/>\n<label for=\"your-phone\" class=\"screen-reader-text\">Phone<\/label><span class=\"wpcf7-form-control-wrap\" data-name=\"your-phone\"><input size=\"40\" maxlength=\"400\" class=\"wpcf7-form-control wpcf7-tel wpcf7-text wpcf7-validates-as-tel\" aria-invalid=\"false\" placeholder=\"Phone Number\" value=\"\" type=\"tel\" name=\"your-phone\" \/><\/span>\n\t\t<\/p>\n\t<\/div>\n<\/div>\n<p><label for=\"your-message\" class=\"screen-reader-text\">Message (optional)<\/label><span class=\"wpcf7-form-control-wrap\" data-name=\"your-message\"><textarea cols=\"40\" rows=\"4\" maxlength=\"2000\" class=\"wpcf7-form-control wpcf7-textarea\" aria-invalid=\"false\" placeholder=\"Your message\" name=\"your-message\"><\/textarea><\/span><br \/>\n<span class=\"wpcf7-form-control-wrap\" data-name=\"acepto-rgpd\"><span class=\"wpcf7-form-control wpcf7-acceptance\"><span class=\"wpcf7-list-item\"><label><input type=\"checkbox\" name=\"acepto-rgpd\" value=\"1\" aria-invalid=\"false\" \/><span class=\"wpcf7-list-item-label\">I Accept the privacy policy<\/span><\/label><\/span><\/span><\/span>\n<\/p>\n<p style=\"text-align:center\"><input class=\"wpcf7-form-control wpcf7-submit has-spinner\" type=\"submit\" value=\"Send\" \/>\n<\/p><div class=\"wpcf7-response-output\" aria-hidden=\"true\"><\/div>\n<\/form>\n<\/div>\n\n<\/div>\n<\/div>\n","protected":false},"excerpt":{"rendered":"<p>Compass holds together a highly qualified and multidisciplinary team. On top of expertise built from years of delivering successful projects, the same innovative spirit and&hellip; <a class=\"more-link\" href=\"https:\/\/www.compassis.com\/en\/team\/\">Continue reading <span class=\"screen-reader-text\">Team<\/span><\/a><\/p>\n","protected":false},"author":7,"featured_media":2259,"parent":0,"menu_order":0,"comment_status":"closed","ping_status":"closed","template":"","meta":{"footnotes":""},"class_list":["post-2286","page","type-page","status-publish","has-post-thumbnail","hentry","entry"],"yoast_head":"<!-- This site is optimized with the Yoast SEO plugin v27.2 - https:\/\/yoast.com\/product\/yoast-seo-wordpress\/ -->\n<title>Team - Consultancy for design in engineering<\/title>\n<meta name=\"description\" content=\"Equipo de ingenieros multidisciplinar y altamente cualificado. M\u00e1s de 20 a\u00f1os de experiencia y el mismo esp\u00edritu innovador de nuestro origen universitario\" \/>\n<meta name=\"robots\" content=\"index, follow, max-snippet:-1, max-image-preview:large, max-video-preview:-1\" \/>\n<link rel=\"canonical\" href=\"https:\/\/www.compassis.com\/en\/team\/\" \/>\n<meta property=\"og:locale\" content=\"en_US\" \/>\n<meta property=\"og:type\" content=\"article\" \/>\n<meta property=\"og:title\" content=\"Team - Consultancy for design in engineering\" \/>\n<meta property=\"og:description\" content=\"Equipo de ingenieros multidisciplinar y altamente cualificado. M\u00e1s de 20 a\u00f1os de experiencia y el mismo esp\u00edritu innovador de nuestro origen universitario\" \/>\n<meta property=\"og:url\" content=\"https:\/\/www.compassis.com\/en\/team\/\" \/>\n<meta property=\"og:site_name\" content=\"Consultancy for design in engineering\" \/>\n<meta property=\"article:modified_time\" content=\"2022-07-05T08:55:46+00:00\" \/>\n<meta property=\"og:image\" content=\"https:\/\/www.compassis.com\/downloads\/2022\/03\/equipo-header-new3.jpg\" \/>\n\t<meta property=\"og:image:width\" content=\"1920\" \/>\n\t<meta property=\"og:image:height\" content=\"447\" \/>\n\t<meta property=\"og:image:type\" content=\"image\/jpeg\" \/>\n<meta name=\"twitter:card\" content=\"summary_large_image\" \/>\n<meta name=\"twitter:label1\" content=\"Est. reading time\" \/>\n\t<meta name=\"twitter:data1\" content=\"3 minutes\" \/>\n<script type=\"application\/ld+json\" class=\"yoast-schema-graph\">{\"@context\":\"https:\/\/schema.org\",\"@graph\":[{\"@type\":\"WebPage\",\"@id\":\"https:\/\/www.compassis.com\/en\/team\/\",\"url\":\"https:\/\/www.compassis.com\/en\/team\/\",\"name\":\"Team - Consultancy for design in engineering\",\"isPartOf\":{\"@id\":\"https:\/\/www.compassis.com\/en\/#website\"},\"primaryImageOfPage\":{\"@id\":\"https:\/\/www.compassis.com\/en\/team\/#primaryimage\"},\"image\":{\"@id\":\"https:\/\/www.compassis.com\/en\/team\/#primaryimage\"},\"thumbnailUrl\":\"https:\/\/www.compassis.com\/downloads\/2022\/03\/equipo-header-new3.jpg\",\"datePublished\":\"2021-10-21T08:40:40+00:00\",\"dateModified\":\"2022-07-05T08:55:46+00:00\",\"description\":\"Equipo de ingenieros multidisciplinar y altamente cualificado. M\u00e1s de 20 a\u00f1os de experiencia y el mismo esp\u00edritu innovador de nuestro origen universitario\",\"breadcrumb\":{\"@id\":\"https:\/\/www.compassis.com\/en\/team\/#breadcrumb\"},\"inLanguage\":\"en-US\",\"potentialAction\":[{\"@type\":\"ReadAction\",\"target\":[\"https:\/\/www.compassis.com\/en\/team\/\"]}]},{\"@type\":\"ImageObject\",\"inLanguage\":\"en-US\",\"@id\":\"https:\/\/www.compassis.com\/en\/team\/#primaryimage\",\"url\":\"https:\/\/www.compassis.com\/downloads\/2022\/03\/equipo-header-new3.jpg\",\"contentUrl\":\"https:\/\/www.compassis.com\/downloads\/2022\/03\/equipo-header-new3.jpg\",\"width\":1920,\"height\":447},{\"@type\":\"BreadcrumbList\",\"@id\":\"https:\/\/www.compassis.com\/en\/team\/#breadcrumb\",\"itemListElement\":[{\"@type\":\"ListItem\",\"position\":1,\"name\":\"Home\",\"item\":\"https:\/\/www.compassis.com\/en\/\"},{\"@type\":\"ListItem\",\"position\":2,\"name\":\"Team\"}]},{\"@type\":\"WebSite\",\"@id\":\"https:\/\/www.compassis.com\/en\/#website\",\"url\":\"https:\/\/www.compassis.com\/en\/\",\"name\":\"Consultancy for design in engineering\",\"description\":\"Ingenier\u00eda y Sistemas\",\"publisher\":{\"@id\":\"https:\/\/www.compassis.com\/en\/#organization\"},\"potentialAction\":[{\"@type\":\"SearchAction\",\"target\":{\"@type\":\"EntryPoint\",\"urlTemplate\":\"https:\/\/www.compassis.com\/en\/?s={search_term_string}\"},\"query-input\":{\"@type\":\"PropertyValueSpecification\",\"valueRequired\":true,\"valueName\":\"search_term_string\"}}],\"inLanguage\":\"en-US\"},{\"@type\":\"Organization\",\"@id\":\"https:\/\/www.compassis.com\/en\/#organization\",\"name\":\"Compass\",\"url\":\"https:\/\/www.compassis.com\/en\/\",\"logo\":{\"@type\":\"ImageObject\",\"inLanguage\":\"en-US\",\"@id\":\"https:\/\/www.compassis.com\/en\/#\/schema\/logo\/image\/\",\"url\":\"https:\/\/www.compassis.com\/downloads\/2022\/07\/COMPASS_logo_Tdyn_Icono_256x.png\",\"contentUrl\":\"https:\/\/www.compassis.com\/downloads\/2022\/07\/COMPASS_logo_Tdyn_Icono_256x.png\",\"width\":256,\"height\":256,\"caption\":\"Compass\"},\"image\":{\"@id\":\"https:\/\/www.compassis.com\/en\/#\/schema\/logo\/image\/\"},\"sameAs\":[\"https:\/\/www.linkedin.com\/company\/1264339\/admin\/\"]}]}<\/script>\n<!-- \/ Yoast SEO plugin. -->","yoast_head_json":{"title":"Team - Consultancy for design in engineering","description":"Equipo de ingenieros multidisciplinar y altamente cualificado. M\u00e1s de 20 a\u00f1os de experiencia y el mismo esp\u00edritu innovador de nuestro origen universitario","robots":{"index":"index","follow":"follow","max-snippet":"max-snippet:-1","max-image-preview":"max-image-preview:large","max-video-preview":"max-video-preview:-1"},"canonical":"https:\/\/www.compassis.com\/en\/team\/","og_locale":"en_US","og_type":"article","og_title":"Team - Consultancy for design in engineering","og_description":"Equipo de ingenieros multidisciplinar y altamente cualificado. M\u00e1s de 20 a\u00f1os de experiencia y el mismo esp\u00edritu innovador de nuestro origen universitario","og_url":"https:\/\/www.compassis.com\/en\/team\/","og_site_name":"Consultancy for design in engineering","article_modified_time":"2022-07-05T08:55:46+00:00","og_image":[{"width":1920,"height":447,"url":"https:\/\/www.compassis.com\/downloads\/2022\/03\/equipo-header-new3.jpg","type":"image\/jpeg"}],"twitter_card":"summary_large_image","twitter_misc":{"Est. reading time":"3 minutes"},"schema":{"@context":"https:\/\/schema.org","@graph":[{"@type":"WebPage","@id":"https:\/\/www.compassis.com\/en\/team\/","url":"https:\/\/www.compassis.com\/en\/team\/","name":"Team - Consultancy for design in engineering","isPartOf":{"@id":"https:\/\/www.compassis.com\/en\/#website"},"primaryImageOfPage":{"@id":"https:\/\/www.compassis.com\/en\/team\/#primaryimage"},"image":{"@id":"https:\/\/www.compassis.com\/en\/team\/#primaryimage"},"thumbnailUrl":"https:\/\/www.compassis.com\/downloads\/2022\/03\/equipo-header-new3.jpg","datePublished":"2021-10-21T08:40:40+00:00","dateModified":"2022-07-05T08:55:46+00:00","description":"Equipo de ingenieros multidisciplinar y altamente cualificado. M\u00e1s de 20 a\u00f1os de experiencia y el mismo esp\u00edritu innovador de nuestro origen universitario","breadcrumb":{"@id":"https:\/\/www.compassis.com\/en\/team\/#breadcrumb"},"inLanguage":"en-US","potentialAction":[{"@type":"ReadAction","target":["https:\/\/www.compassis.com\/en\/team\/"]}]},{"@type":"ImageObject","inLanguage":"en-US","@id":"https:\/\/www.compassis.com\/en\/team\/#primaryimage","url":"https:\/\/www.compassis.com\/downloads\/2022\/03\/equipo-header-new3.jpg","contentUrl":"https:\/\/www.compassis.com\/downloads\/2022\/03\/equipo-header-new3.jpg","width":1920,"height":447},{"@type":"BreadcrumbList","@id":"https:\/\/www.compassis.com\/en\/team\/#breadcrumb","itemListElement":[{"@type":"ListItem","position":1,"name":"Home","item":"https:\/\/www.compassis.com\/en\/"},{"@type":"ListItem","position":2,"name":"Team"}]},{"@type":"WebSite","@id":"https:\/\/www.compassis.com\/en\/#website","url":"https:\/\/www.compassis.com\/en\/","name":"Consultancy for design in engineering","description":"Ingenier\u00eda y Sistemas","publisher":{"@id":"https:\/\/www.compassis.com\/en\/#organization"},"potentialAction":[{"@type":"SearchAction","target":{"@type":"EntryPoint","urlTemplate":"https:\/\/www.compassis.com\/en\/?s={search_term_string}"},"query-input":{"@type":"PropertyValueSpecification","valueRequired":true,"valueName":"search_term_string"}}],"inLanguage":"en-US"},{"@type":"Organization","@id":"https:\/\/www.compassis.com\/en\/#organization","name":"Compass","url":"https:\/\/www.compassis.com\/en\/","logo":{"@type":"ImageObject","inLanguage":"en-US","@id":"https:\/\/www.compassis.com\/en\/#\/schema\/logo\/image\/","url":"https:\/\/www.compassis.com\/downloads\/2022\/07\/COMPASS_logo_Tdyn_Icono_256x.png","contentUrl":"https:\/\/www.compassis.com\/downloads\/2022\/07\/COMPASS_logo_Tdyn_Icono_256x.png","width":256,"height":256,"caption":"Compass"},"image":{"@id":"https:\/\/www.compassis.com\/en\/#\/schema\/logo\/image\/"},"sameAs":["https:\/\/www.linkedin.com\/company\/1264339\/admin\/"]}]}},"_links":{"self":[{"href":"https:\/\/www.compassis.com\/en\/wp-json\/wp\/v2\/pages\/2286","targetHints":{"allow":["GET"]}}],"collection":[{"href":"https:\/\/www.compassis.com\/en\/wp-json\/wp\/v2\/pages"}],"about":[{"href":"https:\/\/www.compassis.com\/en\/wp-json\/wp\/v2\/types\/page"}],"author":[{"embeddable":true,"href":"https:\/\/www.compassis.com\/en\/wp-json\/wp\/v2\/users\/7"}],"replies":[{"embeddable":true,"href":"https:\/\/www.compassis.com\/en\/wp-json\/wp\/v2\/comments?post=2286"}],"version-history":[{"count":7,"href":"https:\/\/www.compassis.com\/en\/wp-json\/wp\/v2\/pages\/2286\/revisions"}],"predecessor-version":[{"id":2829,"href":"https:\/\/www.compassis.com\/en\/wp-json\/wp\/v2\/pages\/2286\/revisions\/2829"}],"wp:featuredmedia":[{"embeddable":true,"href":"https:\/\/www.compassis.com\/en\/wp-json\/wp\/v2\/media\/2259"}],"wp:attachment":[{"href":"https:\/\/www.compassis.com\/en\/wp-json\/wp\/v2\/media?parent=2286"}],"curies":[{"name":"wp","href":"https:\/\/api.w.org\/{rel}","templated":true}]}}