{"id":2285,"date":"2021-12-21T12:00:18","date_gmt":"2021-12-21T12:00:18","guid":{"rendered":"https:\/\/www.compassis.com\/cursos-tutoriales\/"},"modified":"2022-05-12T14:47:33","modified_gmt":"2022-05-12T14:47:33","slug":"courses-tutorials","status":"publish","type":"page","link":"https:\/\/www.compassis.com\/en\/courses-tutorials\/","title":{"rendered":"Courses-tutorials"},"content":{"rendered":"\n<h3 class=\"has-text-align-center wp-block-heading\" id=\"compass-ofrece-una-serie-de-cursos-webinar-y-presenciales-destinados-a-ingenieros-que-deseen-conocer-mas-sobre-la-aplicacion-practica-de-las-distintas-tecnicas-de-calculo-por-ordenador-a-traves-de-demostraciones-realizadas-con-nuestros-productos\">Impartimos cursos <strong>webinar y presenciales<\/strong> para ingenieros interesados en <strong>profundizar en la<\/strong> <strong>aplicaci\u00f3n <\/strong>de las distintas <strong>t\u00e9cnicas de c\u00e1lculo<\/strong> por ordenador. Ofrecemos demostraciones pr\u00e1cticas con nuestros productos.<\/h3>\n\n\n\n<div class=\"wp-block-group alignfull lista-cursos has-fondo-claro-2-background-color has-background is-layout-flow wp-block-group-is-layout-flow\">\n<div class=\"wp-block-media-text alignwide is-stacked-on-mobile\" style=\"grid-template-columns:30% auto\"><figure class=\"wp-block-media-text__media\"><img fetchpriority=\"high\" decoding=\"async\" width=\"300\" height=\"300\" src=\"https:\/\/www.compassis.com\/downloads\/2022\/02\/comportamiento-en-mar2-300x300.jpg\" alt=\"Ingenier\u00eda comportamiento en la mar\" class=\"wp-image-1542 size-thumbnail\" srcset=\"https:\/\/www.compassis.com\/downloads\/2022\/02\/comportamiento-en-mar2-300x300.jpg 300w, https:\/\/www.compassis.com\/downloads\/2022\/02\/comportamiento-en-mar2.jpg 631w\" sizes=\"(max-width: 300px) 100vw, 300px\" \/><\/figure><div class=\"wp-block-media-text__content\">\n<p id=\"cursos-tdyn-sea-fem\"><strong>COMPORTAMIENTO EN LA MAR<\/strong><\/p>\n\n\n\n<p class=\"has-azul-enlaces-color has-text-color\" id=\"cursos-tdyn-sea-fem\"><strong>CURSOS Tdyn Sea FEM<\/strong><\/p>\n\n\n\n<ul class=\"is-style-flechas wp-block-list\"><li><a href=\"https:\/\/www.compassis.com\/cursos\/curso-seafem\/\">SeaFEM applied to seakeeping analyses<\/a><\/li><\/ul>\n\n\n\n<p class=\"has-large-font-size\"><\/p>\n<\/div><\/div>\n\n\n\n<div style=\"height:10px\" aria-hidden=\"true\" class=\"wp-block-spacer\"><\/div>\n\n\n\n<div class=\"wp-block-media-text alignwide is-stacked-on-mobile\" style=\"grid-template-columns:30% auto\"><figure class=\"wp-block-media-text__media\"><img decoding=\"async\" width=\"300\" height=\"300\" src=\"https:\/\/www.compassis.com\/downloads\/2022\/02\/software-dinamica-fluidos2-300x300.jpg\" alt=\"Ingenier\u00eda dn\u00e1mica de fluidos CFD\" class=\"wp-image-1540 size-thumbnail\" srcset=\"https:\/\/www.compassis.com\/downloads\/2022\/02\/software-dinamica-fluidos2-300x300.jpg 300w, https:\/\/www.compassis.com\/downloads\/2022\/02\/software-dinamica-fluidos2.jpg 631w\" sizes=\"(max-width: 300px) 100vw, 300px\" \/><\/figure><div class=\"wp-block-media-text__content\">\n<p id=\"cursos-tdyn-cfd-ht\"><strong>DIN\u00c1MICA DE FLUIDOS<\/strong><\/p>\n\n\n\n<p class=\"has-azul-enlaces-color has-text-color\" id=\"cursos-tdyn-cfd-ht\"><strong>CURSOS Tdyn CFD + HT<\/strong><\/p>\n\n\n\n<ul class=\"is-style-flechas wp-block-list\"><li><a href=\"https:\/\/www.compassis.com\/cursos\/curso-tdyn-cfdht-v14\/\">Tdyn. Release version 14.<\/a><\/li><\/ul>\n\n\n\n<p class=\"has-large-font-size\"><\/p>\n<\/div><\/div>\n\n\n\n<div style=\"height:10px\" aria-hidden=\"true\" class=\"wp-block-spacer\"><\/div>\n\n\n\n<div class=\"wp-block-media-text alignwide is-stacked-on-mobile\" style=\"grid-template-columns:30% auto\"><figure class=\"wp-block-media-text__media\"><img decoding=\"async\" width=\"300\" height=\"300\" src=\"https:\/\/www.compassis.com\/downloads\/2022\/02\/calculo-estructura-infraestructuras-300x300.jpg\" alt=\"Ingenier\u00eda Ramseries calculo estructural\" class=\"wp-image-1982 size-thumbnail\" srcset=\"https:\/\/www.compassis.com\/downloads\/2022\/02\/calculo-estructura-infraestructuras-300x300.jpg 300w, https:\/\/www.compassis.com\/downloads\/2022\/02\/calculo-estructura-infraestructuras.jpg 631w\" sizes=\"(max-width: 300px) 100vw, 300px\" \/><\/figure><div class=\"wp-block-media-text__content\">\n<p id=\"cursos-tdyn-ram-series\"><strong>AN\u00c1LISIS ESTRUCTURAL<\/strong><\/p>\n\n\n\n<p class=\"has-azul-enlaces-color has-text-color\" id=\"cursos-tdyn-ram-series\"><strong>CURSOS Tdyn RAM SERIES<\/strong><\/p>\n\n\n\n<ul class=\"is-style-flechas wp-block-list\"><li><a href=\"https:\/\/www.compassis.com\/cursos\/curso-ramseries-dynamic\/\">RamSeries applied to structural dynamic analyses<\/a><\/li><li><a href=\"https:\/\/www.compassis.com\/cursos\/curso-ramseries\/\">RamSeries applied to the analyses of structures made of composite materials<\/a><\/li><\/ul>\n\n\n\n<p class=\"has-large-font-size\"><\/p>\n<\/div><\/div>\n<\/div>\n","protected":false},"excerpt":{"rendered":"<p>Impartimos cursos webinar y presenciales para ingenieros interesados en profundizar en la aplicaci\u00f3n de las distintas t\u00e9cnicas de c\u00e1lculo por ordenador. Ofrecemos demostraciones pr\u00e1cticas con&hellip; <a class=\"more-link\" href=\"https:\/\/www.compassis.com\/en\/courses-tutorials\/\">Continue reading <span class=\"screen-reader-text\">Courses-tutorials<\/span><\/a><\/p>\n","protected":false},"author":7,"featured_media":1896,"parent":0,"menu_order":0,"comment_status":"closed","ping_status":"closed","template":"","meta":{"footnotes":""},"class_list":["post-2285","page","type-page","status-publish","has-post-thumbnail","hentry","entry"],"yoast_head":"<!-- This site is optimized with the Yoast SEO plugin v27.2 - https:\/\/yoast.com\/product\/yoast-seo-wordpress\/ -->\n<title>Courses-tutorials - Consultancy for design in engineering<\/title>\n<meta name=\"description\" content=\"Cursos webinar y presenciales para ingenieros. Aplicaci\u00f3n pr\u00e1ctica de t\u00e9cnicas de c\u00e1lculo por ordenador, mediante demostraciones de nuestro software\" \/>\n<meta name=\"robots\" content=\"index, follow, max-snippet:-1, max-image-preview:large, max-video-preview:-1\" \/>\n<link rel=\"canonical\" href=\"https:\/\/www.compassis.com\/en\/courses-tutorials\/\" \/>\n<meta property=\"og:locale\" content=\"en_US\" \/>\n<meta property=\"og:type\" content=\"article\" \/>\n<meta property=\"og:title\" content=\"Courses-tutorials - Consultancy for design in engineering\" \/>\n<meta property=\"og:description\" content=\"Cursos webinar y presenciales para ingenieros. Aplicaci\u00f3n pr\u00e1ctica de t\u00e9cnicas de c\u00e1lculo por ordenador, mediante demostraciones de nuestro software\" \/>\n<meta property=\"og:url\" content=\"https:\/\/www.compassis.com\/en\/courses-tutorials\/\" \/>\n<meta property=\"og:site_name\" content=\"Consultancy for design in engineering\" \/>\n<meta property=\"article:modified_time\" content=\"2022-05-12T14:47:33+00:00\" \/>\n<meta property=\"og:image\" content=\"https:\/\/www.compassis.com\/downloads\/2022\/02\/consultoria-header.jpg\" \/>\n\t<meta property=\"og:image:width\" content=\"1920\" \/>\n\t<meta property=\"og:image:height\" content=\"447\" \/>\n\t<meta property=\"og:image:type\" content=\"image\/jpeg\" \/>\n<meta name=\"twitter:card\" content=\"summary_large_image\" \/>\n<meta name=\"twitter:label1\" content=\"Est. reading time\" \/>\n\t<meta name=\"twitter:data1\" content=\"1 minute\" \/>\n<script type=\"application\/ld+json\" class=\"yoast-schema-graph\">{\"@context\":\"https:\/\/schema.org\",\"@graph\":[{\"@type\":\"WebPage\",\"@id\":\"https:\/\/www.compassis.com\/en\/courses-tutorials\/\",\"url\":\"https:\/\/www.compassis.com\/en\/courses-tutorials\/\",\"name\":\"Courses-tutorials - Consultancy for design in engineering\",\"isPartOf\":{\"@id\":\"https:\/\/www.compassis.com\/en\/#website\"},\"primaryImageOfPage\":{\"@id\":\"https:\/\/www.compassis.com\/en\/courses-tutorials\/#primaryimage\"},\"image\":{\"@id\":\"https:\/\/www.compassis.com\/en\/courses-tutorials\/#primaryimage\"},\"thumbnailUrl\":\"https:\/\/www.compassis.com\/downloads\/2022\/02\/consultoria-header.jpg\",\"datePublished\":\"2021-12-21T12:00:18+00:00\",\"dateModified\":\"2022-05-12T14:47:33+00:00\",\"description\":\"Cursos webinar y presenciales para ingenieros. Aplicaci\u00f3n pr\u00e1ctica de t\u00e9cnicas de c\u00e1lculo por ordenador, mediante demostraciones de nuestro software\",\"breadcrumb\":{\"@id\":\"https:\/\/www.compassis.com\/en\/courses-tutorials\/#breadcrumb\"},\"inLanguage\":\"en-US\",\"potentialAction\":[{\"@type\":\"ReadAction\",\"target\":[\"https:\/\/www.compassis.com\/en\/courses-tutorials\/\"]}]},{\"@type\":\"ImageObject\",\"inLanguage\":\"en-US\",\"@id\":\"https:\/\/www.compassis.com\/en\/courses-tutorials\/#primaryimage\",\"url\":\"https:\/\/www.compassis.com\/downloads\/2022\/02\/consultoria-header.jpg\",\"contentUrl\":\"https:\/\/www.compassis.com\/downloads\/2022\/02\/consultoria-header.jpg\",\"width\":1920,\"height\":447,\"caption\":\"Consultor\u00eda en ingenier\u00eda\"},{\"@type\":\"BreadcrumbList\",\"@id\":\"https:\/\/www.compassis.com\/en\/courses-tutorials\/#breadcrumb\",\"itemListElement\":[{\"@type\":\"ListItem\",\"position\":1,\"name\":\"Home\",\"item\":\"https:\/\/www.compassis.com\/en\/\"},{\"@type\":\"ListItem\",\"position\":2,\"name\":\"Courses-tutorials\"}]},{\"@type\":\"WebSite\",\"@id\":\"https:\/\/www.compassis.com\/en\/#website\",\"url\":\"https:\/\/www.compassis.com\/en\/\",\"name\":\"Consultancy for design in engineering\",\"description\":\"Ingenier\u00eda y Sistemas\",\"publisher\":{\"@id\":\"https:\/\/www.compassis.com\/en\/#organization\"},\"potentialAction\":[{\"@type\":\"SearchAction\",\"target\":{\"@type\":\"EntryPoint\",\"urlTemplate\":\"https:\/\/www.compassis.com\/en\/?s={search_term_string}\"},\"query-input\":{\"@type\":\"PropertyValueSpecification\",\"valueRequired\":true,\"valueName\":\"search_term_string\"}}],\"inLanguage\":\"en-US\"},{\"@type\":\"Organization\",\"@id\":\"https:\/\/www.compassis.com\/en\/#organization\",\"name\":\"Compass\",\"url\":\"https:\/\/www.compassis.com\/en\/\",\"logo\":{\"@type\":\"ImageObject\",\"inLanguage\":\"en-US\",\"@id\":\"https:\/\/www.compassis.com\/en\/#\/schema\/logo\/image\/\",\"url\":\"https:\/\/www.compassis.com\/downloads\/2022\/07\/COMPASS_logo_Tdyn_Icono_256x.png\",\"contentUrl\":\"https:\/\/www.compassis.com\/downloads\/2022\/07\/COMPASS_logo_Tdyn_Icono_256x.png\",\"width\":256,\"height\":256,\"caption\":\"Compass\"},\"image\":{\"@id\":\"https:\/\/www.compassis.com\/en\/#\/schema\/logo\/image\/\"},\"sameAs\":[\"https:\/\/www.linkedin.com\/company\/1264339\/admin\/\"]}]}<\/script>\n<!-- \/ Yoast SEO plugin. -->","yoast_head_json":{"title":"Courses-tutorials - Consultancy for design in engineering","description":"Cursos webinar y presenciales para ingenieros. Aplicaci\u00f3n pr\u00e1ctica de t\u00e9cnicas de c\u00e1lculo por ordenador, mediante demostraciones de nuestro software","robots":{"index":"index","follow":"follow","max-snippet":"max-snippet:-1","max-image-preview":"max-image-preview:large","max-video-preview":"max-video-preview:-1"},"canonical":"https:\/\/www.compassis.com\/en\/courses-tutorials\/","og_locale":"en_US","og_type":"article","og_title":"Courses-tutorials - Consultancy for design in engineering","og_description":"Cursos webinar y presenciales para ingenieros. Aplicaci\u00f3n pr\u00e1ctica de t\u00e9cnicas de c\u00e1lculo por ordenador, mediante demostraciones de nuestro software","og_url":"https:\/\/www.compassis.com\/en\/courses-tutorials\/","og_site_name":"Consultancy for design in engineering","article_modified_time":"2022-05-12T14:47:33+00:00","og_image":[{"width":1920,"height":447,"url":"https:\/\/www.compassis.com\/downloads\/2022\/02\/consultoria-header.jpg","type":"image\/jpeg"}],"twitter_card":"summary_large_image","twitter_misc":{"Est. reading time":"1 minute"},"schema":{"@context":"https:\/\/schema.org","@graph":[{"@type":"WebPage","@id":"https:\/\/www.compassis.com\/en\/courses-tutorials\/","url":"https:\/\/www.compassis.com\/en\/courses-tutorials\/","name":"Courses-tutorials - Consultancy for design in engineering","isPartOf":{"@id":"https:\/\/www.compassis.com\/en\/#website"},"primaryImageOfPage":{"@id":"https:\/\/www.compassis.com\/en\/courses-tutorials\/#primaryimage"},"image":{"@id":"https:\/\/www.compassis.com\/en\/courses-tutorials\/#primaryimage"},"thumbnailUrl":"https:\/\/www.compassis.com\/downloads\/2022\/02\/consultoria-header.jpg","datePublished":"2021-12-21T12:00:18+00:00","dateModified":"2022-05-12T14:47:33+00:00","description":"Cursos webinar y presenciales para ingenieros. Aplicaci\u00f3n pr\u00e1ctica de t\u00e9cnicas de c\u00e1lculo por ordenador, mediante demostraciones de nuestro software","breadcrumb":{"@id":"https:\/\/www.compassis.com\/en\/courses-tutorials\/#breadcrumb"},"inLanguage":"en-US","potentialAction":[{"@type":"ReadAction","target":["https:\/\/www.compassis.com\/en\/courses-tutorials\/"]}]},{"@type":"ImageObject","inLanguage":"en-US","@id":"https:\/\/www.compassis.com\/en\/courses-tutorials\/#primaryimage","url":"https:\/\/www.compassis.com\/downloads\/2022\/02\/consultoria-header.jpg","contentUrl":"https:\/\/www.compassis.com\/downloads\/2022\/02\/consultoria-header.jpg","width":1920,"height":447,"caption":"Consultor\u00eda en ingenier\u00eda"},{"@type":"BreadcrumbList","@id":"https:\/\/www.compassis.com\/en\/courses-tutorials\/#breadcrumb","itemListElement":[{"@type":"ListItem","position":1,"name":"Home","item":"https:\/\/www.compassis.com\/en\/"},{"@type":"ListItem","position":2,"name":"Courses-tutorials"}]},{"@type":"WebSite","@id":"https:\/\/www.compassis.com\/en\/#website","url":"https:\/\/www.compassis.com\/en\/","name":"Consultancy for design in engineering","description":"Ingenier\u00eda y Sistemas","publisher":{"@id":"https:\/\/www.compassis.com\/en\/#organization"},"potentialAction":[{"@type":"SearchAction","target":{"@type":"EntryPoint","urlTemplate":"https:\/\/www.compassis.com\/en\/?s={search_term_string}"},"query-input":{"@type":"PropertyValueSpecification","valueRequired":true,"valueName":"search_term_string"}}],"inLanguage":"en-US"},{"@type":"Organization","@id":"https:\/\/www.compassis.com\/en\/#organization","name":"Compass","url":"https:\/\/www.compassis.com\/en\/","logo":{"@type":"ImageObject","inLanguage":"en-US","@id":"https:\/\/www.compassis.com\/en\/#\/schema\/logo\/image\/","url":"https:\/\/www.compassis.com\/downloads\/2022\/07\/COMPASS_logo_Tdyn_Icono_256x.png","contentUrl":"https:\/\/www.compassis.com\/downloads\/2022\/07\/COMPASS_logo_Tdyn_Icono_256x.png","width":256,"height":256,"caption":"Compass"},"image":{"@id":"https:\/\/www.compassis.com\/en\/#\/schema\/logo\/image\/"},"sameAs":["https:\/\/www.linkedin.com\/company\/1264339\/admin\/"]}]}},"_links":{"self":[{"href":"https:\/\/www.compassis.com\/en\/wp-json\/wp\/v2\/pages\/2285","targetHints":{"allow":["GET"]}}],"collection":[{"href":"https:\/\/www.compassis.com\/en\/wp-json\/wp\/v2\/pages"}],"about":[{"href":"https:\/\/www.compassis.com\/en\/wp-json\/wp\/v2\/types\/page"}],"author":[{"embeddable":true,"href":"https:\/\/www.compassis.com\/en\/wp-json\/wp\/v2\/users\/7"}],"replies":[{"embeddable":true,"href":"https:\/\/www.compassis.com\/en\/wp-json\/wp\/v2\/comments?post=2285"}],"version-history":[{"count":1,"href":"https:\/\/www.compassis.com\/en\/wp-json\/wp\/v2\/pages\/2285\/revisions"}],"predecessor-version":[{"id":2481,"href":"https:\/\/www.compassis.com\/en\/wp-json\/wp\/v2\/pages\/2285\/revisions\/2481"}],"wp:featuredmedia":[{"embeddable":true,"href":"https:\/\/www.compassis.com\/en\/wp-json\/wp\/v2\/media\/1896"}],"wp:attachment":[{"href":"https:\/\/www.compassis.com\/en\/wp-json\/wp\/v2\/media?parent=2285"}],"curies":[{"name":"wp","href":"https:\/\/api.w.org\/{rel}","templated":true}]}}