{"id":2284,"date":"2021-11-05T16:56:12","date_gmt":"2021-11-05T16:56:12","guid":{"rendered":"https:\/\/www.compassis.com\/contacta\/"},"modified":"2025-03-26T11:39:43","modified_gmt":"2025-03-26T11:39:43","slug":"contact","status":"publish","type":"page","link":"https:\/\/www.compassis.com\/en\/contact\/","title":{"rendered":"Contact"},"content":{"rendered":"\n<h2 class=\"wp-block-heading alignwide\" id=\"contactacon-nosotros\">CONTACT<br>WITH US<\/h2>\n\n\n\n<div class=\"wp-block-columns is-layout-flex wp-container-core-columns-is-layout-9d6595d7 wp-block-columns-is-layout-flex\">\n<div class=\"wp-block-column is-layout-flow wp-block-column-is-layout-flow\" style=\"flex-basis:50%\">\n<p class=\"has-text-align-left titulo-under\">CENTRAL<\/p>\n\n\n\n<div class=\"wp-block-group lista-colaboradores is-layout-flow wp-block-group-is-layout-flow\">\n<div class=\"wp-block-columns is-layout-flex wp-container-core-columns-is-layout-9d6595d7 wp-block-columns-is-layout-flex\">\n<div class=\"wp-block-column is-layout-flow wp-block-column-is-layout-flow\" style=\"flex-basis:15%\">\n<p class=\"has-text-align-center pais-code has-blanco-color has-text-color has-background\" style=\"background-color:#189cd9\"><strong>ES<\/strong><\/p>\n<\/div>\n\n\n\n<div class=\"wp-block-column is-layout-flow wp-block-column-is-layout-flow\" style=\"flex-basis:85%\">\n<p><strong>Compass Ingenier\u00eda y Sistemas, SA<\/strong><br>Gran Capit\u00e1n s\/n, Campus Nord UPC &#8211; Edificio B0<br>08034 Barcelona &#8211; SPAIN<\/p>\n\n\n\n<p class=\"phone-link\">+34 93 401 09 32<\/p>\n\n\n\n<p class=\"mail-link\">info@compassis.com<\/p>\n\n\n\n<p class=\"web-link\">www.compassis.com<\/p>\n\n\n\n<p><a href=\"http:\/\/maps.google.com\/\">Ver en mapa<\/a><\/p>\n<\/div>\n<\/div>\n<\/div>\n\n\n\n<p class=\"has-text-align-left titulo-under has-small-font-size\">RESELLERS<\/p>\n\n\n\n<div class=\"wp-block-group lista-colaboradores is-layout-flow wp-block-group-is-layout-flow\">\n<div class=\"wp-block-columns is-not-stacked-on-mobile is-layout-flex wp-container-core-columns-is-layout-9d6595d7 wp-block-columns-is-layout-flex\">\n<div class=\"wp-block-column is-layout-flow wp-block-column-is-layout-flow\" style=\"flex-basis:15%\">\n<p class=\"has-text-align-center pais-code has-background\" style=\"background-color:#aadcf8\"><strong>US<\/strong><\/p>\n<\/div>\n\n\n\n<div class=\"wp-block-column is-layout-flow wp-block-column-is-layout-flow\" style=\"flex-basis:85%\">\n<p><strong>MindMesh Inc.<\/strong><br>12345 Jones Road, Suite 222<br>Houston, TX &#8211; USA<\/p>\n\n\n\n<p class=\"phone-link\">713-489-7798<\/p>\n\n\n\n<p class=\"mail-link\">connect@mindmeshinc.com<\/p>\n\n\n\n<p class=\"web-link\"><a href=\"http:\/\/www.mindmeshinc.com\" target=\"_blank\" rel=\"noreferrer noopener\">www.mindmeshinc.com<\/a><\/p>\n\n\n\n<p><a href=\"https:\/\/goo.gl\/maps\/FzCkUwpAR8dz4Lpj7\">Ver en mapa<\/a><\/p>\n<\/div>\n<\/div>\n\n\n\n<div class=\"wp-block-columns is-not-stacked-on-mobile is-layout-flex wp-container-core-columns-is-layout-9d6595d7 wp-block-columns-is-layout-flex\">\n<div class=\"wp-block-column is-layout-flow wp-block-column-is-layout-flow\" style=\"flex-basis:15%\">\n<p class=\"has-text-align-center pais-code has-background\" style=\"background-color:#aadcf8\"><strong>IT<\/strong><\/p>\n<\/div>\n\n\n\n<div class=\"wp-block-column is-layout-flow wp-block-column-is-layout-flow\" style=\"flex-basis:85%\">\n<p><strong>SmartCAE srl<\/strong><br>Via Ottorino Respighi 4\/A<br>50018 Scandicci (FI) &#8211; ITALY<\/p>\n\n\n\n<p class=\"phone-link\">+39 055 975 1000<\/p>\n\n\n\n<p class=\"mail-link\">info@smartcae.com<\/p>\n\n\n\n<p class=\"web-link\"><a href=\"http:\/\/www.smartcae.com\" target=\"_blank\" rel=\"noreferrer noopener\">www.smartcae.com<\/a><\/p>\n\n\n\n<p><a href=\"https:\/\/goo.gl\/maps\/2eV8KeRSTkLBS9HH8\" target=\"_blank\" rel=\"noreferrer noopener\">Ver en mapa<\/a><\/p>\n<\/div>\n<\/div>\n\n\n\n<div class=\"wp-block-columns is-not-stacked-on-mobile is-layout-flex wp-container-core-columns-is-layout-9d6595d7 wp-block-columns-is-layout-flex\">\n<div class=\"wp-block-column is-layout-flow wp-block-column-is-layout-flow\" style=\"flex-basis:15%\">\n<p class=\"has-text-align-center pais-code has-background\" style=\"background-color:#aadcf8\"><strong>KR<\/strong><\/p>\n<\/div>\n\n\n\n<div class=\"wp-block-column is-layout-flow wp-block-column-is-layout-flow\" style=\"flex-basis:85%\">\n<p><strong>Able Max Co., Ltd.<\/strong><br>6th Floor Samick Lavied&#8217;or building, 234, Teheran-ro Gangnam-Ku<br>Seoul &#8211; KOREA<\/p>\n\n\n\n<p class=\"phone-link\">02-539-5212<\/p>\n\n\n\n<p class=\"mail-link\">ablemax@ablemax.co.kr <\/p>\n\n\n\n<p class=\"mail-link\">info@ablemax.co.kr<\/p>\n\n\n\n<p class=\"web-link\"><a href=\"http:\/\/www.ablemax.co.kr\" target=\"_blank\" rel=\"noreferrer noopener\">www.ablemax.co.kr<\/a><\/p>\n\n\n\n<p><a href=\"https:\/\/goo.gl\/maps\/uGy7SBLQ3BAFsWQU6\" target=\"_blank\" rel=\"noreferrer noopener\">Ver en mapa<\/a><\/p>\n<\/div>\n<\/div>\n<\/div>\n<\/div>\n\n\n\n<div class=\"wp-block-column is-layout-flow wp-block-column-is-layout-flow\" style=\"flex-basis:50%\">\n<div class=\"wp-block-contact-form-7-contact-form-selector\">\n<div class=\"wpcf7 no-js\" id=\"wpcf7-f2305-o1\" lang=\"en-US\" dir=\"ltr\" data-wpcf7-id=\"2305\">\n<div class=\"screen-reader-response\"><p role=\"status\" aria-live=\"polite\" aria-atomic=\"true\"><\/p> <ul><\/ul><\/div>\n<form action=\"\/en\/wp-json\/wp\/v2\/pages\/2284#wpcf7-f2305-o1\" method=\"post\" class=\"wpcf7-form init\" aria-label=\"Contact form\" novalidate=\"novalidate\" data-status=\"init\">\n<fieldset class=\"hidden-fields-container\"><input type=\"hidden\" name=\"_wpcf7\" value=\"2305\" \/><input type=\"hidden\" name=\"_wpcf7_version\" value=\"6.1.5\" \/><input type=\"hidden\" name=\"_wpcf7_locale\" value=\"en_US\" \/><input type=\"hidden\" name=\"_wpcf7_unit_tag\" value=\"wpcf7-f2305-o1\" \/><input type=\"hidden\" name=\"_wpcf7_container_post\" value=\"0\" \/><input type=\"hidden\" name=\"_wpcf7_posted_data_hash\" value=\"\" \/><input type=\"hidden\" name=\"_wpcf7cf_hidden_group_fields\" value=\"[]\" \/><input type=\"hidden\" name=\"_wpcf7cf_hidden_groups\" value=\"[]\" \/><input type=\"hidden\" name=\"_wpcf7cf_visible_groups\" value=\"[]\" \/><input type=\"hidden\" name=\"_wpcf7cf_repeaters\" value=\"[]\" \/><input type=\"hidden\" name=\"_wpcf7cf_steps\" value=\"{}\" \/><input type=\"hidden\" name=\"_wpcf7cf_options\" value=\"{&quot;form_id&quot;:2305,&quot;conditions&quot;:[],&quot;settings&quot;:{&quot;animation&quot;:&quot;yes&quot;,&quot;animation_intime&quot;:200,&quot;animation_outtime&quot;:200,&quot;conditions_ui&quot;:&quot;normal&quot;,&quot;notice_dismissed&quot;:false,&quot;notice_dismissed_rollback-cf7-6.1&quot;:true,&quot;notice_dismissed_rollback-cf7-6.1.2&quot;:true}}\" \/><input type=\"hidden\" name=\"redirect_nonce\" value=\"3c16f80094\" \/><input type=\"hidden\" name=\"_wpcf7_recaptcha_response\" value=\"\" \/>\n<\/fieldset>\n<div class=\"wp-block-columns\">\n\t<div class=\"wp-block-column\">\n\t\t<p><label for=\"your-name\" class=\"screen-reader-text\">Name<\/label><span class=\"wpcf7-form-control-wrap\" data-name=\"your-name\"><input size=\"40\" maxlength=\"400\" class=\"wpcf7-form-control wpcf7-text wpcf7-validates-as-required\" aria-required=\"true\" aria-invalid=\"false\" placeholder=\"Name\" value=\"\" type=\"text\" name=\"your-name\" \/><\/span><br \/>\n<label for=\"your-email\" class=\"screen-reader-text\">Email<\/label><span class=\"wpcf7-form-control-wrap\" data-name=\"your-email\"><input size=\"40\" maxlength=\"400\" class=\"wpcf7-form-control wpcf7-email wpcf7-validates-as-required wpcf7-text wpcf7-validates-as-email\" aria-required=\"true\" aria-invalid=\"false\" placeholder=\"Email\" value=\"\" type=\"email\" name=\"your-email\" \/><\/span>\n\t\t<\/p>\n\t<\/div>\n\t<div class=\"wp-block-column\">\n\t\t<p><label for=\"your-company\" class=\"screen-reader-text\">Company<\/label><span class=\"wpcf7-form-control-wrap\" data-name=\"your-company\"><input size=\"40\" maxlength=\"400\" class=\"wpcf7-form-control wpcf7-text wpcf7-validates-as-required\" aria-required=\"true\" aria-invalid=\"false\" placeholder=\"Company\" value=\"\" type=\"text\" name=\"your-company\" \/><\/span><br \/>\n<label for=\"your-phone\" class=\"screen-reader-text\">Phone<\/label><span class=\"wpcf7-form-control-wrap\" data-name=\"your-phone\"><input size=\"40\" maxlength=\"400\" class=\"wpcf7-form-control wpcf7-tel wpcf7-text wpcf7-validates-as-tel\" aria-invalid=\"false\" placeholder=\"Phone Number\" value=\"\" type=\"tel\" name=\"your-phone\" \/><\/span>\n\t\t<\/p>\n\t<\/div>\n<\/div>\n<p><label for=\"your-message\" class=\"screen-reader-text\">Message (optional)<\/label><span class=\"wpcf7-form-control-wrap\" data-name=\"your-message\"><textarea cols=\"40\" rows=\"4\" maxlength=\"2000\" class=\"wpcf7-form-control wpcf7-textarea\" aria-invalid=\"false\" placeholder=\"Your message\" name=\"your-message\"><\/textarea><\/span><br \/>\n<span class=\"wpcf7-form-control-wrap\" data-name=\"acepto-rgpd\"><span class=\"wpcf7-form-control wpcf7-acceptance\"><span class=\"wpcf7-list-item\"><label><input type=\"checkbox\" name=\"acepto-rgpd\" value=\"1\" aria-invalid=\"false\" \/><span class=\"wpcf7-list-item-label\">I Accept the privacy policy<\/span><\/label><\/span><\/span><\/span>\n<\/p>\n<p style=\"text-align:center\"><input class=\"wpcf7-form-control wpcf7-submit has-spinner\" type=\"submit\" value=\"Send\" \/>\n<\/p><div class=\"wpcf7-response-output\" aria-hidden=\"true\"><\/div>\n<\/form>\n<\/div>\n<\/div>\n<\/div>\n<\/div>\n","protected":false},"excerpt":{"rendered":"<p>CONTACTWITH US CENTRAL ES Compass Ingenier\u00eda y Sistemas, SAGran Capit\u00e1n s\/n, Campus Nord UPC &#8211; Edificio B008034 Barcelona &#8211; SPAIN +34 93 401 09 32&hellip; <a class=\"more-link\" href=\"https:\/\/www.compassis.com\/en\/contact\/\">Continue reading <span class=\"screen-reader-text\">Contact<\/span><\/a><\/p>\n","protected":false},"author":7,"featured_media":1978,"parent":0,"menu_order":0,"comment_status":"closed","ping_status":"closed","template":"","meta":{"footnotes":""},"class_list":["post-2284","page","type-page","status-publish","has-post-thumbnail","hentry","entry"],"yoast_head":"<!-- This site is optimized with the Yoast SEO plugin v27.2 - https:\/\/yoast.com\/product\/yoast-seo-wordpress\/ -->\n<title>Contact - Consultancy for design in engineering<\/title>\n<meta name=\"description\" content=\"Contacta con Compass Ingenier\u00eda y Sistemas. Informaci\u00f3n sobre consultor\u00eda, software, servicio t\u00e9cnico. Colaboraci\u00f3n I+D. Forma parte de nuestro equipo\" \/>\n<meta name=\"robots\" content=\"index, follow, max-snippet:-1, max-image-preview:large, max-video-preview:-1\" \/>\n<link rel=\"canonical\" href=\"https:\/\/www.compassis.com\/en\/contact\/\" \/>\n<meta property=\"og:locale\" content=\"en_US\" \/>\n<meta property=\"og:type\" content=\"article\" \/>\n<meta property=\"og:title\" content=\"Contact - Consultancy for design in engineering\" \/>\n<meta property=\"og:description\" content=\"Contacta con Compass Ingenier\u00eda y Sistemas. Informaci\u00f3n sobre consultor\u00eda, software, servicio t\u00e9cnico. Colaboraci\u00f3n I+D. Forma parte de nuestro equipo\" \/>\n<meta property=\"og:url\" content=\"https:\/\/www.compassis.com\/en\/contact\/\" \/>\n<meta property=\"og:site_name\" content=\"Consultancy for design in engineering\" \/>\n<meta property=\"article:modified_time\" content=\"2025-03-26T11:39:43+00:00\" \/>\n<meta property=\"og:image\" content=\"https:\/\/www.compassis.com\/downloads\/2022\/02\/puerto-barcelona.jpg\" \/>\n\t<meta property=\"og:image:width\" content=\"1920\" \/>\n\t<meta property=\"og:image:height\" content=\"694\" \/>\n\t<meta property=\"og:image:type\" content=\"image\/jpeg\" \/>\n<meta name=\"twitter:card\" content=\"summary_large_image\" \/>\n<meta name=\"twitter:label1\" content=\"Est. reading time\" \/>\n\t<meta name=\"twitter:data1\" content=\"1 minute\" \/>\n<script type=\"application\/ld+json\" class=\"yoast-schema-graph\">{\"@context\":\"https:\/\/schema.org\",\"@graph\":[{\"@type\":\"WebPage\",\"@id\":\"https:\/\/www.compassis.com\/en\/contact\/\",\"url\":\"https:\/\/www.compassis.com\/en\/contact\/\",\"name\":\"Contact - Consultancy for design in engineering\",\"isPartOf\":{\"@id\":\"https:\/\/www.compassis.com\/en\/#website\"},\"primaryImageOfPage\":{\"@id\":\"https:\/\/www.compassis.com\/en\/contact\/#primaryimage\"},\"image\":{\"@id\":\"https:\/\/www.compassis.com\/en\/contact\/#primaryimage\"},\"thumbnailUrl\":\"https:\/\/www.compassis.com\/downloads\/2022\/02\/puerto-barcelona.jpg\",\"datePublished\":\"2021-11-05T16:56:12+00:00\",\"dateModified\":\"2025-03-26T11:39:43+00:00\",\"description\":\"Contacta con Compass Ingenier\u00eda y Sistemas. Informaci\u00f3n sobre consultor\u00eda, software, servicio t\u00e9cnico. Colaboraci\u00f3n I+D. Forma parte de nuestro equipo\",\"breadcrumb\":{\"@id\":\"https:\/\/www.compassis.com\/en\/contact\/#breadcrumb\"},\"inLanguage\":\"en-US\",\"potentialAction\":[{\"@type\":\"ReadAction\",\"target\":[\"https:\/\/www.compassis.com\/en\/contact\/\"]}]},{\"@type\":\"ImageObject\",\"inLanguage\":\"en-US\",\"@id\":\"https:\/\/www.compassis.com\/en\/contact\/#primaryimage\",\"url\":\"https:\/\/www.compassis.com\/downloads\/2022\/02\/puerto-barcelona.jpg\",\"contentUrl\":\"https:\/\/www.compassis.com\/downloads\/2022\/02\/puerto-barcelona.jpg\",\"width\":1920,\"height\":694,\"caption\":\"Compass Barcelona\"},{\"@type\":\"BreadcrumbList\",\"@id\":\"https:\/\/www.compassis.com\/en\/contact\/#breadcrumb\",\"itemListElement\":[{\"@type\":\"ListItem\",\"position\":1,\"name\":\"Home\",\"item\":\"https:\/\/www.compassis.com\/en\/\"},{\"@type\":\"ListItem\",\"position\":2,\"name\":\"Contact\"}]},{\"@type\":\"WebSite\",\"@id\":\"https:\/\/www.compassis.com\/en\/#website\",\"url\":\"https:\/\/www.compassis.com\/en\/\",\"name\":\"Consultancy for design in engineering\",\"description\":\"Ingenier\u00eda y Sistemas\",\"publisher\":{\"@id\":\"https:\/\/www.compassis.com\/en\/#organization\"},\"potentialAction\":[{\"@type\":\"SearchAction\",\"target\":{\"@type\":\"EntryPoint\",\"urlTemplate\":\"https:\/\/www.compassis.com\/en\/?s={search_term_string}\"},\"query-input\":{\"@type\":\"PropertyValueSpecification\",\"valueRequired\":true,\"valueName\":\"search_term_string\"}}],\"inLanguage\":\"en-US\"},{\"@type\":\"Organization\",\"@id\":\"https:\/\/www.compassis.com\/en\/#organization\",\"name\":\"Compass\",\"url\":\"https:\/\/www.compassis.com\/en\/\",\"logo\":{\"@type\":\"ImageObject\",\"inLanguage\":\"en-US\",\"@id\":\"https:\/\/www.compassis.com\/en\/#\/schema\/logo\/image\/\",\"url\":\"https:\/\/www.compassis.com\/downloads\/2022\/07\/COMPASS_logo_Tdyn_Icono_256x.png\",\"contentUrl\":\"https:\/\/www.compassis.com\/downloads\/2022\/07\/COMPASS_logo_Tdyn_Icono_256x.png\",\"width\":256,\"height\":256,\"caption\":\"Compass\"},\"image\":{\"@id\":\"https:\/\/www.compassis.com\/en\/#\/schema\/logo\/image\/\"},\"sameAs\":[\"https:\/\/www.linkedin.com\/company\/1264339\/admin\/\"]}]}<\/script>\n<!-- \/ Yoast SEO plugin. -->","yoast_head_json":{"title":"Contact - Consultancy for design in engineering","description":"Contacta con Compass Ingenier\u00eda y Sistemas. Informaci\u00f3n sobre consultor\u00eda, software, servicio t\u00e9cnico. Colaboraci\u00f3n I+D. Forma parte de nuestro equipo","robots":{"index":"index","follow":"follow","max-snippet":"max-snippet:-1","max-image-preview":"max-image-preview:large","max-video-preview":"max-video-preview:-1"},"canonical":"https:\/\/www.compassis.com\/en\/contact\/","og_locale":"en_US","og_type":"article","og_title":"Contact - Consultancy for design in engineering","og_description":"Contacta con Compass Ingenier\u00eda y Sistemas. Informaci\u00f3n sobre consultor\u00eda, software, servicio t\u00e9cnico. Colaboraci\u00f3n I+D. Forma parte de nuestro equipo","og_url":"https:\/\/www.compassis.com\/en\/contact\/","og_site_name":"Consultancy for design in engineering","article_modified_time":"2025-03-26T11:39:43+00:00","og_image":[{"width":1920,"height":694,"url":"https:\/\/www.compassis.com\/downloads\/2022\/02\/puerto-barcelona.jpg","type":"image\/jpeg"}],"twitter_card":"summary_large_image","twitter_misc":{"Est. reading time":"1 minute"},"schema":{"@context":"https:\/\/schema.org","@graph":[{"@type":"WebPage","@id":"https:\/\/www.compassis.com\/en\/contact\/","url":"https:\/\/www.compassis.com\/en\/contact\/","name":"Contact - Consultancy for design in engineering","isPartOf":{"@id":"https:\/\/www.compassis.com\/en\/#website"},"primaryImageOfPage":{"@id":"https:\/\/www.compassis.com\/en\/contact\/#primaryimage"},"image":{"@id":"https:\/\/www.compassis.com\/en\/contact\/#primaryimage"},"thumbnailUrl":"https:\/\/www.compassis.com\/downloads\/2022\/02\/puerto-barcelona.jpg","datePublished":"2021-11-05T16:56:12+00:00","dateModified":"2025-03-26T11:39:43+00:00","description":"Contacta con Compass Ingenier\u00eda y Sistemas. Informaci\u00f3n sobre consultor\u00eda, software, servicio t\u00e9cnico. Colaboraci\u00f3n I+D. Forma parte de nuestro equipo","breadcrumb":{"@id":"https:\/\/www.compassis.com\/en\/contact\/#breadcrumb"},"inLanguage":"en-US","potentialAction":[{"@type":"ReadAction","target":["https:\/\/www.compassis.com\/en\/contact\/"]}]},{"@type":"ImageObject","inLanguage":"en-US","@id":"https:\/\/www.compassis.com\/en\/contact\/#primaryimage","url":"https:\/\/www.compassis.com\/downloads\/2022\/02\/puerto-barcelona.jpg","contentUrl":"https:\/\/www.compassis.com\/downloads\/2022\/02\/puerto-barcelona.jpg","width":1920,"height":694,"caption":"Compass Barcelona"},{"@type":"BreadcrumbList","@id":"https:\/\/www.compassis.com\/en\/contact\/#breadcrumb","itemListElement":[{"@type":"ListItem","position":1,"name":"Home","item":"https:\/\/www.compassis.com\/en\/"},{"@type":"ListItem","position":2,"name":"Contact"}]},{"@type":"WebSite","@id":"https:\/\/www.compassis.com\/en\/#website","url":"https:\/\/www.compassis.com\/en\/","name":"Consultancy for design in engineering","description":"Ingenier\u00eda y Sistemas","publisher":{"@id":"https:\/\/www.compassis.com\/en\/#organization"},"potentialAction":[{"@type":"SearchAction","target":{"@type":"EntryPoint","urlTemplate":"https:\/\/www.compassis.com\/en\/?s={search_term_string}"},"query-input":{"@type":"PropertyValueSpecification","valueRequired":true,"valueName":"search_term_string"}}],"inLanguage":"en-US"},{"@type":"Organization","@id":"https:\/\/www.compassis.com\/en\/#organization","name":"Compass","url":"https:\/\/www.compassis.com\/en\/","logo":{"@type":"ImageObject","inLanguage":"en-US","@id":"https:\/\/www.compassis.com\/en\/#\/schema\/logo\/image\/","url":"https:\/\/www.compassis.com\/downloads\/2022\/07\/COMPASS_logo_Tdyn_Icono_256x.png","contentUrl":"https:\/\/www.compassis.com\/downloads\/2022\/07\/COMPASS_logo_Tdyn_Icono_256x.png","width":256,"height":256,"caption":"Compass"},"image":{"@id":"https:\/\/www.compassis.com\/en\/#\/schema\/logo\/image\/"},"sameAs":["https:\/\/www.linkedin.com\/company\/1264339\/admin\/"]}]}},"_links":{"self":[{"href":"https:\/\/www.compassis.com\/en\/wp-json\/wp\/v2\/pages\/2284","targetHints":{"allow":["GET"]}}],"collection":[{"href":"https:\/\/www.compassis.com\/en\/wp-json\/wp\/v2\/pages"}],"about":[{"href":"https:\/\/www.compassis.com\/en\/wp-json\/wp\/v2\/types\/page"}],"author":[{"embeddable":true,"href":"https:\/\/www.compassis.com\/en\/wp-json\/wp\/v2\/users\/7"}],"replies":[{"embeddable":true,"href":"https:\/\/www.compassis.com\/en\/wp-json\/wp\/v2\/comments?post=2284"}],"version-history":[{"count":5,"href":"https:\/\/www.compassis.com\/en\/wp-json\/wp\/v2\/pages\/2284\/revisions"}],"predecessor-version":[{"id":4964,"href":"https:\/\/www.compassis.com\/en\/wp-json\/wp\/v2\/pages\/2284\/revisions\/4964"}],"wp:featuredmedia":[{"embeddable":true,"href":"https:\/\/www.compassis.com\/en\/wp-json\/wp\/v2\/media\/1978"}],"wp:attachment":[{"href":"https:\/\/www.compassis.com\/en\/wp-json\/wp\/v2\/media?parent=2284"}],"curies":[{"name":"wp","href":"https:\/\/api.w.org\/{rel}","templated":true}]}}