{"id":2283,"date":"2021-11-05T16:33:00","date_gmt":"2021-11-05T16:33:00","guid":{"rendered":"https:\/\/www.compassis.com\/consultoria\/"},"modified":"2022-07-13T10:54:10","modified_gmt":"2022-07-13T10:54:10","slug":"consultancy","status":"publish","type":"page","link":"https:\/\/www.compassis.com\/en\/consultancy\/","title":{"rendered":"Consultancy"},"content":{"rendered":"\n<h2 class=\"alignwide wp-block-heading\" id=\"fiabilidad-y-solvenciaen-los-calculos-de-ingenieria\">Reliability and soundness<br>in engineering analysis<\/h2>\n\n\n\n<div class=\"wp-block-group alignwide linea-azul-negro is-layout-flow wp-block-group-is-layout-flow\">\n<h3 class=\"has-text-align-center has-azul-enlaces-color has-text-color wp-block-heading\" id=\"nuestro-equipo-multidisciplinar-de-ingenieros-seniorofrece-apoyo-en-la-implantacion-de-software-y-la-ejecucion-de-simulaciones-avanzadas\">Our team of multidisciplinary senior engineers<br><mark style=\"background-color:rgba(0, 0, 0, 0)\" class=\"has-inline-color has-black-color\">are at your service for software implantation and for advanced simulations accomplishment.<\/mark><\/h3>\n<\/div>\n\n\n\n<div class=\"wp-block-columns alignwide tres-cols-tres-colors is-layout-flex wp-container-core-columns-is-layout-9d6595d7 wp-block-columns-is-layout-flex\" id=\"services\">\n<div class=\"wp-block-column has-background is-layout-flow wp-block-column-is-layout-flow\" style=\"background-color:#99d7f7\">\n<p class=\"has-text-align-center has-large-font-size\" style=\"line-height:1.6\"><strong>We help companies to get the most out of the powerful simulation<\/strong> software we develop at Compass.<\/p>\n<\/div>\n\n\n\n<div class=\"wp-block-column has-background is-layout-flow wp-block-column-is-layout-flow\" style=\"background-color:#9dd3cf\">\n<p class=\"has-text-align-center has-large-font-size\" style=\"line-height:1.6\"><strong>We perform the first simulation case, provide training, and usher our<\/strong> clients along the integration of the numerical tools within their processes.<\/p>\n<\/div>\n\n\n\n<div class=\"wp-block-column has-fondo-azul-3-background-color has-background is-layout-flow wp-block-column-is-layout-flow\">\n<p class=\"has-text-align-center has-large-font-size\" style=\"line-height:1.6\"><strong>We provide a continuous and highly specialised support<\/strong><br>for technical offices, design departments and engineering consultancy companies.<\/p>\n<\/div>\n<\/div>\n\n\n\n<div style=\"height:70px\" aria-hidden=\"true\" class=\"wp-block-spacer\"><\/div>\n\n\n\n<p class=\"alignwide sin-bajo has-large-font-size\">WE PROVIDE AMPLE KNOW-HOW AND EXPERIENCE IN:<\/p>\n\n\n\n<div class=\"wp-block-group alignfull alignwide has-fondo-claro-1-background-color has-background is-layout-flow wp-block-group-is-layout-flow\">\n<div class=\"wp-block-columns aligndefault dos-cols-sep-list is-layout-flex wp-container-core-columns-is-layout-9d6595d7 wp-block-columns-is-layout-flex\">\n<div class=\"wp-block-column is-layout-flow wp-block-column-is-layout-flow\" style=\"flex-basis:40%\">\n<p class=\"has-text-align-right is-style-high-light\">NAVAL ARCHITECTURE,<br>OFFSHORE AND OCEANIC ENGINEERING<br><\/p>\n<\/div>\n\n\n\n<div class=\"wp-block-column is-layout-flow wp-block-column-is-layout-flow\" style=\"flex-basis:60%\">\n<ul class=\"is-style-flechas has-medium-font-size wp-block-list\"><li>Design<\/li><li>Feasability studies<\/li><li>Structural verification involving both conventional and advanced materials (FRP laminates and composites in general)<\/li><li>Design optimisation, structural analysis (FEA), hidrodynamics (CFD) and seakeeping (FEM+BEM)<\/li><li>Global projects<\/li><li>Conventional vessel, special applications, fixed or floating solutions, renewable energies applications (offshore and coastal).<\/li><\/ul>\n<\/div>\n<\/div>\n<\/div>\n\n\n\n<div class=\"wp-block-group alignfull alignwide has-fondo-claro-2-background-color has-background is-layout-flow wp-block-group-is-layout-flow\">\n<div class=\"wp-block-columns aligndefault dos-cols-sep-list is-layout-flex wp-container-core-columns-is-layout-9d6595d7 wp-block-columns-is-layout-flex\">\n<div class=\"wp-block-column is-layout-flow wp-block-column-is-layout-flow\" style=\"flex-basis:40%\">\n<p class=\"has-text-align-right is-style-high-light\">INDUSTRIAL <br>APPLICATIONS <br>AND SOLUTIONS<\/p>\n<\/div>\n\n\n\n<div class=\"wp-block-column is-layout-flow wp-block-column-is-layout-flow\" style=\"flex-basis:60%\">\n<ul class=\"is-style-flechas has-medium-font-size wp-block-list\"><li>Hydraulic, thermo-hidraulic and pneumatic installations, valves, filters, HVAC, Oil &amp; Gas, renewables.<\/li><li>Optimisations and validations (FEA + CFD)<\/li><\/ul>\n<\/div>\n<\/div>\n<\/div>\n\n\n\n<div class=\"wp-block-group alignfull alignwide has-fondo-claro-4-background-color has-background is-layout-flow wp-block-group-is-layout-flow\">\n<div class=\"wp-block-columns aligndefault dos-cols-sep-list is-layout-flex wp-container-core-columns-is-layout-9d6595d7 wp-block-columns-is-layout-flex\">\n<div class=\"wp-block-column is-layout-flow wp-block-column-is-layout-flow\" style=\"flex-basis:40%\">\n<p class=\"has-text-align-right is-style-high-light\">CIVIL<br>ENGINEERING AND GEOTHECNICS<\/p>\n<\/div>\n\n\n\n<div class=\"wp-block-column is-layout-flow wp-block-column-is-layout-flow\" style=\"flex-basis:60%\">\n<ul class=\"is-style-flechas has-medium-font-size wp-block-list\"><li>Structural solutions and verifications for civil applications in general: buildings, fixed\/detachable installations, inflatable installations, runways, bridges, auxiliary structures&#8230;<\/li><li>Design<\/li><li>Structural optimisation (FEA) and aerodynamics (CFD)<\/li><\/ul>\n<\/div>\n<\/div>\n<\/div>\n\n\n\n<div class=\"wp-block-group alignfull contacto-blanco is-layout-flow wp-block-group-is-layout-flow\">\n<div class=\"wp-block-group alignwide is-layout-flow wp-block-group-is-layout-flow\">\n<h2 class=\"wp-block-heading\">CONTACT<br>WITH US<\/h2>\n\n\n\n<div class=\"wpcf7 no-js\" id=\"wpcf7-f2305-o1\" lang=\"en-US\" dir=\"ltr\" data-wpcf7-id=\"2305\">\n<div class=\"screen-reader-response\"><p role=\"status\" aria-live=\"polite\" aria-atomic=\"true\"><\/p> <ul><\/ul><\/div>\n<form action=\"\/en\/wp-json\/wp\/v2\/pages\/2283#wpcf7-f2305-o1\" method=\"post\" class=\"wpcf7-form init\" aria-label=\"Contact form\" novalidate=\"novalidate\" data-status=\"init\">\n<fieldset class=\"hidden-fields-container\"><input type=\"hidden\" name=\"_wpcf7\" value=\"2305\" \/><input type=\"hidden\" name=\"_wpcf7_version\" value=\"6.1.5\" \/><input type=\"hidden\" name=\"_wpcf7_locale\" value=\"en_US\" \/><input type=\"hidden\" name=\"_wpcf7_unit_tag\" value=\"wpcf7-f2305-o1\" \/><input type=\"hidden\" name=\"_wpcf7_container_post\" value=\"0\" \/><input type=\"hidden\" name=\"_wpcf7_posted_data_hash\" value=\"\" \/><input type=\"hidden\" name=\"_wpcf7cf_hidden_group_fields\" value=\"[]\" \/><input type=\"hidden\" name=\"_wpcf7cf_hidden_groups\" value=\"[]\" \/><input type=\"hidden\" name=\"_wpcf7cf_visible_groups\" value=\"[]\" \/><input type=\"hidden\" name=\"_wpcf7cf_repeaters\" value=\"[]\" \/><input type=\"hidden\" name=\"_wpcf7cf_steps\" value=\"{}\" \/><input type=\"hidden\" name=\"_wpcf7cf_options\" value=\"{&quot;form_id&quot;:2305,&quot;conditions&quot;:[],&quot;settings&quot;:{&quot;animation&quot;:&quot;yes&quot;,&quot;animation_intime&quot;:200,&quot;animation_outtime&quot;:200,&quot;conditions_ui&quot;:&quot;normal&quot;,&quot;notice_dismissed&quot;:false,&quot;notice_dismissed_rollback-cf7-6.1&quot;:true,&quot;notice_dismissed_rollback-cf7-6.1.2&quot;:true}}\" \/><input type=\"hidden\" name=\"redirect_nonce\" value=\"f453869fe4\" \/><input type=\"hidden\" name=\"_wpcf7_recaptcha_response\" value=\"\" \/>\n<\/fieldset>\n<div class=\"wp-block-columns\">\n\t<div class=\"wp-block-column\">\n\t\t<p><label for=\"your-name\" class=\"screen-reader-text\">Name<\/label><span class=\"wpcf7-form-control-wrap\" data-name=\"your-name\"><input size=\"40\" maxlength=\"400\" class=\"wpcf7-form-control wpcf7-text wpcf7-validates-as-required\" aria-required=\"true\" aria-invalid=\"false\" placeholder=\"Name\" value=\"\" type=\"text\" name=\"your-name\" \/><\/span><br \/>\n<label for=\"your-email\" class=\"screen-reader-text\">Email<\/label><span class=\"wpcf7-form-control-wrap\" data-name=\"your-email\"><input size=\"40\" maxlength=\"400\" class=\"wpcf7-form-control wpcf7-email wpcf7-validates-as-required wpcf7-text wpcf7-validates-as-email\" aria-required=\"true\" aria-invalid=\"false\" placeholder=\"Email\" value=\"\" type=\"email\" name=\"your-email\" \/><\/span>\n\t\t<\/p>\n\t<\/div>\n\t<div class=\"wp-block-column\">\n\t\t<p><label for=\"your-company\" class=\"screen-reader-text\">Company<\/label><span class=\"wpcf7-form-control-wrap\" data-name=\"your-company\"><input size=\"40\" maxlength=\"400\" class=\"wpcf7-form-control wpcf7-text wpcf7-validates-as-required\" aria-required=\"true\" aria-invalid=\"false\" placeholder=\"Company\" value=\"\" type=\"text\" name=\"your-company\" \/><\/span><br \/>\n<label for=\"your-phone\" class=\"screen-reader-text\">Phone<\/label><span class=\"wpcf7-form-control-wrap\" data-name=\"your-phone\"><input size=\"40\" maxlength=\"400\" class=\"wpcf7-form-control wpcf7-tel wpcf7-text wpcf7-validates-as-tel\" aria-invalid=\"false\" placeholder=\"Phone Number\" value=\"\" type=\"tel\" name=\"your-phone\" \/><\/span>\n\t\t<\/p>\n\t<\/div>\n<\/div>\n<p><label for=\"your-message\" class=\"screen-reader-text\">Message (optional)<\/label><span class=\"wpcf7-form-control-wrap\" data-name=\"your-message\"><textarea cols=\"40\" rows=\"4\" maxlength=\"2000\" class=\"wpcf7-form-control wpcf7-textarea\" aria-invalid=\"false\" placeholder=\"Your message\" name=\"your-message\"><\/textarea><\/span><br \/>\n<span class=\"wpcf7-form-control-wrap\" data-name=\"acepto-rgpd\"><span class=\"wpcf7-form-control wpcf7-acceptance\"><span class=\"wpcf7-list-item\"><label><input type=\"checkbox\" name=\"acepto-rgpd\" value=\"1\" aria-invalid=\"false\" \/><span class=\"wpcf7-list-item-label\">I Accept the privacy policy<\/span><\/label><\/span><\/span><\/span>\n<\/p>\n<p style=\"text-align:center\"><input class=\"wpcf7-form-control wpcf7-submit has-spinner\" type=\"submit\" value=\"Send\" \/>\n<\/p><div class=\"wpcf7-response-output\" aria-hidden=\"true\"><\/div>\n<\/form>\n<\/div>\n\n<\/div>\n<\/div>\n","protected":false},"excerpt":{"rendered":"<p>Reliability and soundnessin engineering analysis Our team of multidisciplinary senior engineersare at your service for software implantation and for advanced simulations accomplishment. We help companies&hellip; <a class=\"more-link\" href=\"https:\/\/www.compassis.com\/en\/consultancy\/\">Continue reading <span class=\"screen-reader-text\">Consultancy<\/span><\/a><\/p>\n","protected":false},"author":7,"featured_media":2255,"parent":0,"menu_order":0,"comment_status":"closed","ping_status":"closed","template":"","meta":{"footnotes":""},"class_list":["post-2283","page","type-page","status-publish","has-post-thumbnail","hentry","entry"],"yoast_head":"<!-- This site is optimized with the Yoast SEO plugin v27.2 - https:\/\/yoast.com\/product\/yoast-seo-wordpress\/ -->\n<title>Consultancy - Consultancy for design in engineering<\/title>\n<meta name=\"description\" content=\"Servicios de consultor\u00eda en la implantaci\u00f3n de software y la ejecuci\u00f3n de simulaciones avanzadas. Ingenier\u00eda naval, mar\u00edtima, offshore, civil y geot\u00e9cnica\" \/>\n<meta name=\"robots\" content=\"index, follow, max-snippet:-1, max-image-preview:large, max-video-preview:-1\" \/>\n<link rel=\"canonical\" href=\"https:\/\/www.compassis.com\/en\/consultancy\/\" \/>\n<meta property=\"og:locale\" content=\"en_US\" \/>\n<meta property=\"og:type\" content=\"article\" \/>\n<meta property=\"og:title\" content=\"Consultancy - Consultancy for design in engineering\" \/>\n<meta property=\"og:description\" content=\"Servicios de consultor\u00eda en la implantaci\u00f3n de software y la ejecuci\u00f3n de simulaciones avanzadas. Ingenier\u00eda naval, mar\u00edtima, offshore, civil y geot\u00e9cnica\" \/>\n<meta property=\"og:url\" content=\"https:\/\/www.compassis.com\/en\/consultancy\/\" \/>\n<meta property=\"og:site_name\" content=\"Consultancy for design in engineering\" \/>\n<meta property=\"article:modified_time\" content=\"2022-07-13T10:54:10+00:00\" \/>\n<meta property=\"og:image\" content=\"https:\/\/www.compassis.com\/downloads\/2022\/03\/empresa-consultoria-new2.jpg\" \/>\n\t<meta property=\"og:image:width\" content=\"1920\" \/>\n\t<meta property=\"og:image:height\" content=\"447\" \/>\n\t<meta property=\"og:image:type\" content=\"image\/jpeg\" \/>\n<meta name=\"twitter:card\" content=\"summary_large_image\" \/>\n<meta name=\"twitter:label1\" content=\"Est. reading time\" \/>\n\t<meta name=\"twitter:data1\" content=\"1 minute\" \/>\n<script type=\"application\/ld+json\" class=\"yoast-schema-graph\">{\"@context\":\"https:\/\/schema.org\",\"@graph\":[{\"@type\":\"WebPage\",\"@id\":\"https:\/\/www.compassis.com\/en\/consultancy\/\",\"url\":\"https:\/\/www.compassis.com\/en\/consultancy\/\",\"name\":\"Consultancy - Consultancy for design in engineering\",\"isPartOf\":{\"@id\":\"https:\/\/www.compassis.com\/en\/#website\"},\"primaryImageOfPage\":{\"@id\":\"https:\/\/www.compassis.com\/en\/consultancy\/#primaryimage\"},\"image\":{\"@id\":\"https:\/\/www.compassis.com\/en\/consultancy\/#primaryimage\"},\"thumbnailUrl\":\"https:\/\/www.compassis.com\/downloads\/2022\/03\/empresa-consultoria-new2.jpg\",\"datePublished\":\"2021-11-05T16:33:00+00:00\",\"dateModified\":\"2022-07-13T10:54:10+00:00\",\"description\":\"Servicios de consultor\u00eda en la implantaci\u00f3n de software y la ejecuci\u00f3n de simulaciones avanzadas. Ingenier\u00eda naval, mar\u00edtima, offshore, civil y geot\u00e9cnica\",\"breadcrumb\":{\"@id\":\"https:\/\/www.compassis.com\/en\/consultancy\/#breadcrumb\"},\"inLanguage\":\"en-US\",\"potentialAction\":[{\"@type\":\"ReadAction\",\"target\":[\"https:\/\/www.compassis.com\/en\/consultancy\/\"]}]},{\"@type\":\"ImageObject\",\"inLanguage\":\"en-US\",\"@id\":\"https:\/\/www.compassis.com\/en\/consultancy\/#primaryimage\",\"url\":\"https:\/\/www.compassis.com\/downloads\/2022\/03\/empresa-consultoria-new2.jpg\",\"contentUrl\":\"https:\/\/www.compassis.com\/downloads\/2022\/03\/empresa-consultoria-new2.jpg\",\"width\":1920,\"height\":447},{\"@type\":\"BreadcrumbList\",\"@id\":\"https:\/\/www.compassis.com\/en\/consultancy\/#breadcrumb\",\"itemListElement\":[{\"@type\":\"ListItem\",\"position\":1,\"name\":\"Home\",\"item\":\"https:\/\/www.compassis.com\/en\/\"},{\"@type\":\"ListItem\",\"position\":2,\"name\":\"Consultancy\"}]},{\"@type\":\"WebSite\",\"@id\":\"https:\/\/www.compassis.com\/en\/#website\",\"url\":\"https:\/\/www.compassis.com\/en\/\",\"name\":\"Consultancy for design in engineering\",\"description\":\"Ingenier\u00eda y Sistemas\",\"publisher\":{\"@id\":\"https:\/\/www.compassis.com\/en\/#organization\"},\"potentialAction\":[{\"@type\":\"SearchAction\",\"target\":{\"@type\":\"EntryPoint\",\"urlTemplate\":\"https:\/\/www.compassis.com\/en\/?s={search_term_string}\"},\"query-input\":{\"@type\":\"PropertyValueSpecification\",\"valueRequired\":true,\"valueName\":\"search_term_string\"}}],\"inLanguage\":\"en-US\"},{\"@type\":\"Organization\",\"@id\":\"https:\/\/www.compassis.com\/en\/#organization\",\"name\":\"Compass\",\"url\":\"https:\/\/www.compassis.com\/en\/\",\"logo\":{\"@type\":\"ImageObject\",\"inLanguage\":\"en-US\",\"@id\":\"https:\/\/www.compassis.com\/en\/#\/schema\/logo\/image\/\",\"url\":\"https:\/\/www.compassis.com\/downloads\/2022\/07\/COMPASS_logo_Tdyn_Icono_256x.png\",\"contentUrl\":\"https:\/\/www.compassis.com\/downloads\/2022\/07\/COMPASS_logo_Tdyn_Icono_256x.png\",\"width\":256,\"height\":256,\"caption\":\"Compass\"},\"image\":{\"@id\":\"https:\/\/www.compassis.com\/en\/#\/schema\/logo\/image\/\"},\"sameAs\":[\"https:\/\/www.linkedin.com\/company\/1264339\/admin\/\"]}]}<\/script>\n<!-- \/ Yoast SEO plugin. -->","yoast_head_json":{"title":"Consultancy - Consultancy for design in engineering","description":"Servicios de consultor\u00eda en la implantaci\u00f3n de software y la ejecuci\u00f3n de simulaciones avanzadas. Ingenier\u00eda naval, mar\u00edtima, offshore, civil y geot\u00e9cnica","robots":{"index":"index","follow":"follow","max-snippet":"max-snippet:-1","max-image-preview":"max-image-preview:large","max-video-preview":"max-video-preview:-1"},"canonical":"https:\/\/www.compassis.com\/en\/consultancy\/","og_locale":"en_US","og_type":"article","og_title":"Consultancy - Consultancy for design in engineering","og_description":"Servicios de consultor\u00eda en la implantaci\u00f3n de software y la ejecuci\u00f3n de simulaciones avanzadas. Ingenier\u00eda naval, mar\u00edtima, offshore, civil y geot\u00e9cnica","og_url":"https:\/\/www.compassis.com\/en\/consultancy\/","og_site_name":"Consultancy for design in engineering","article_modified_time":"2022-07-13T10:54:10+00:00","og_image":[{"width":1920,"height":447,"url":"https:\/\/www.compassis.com\/downloads\/2022\/03\/empresa-consultoria-new2.jpg","type":"image\/jpeg"}],"twitter_card":"summary_large_image","twitter_misc":{"Est. reading time":"1 minute"},"schema":{"@context":"https:\/\/schema.org","@graph":[{"@type":"WebPage","@id":"https:\/\/www.compassis.com\/en\/consultancy\/","url":"https:\/\/www.compassis.com\/en\/consultancy\/","name":"Consultancy - Consultancy for design in engineering","isPartOf":{"@id":"https:\/\/www.compassis.com\/en\/#website"},"primaryImageOfPage":{"@id":"https:\/\/www.compassis.com\/en\/consultancy\/#primaryimage"},"image":{"@id":"https:\/\/www.compassis.com\/en\/consultancy\/#primaryimage"},"thumbnailUrl":"https:\/\/www.compassis.com\/downloads\/2022\/03\/empresa-consultoria-new2.jpg","datePublished":"2021-11-05T16:33:00+00:00","dateModified":"2022-07-13T10:54:10+00:00","description":"Servicios de consultor\u00eda en la implantaci\u00f3n de software y la ejecuci\u00f3n de simulaciones avanzadas. Ingenier\u00eda naval, mar\u00edtima, offshore, civil y geot\u00e9cnica","breadcrumb":{"@id":"https:\/\/www.compassis.com\/en\/consultancy\/#breadcrumb"},"inLanguage":"en-US","potentialAction":[{"@type":"ReadAction","target":["https:\/\/www.compassis.com\/en\/consultancy\/"]}]},{"@type":"ImageObject","inLanguage":"en-US","@id":"https:\/\/www.compassis.com\/en\/consultancy\/#primaryimage","url":"https:\/\/www.compassis.com\/downloads\/2022\/03\/empresa-consultoria-new2.jpg","contentUrl":"https:\/\/www.compassis.com\/downloads\/2022\/03\/empresa-consultoria-new2.jpg","width":1920,"height":447},{"@type":"BreadcrumbList","@id":"https:\/\/www.compassis.com\/en\/consultancy\/#breadcrumb","itemListElement":[{"@type":"ListItem","position":1,"name":"Home","item":"https:\/\/www.compassis.com\/en\/"},{"@type":"ListItem","position":2,"name":"Consultancy"}]},{"@type":"WebSite","@id":"https:\/\/www.compassis.com\/en\/#website","url":"https:\/\/www.compassis.com\/en\/","name":"Consultancy for design in engineering","description":"Ingenier\u00eda y Sistemas","publisher":{"@id":"https:\/\/www.compassis.com\/en\/#organization"},"potentialAction":[{"@type":"SearchAction","target":{"@type":"EntryPoint","urlTemplate":"https:\/\/www.compassis.com\/en\/?s={search_term_string}"},"query-input":{"@type":"PropertyValueSpecification","valueRequired":true,"valueName":"search_term_string"}}],"inLanguage":"en-US"},{"@type":"Organization","@id":"https:\/\/www.compassis.com\/en\/#organization","name":"Compass","url":"https:\/\/www.compassis.com\/en\/","logo":{"@type":"ImageObject","inLanguage":"en-US","@id":"https:\/\/www.compassis.com\/en\/#\/schema\/logo\/image\/","url":"https:\/\/www.compassis.com\/downloads\/2022\/07\/COMPASS_logo_Tdyn_Icono_256x.png","contentUrl":"https:\/\/www.compassis.com\/downloads\/2022\/07\/COMPASS_logo_Tdyn_Icono_256x.png","width":256,"height":256,"caption":"Compass"},"image":{"@id":"https:\/\/www.compassis.com\/en\/#\/schema\/logo\/image\/"},"sameAs":["https:\/\/www.linkedin.com\/company\/1264339\/admin\/"]}]}},"_links":{"self":[{"href":"https:\/\/www.compassis.com\/en\/wp-json\/wp\/v2\/pages\/2283","targetHints":{"allow":["GET"]}}],"collection":[{"href":"https:\/\/www.compassis.com\/en\/wp-json\/wp\/v2\/pages"}],"about":[{"href":"https:\/\/www.compassis.com\/en\/wp-json\/wp\/v2\/types\/page"}],"author":[{"embeddable":true,"href":"https:\/\/www.compassis.com\/en\/wp-json\/wp\/v2\/users\/7"}],"replies":[{"embeddable":true,"href":"https:\/\/www.compassis.com\/en\/wp-json\/wp\/v2\/comments?post=2283"}],"version-history":[{"count":4,"href":"https:\/\/www.compassis.com\/en\/wp-json\/wp\/v2\/pages\/2283\/revisions"}],"predecessor-version":[{"id":2935,"href":"https:\/\/www.compassis.com\/en\/wp-json\/wp\/v2\/pages\/2283\/revisions\/2935"}],"wp:featuredmedia":[{"embeddable":true,"href":"https:\/\/www.compassis.com\/en\/wp-json\/wp\/v2\/media\/2255"}],"wp:attachment":[{"href":"https:\/\/www.compassis.com\/en\/wp-json\/wp\/v2\/media?parent=2283"}],"curies":[{"name":"wp","href":"https:\/\/api.w.org\/{rel}","templated":true}]}}